{"id":1234,"date":"2024-11-29T10:04:39","date_gmt":"2024-11-29T10:04:39","guid":{"rendered":"https:\/\/jdtestchamber.com\/?post_type=product&#038;p=1234"},"modified":"2024-12-19T07:28:04","modified_gmt":"2024-12-19T07:28:04","slug":"tu-thu-nghiem-sac-va-xa-6","status":"publish","type":"product","link":"https:\/\/jdtestchamber.com\/vi\/s\u1ea3n ph\u1ea9m\/tu-thu-nghiem-sac-va-xa-6\/","title":{"rendered":"T\u1ee7 th\u1eed nghi\u1ec7m s\u1ea1c v\u00e0 x\u1ea3"},"content":{"rendered":"<p>T\u1ed5ng quan v\u1ec1 thi\u1ebft b\u1ecb:<br \/>\n\u0110\u00e2y l\u00e0 m\u1ed9t m\u00e1y ki\u1ec3m tra pin c\u00f3 \u0111\u1ed9 ch\u00ednh x\u00e1c cao v\u00e0 hi\u1ec7u su\u1ea5t cao, thi\u1ebft l\u1eadp c\u00e1c th\u00f4ng s\u1ed1 trong ph\u1ea7n m\u1ec1m m\u00e1y t\u00ednh \u0111\u1ec3 s\u1ea1c v\u00e0 x\u1ea3 nhi\u1ec1u lo\u1ea1i cell ho\u1eb7c b\u1ed9 pin, \u0111\u01b0\u1ee3c s\u1eed d\u1ee5ng \u0111\u1ec3 ki\u1ec3m tra dung l\u01b0\u1ee3ng pin\/\u0111i\u1ec7n \u00e1p\/d\u00f2ng \u0111i\u1ec7n\/t\u1ed1c \u0111\u1ed9\/s\u1ea1c qu\u00e1 m\u1ee9c\/x\u1ea3 qu\u00e1 m\u1ee9c\/tu\u1ed5i th\u1ecd chu k\u1ef3 v\u00e0 c\u00e1c hi\u1ec7u su\u1ea5t kh\u00e1c. C\u00e1c thi\u1ebft b\u1ecb tuy\u1ebfn t\u00ednh truy\u1ec1n th\u1ed1ng c\u00f3 \u0111\u1ed9 ch\u00ednh x\u00e1c cao (v\u1edbi ph\u1ea1m vi m\u1eb7c \u0111\u1ecbnh t\u1eeb 1000 \u0111\u1ebfn 5000) v\u00e0 hi\u1ec7u su\u1ea5t \u1ed5n \u0111\u1ecbnh. Ki\u1ec3m so\u00e1t m\u1ed9t \u0111i\u1ec3m, s\u1eed d\u1ee5ng ph\u01b0\u01a1ng ph\u00e1p ki\u1ec3m so\u00e1t v\u00f2ng l\u1eb7p k\u00e9p c\u1ee7a ngu\u1ed3n d\u00f2ng \u0111i\u1ec7n kh\u00f4ng \u0111\u1ed5i v\u00e0 ngu\u1ed3n \u0111i\u1ec7n \u00e1p kh\u00f4ng \u0111\u1ed5i. \u0110\u01b0\u1ee3c k\u1ebft n\u1ed1i v\u1edbi m\u00e1y t\u00ednh th\u00f4ng qua c\u1ed5ng Ethernet, r\u1ea5t ti\u1ec7n l\u1ee3i v\u00e0 linh ho\u1ea1t, c\u00f3 th\u1ec3 th\u00eam nhi\u1ec1u thi\u1ebft b\u1ecb h\u01a1n b\u1ea5t k\u1ef3 l\u00fac n\u00e0o th\u00f4ng qua m\u1ed9t c\u00f4ng t\u1eafc.<\/p>\n<p>\u0111\u1eb7c \u0111i\u1ec3m:<br \/>\n380V50HZ, h\u1ed7 tr\u1ee3 c\u00e1c t\u00f9y ch\u1ec9nh kh\u00e1c<br \/>\nTuy\u1ebfn t\u00ednh truy\u1ec1n th\u1ed1ng, \u0111\u1ed9 ch\u00ednh x\u00e1c cao, \u1ed5n \u0111\u1ecbnh<br \/>\n\u0110\u1ed9 ch\u00ednh x\u00e1c m\u1ed9t ng\u00e0n, c\u00f3 kh\u1ea3 n\u0103ng l\u00ean \u0111\u1ebfn n\u0103m ng\u00e0n<br \/>\nH\u1ed7 tr\u1ee3 ph\u1ea7n m\u1ec1m ch\u1ed1ng k\u1ebft n\u1ed1i ng\u01b0\u1ee3c<br \/>\nB\u1ea3o v\u1ec7 qu\u00e1 d\u00f2ng\/qu\u00e1 \u00e1p\/th\u1ea5p \u00e1p b\u1eb1ng ph\u1ea7n m\u1ec1m<br \/>\nPh\u1ea7n m\u1ec1m \u0111\u01a1n gi\u1ea3n v\u00e0 h\u1ed7 tr\u1ee3 chuy\u1ec3n \u0111\u1ed5i gi\u1eefa ti\u1ebfng Trung v\u00e0 ti\u1ebfng Anh<br \/>\nM\u1ed7i k\u00eanh \u0111\u01b0\u1ee3c \u0111i\u1ec1u khi\u1ec3n \u0111\u1ed9c l\u1eadp<br \/>\nS\u1ea1c v\u00e0 x\u1ea3 tr\u00ean c\u00f9ng m\u1ed9t c\u1ed5ng, h\u1ed7 tr\u1ee3 t\u00f9y ch\u1ec9nh cho c\u00e1c c\u1ed5ng kh\u00e1c nhau<br \/>\nH\u1ed7 tr\u1ee3 x\u1ea3 s\u00e2u (b\u1eaft bu\u1ed9c) t\u00f9y ch\u1ec9nh<br \/>\nC\u00f3 th\u1ec3 l\u00e0m vi\u1ec7c v\u1edbi \u0111\u1ed3ng h\u1ed3 \u0111o nhi\u1ec7t \u0111\u1ed9 c\u1ee7a ch\u00fang t\u00f4i<br \/>\nH\u1ed7 tr\u1ee3 giao th\u1ee9c truy\u1ec1n th\u00f4ng BMS t\u00f9y ch\u1ec9nh<br \/>\nThu th\u1eadp m\u1ed9t l\u1ea7n m\u1ed7i gi\u00e2y, c\u00f3 th\u1ec3 t\u00f9y ch\u1ec9nh c\u00e1c t\u00f9y ch\u1ecdn kh\u00e1c<br \/>\nH\u1ed7 tr\u1ee3 t\u00f9y ch\u1ec9nh c\u00e1c giao di\u1ec7n t\u00edn hi\u1ec7u kh\u00e1c<br \/>\nK\u00eanh chung, h\u1ed7 tr\u1ee3 lo\u1ea1i c\u00e1ch ly t\u00f9y ch\u1ec9nh<br \/>\nNhi\u1ec1u ph\u1ea1m vi t\u00f9y ch\u1ec9nh<\/p>","protected":false},"excerpt":{"rendered":"<p>\u0110\u00e2y l\u00e0 m\u1ed9t m\u00e1y ki\u1ec3m tra pin c\u00f3 \u0111\u1ed9 ch\u00ednh x\u00e1c cao v\u00e0 hi\u1ec7u su\u1ea5t cao, thi\u1ebft l\u1eadp c\u00e1c th\u00f4ng s\u1ed1 trong ph\u1ea7n m\u1ec1m m\u00e1y t\u00ednh \u0111\u1ec3 s\u1ea1c v\u00e0 x\u1ea3 nhi\u1ec1u lo\u1ea1i cell ho\u1eb7c b\u1ed9 pin, \u0111\u01b0\u1ee3c s\u1eed d\u1ee5ng \u0111\u1ec3 ki\u1ec3m tra dung l\u01b0\u1ee3ng pin\/\u0111i\u1ec7n \u00e1p\/d\u00f2ng \u0111i\u1ec7n\/t\u1ed1c \u0111\u1ed9\/s\u1ea1c qu\u00e1 m\u1ee9c\/x\u1ea3 qu\u00e1 m\u1ee9c\/tu\u1ed5i th\u1ecd chu k\u1ef3 v\u00e0 c\u00e1c hi\u1ec7u su\u1ea5t kh\u00e1c. C\u00e1c thi\u1ebft b\u1ecb tuy\u1ebfn t\u00ednh truy\u1ec1n th\u1ed1ng c\u00f3 \u0111\u1ed9 ch\u00ednh x\u00e1c cao (v\u1edbi ph\u1ea1m vi m\u1eb7c \u0111\u1ecbnh t\u1eeb 1000 \u0111\u1ebfn 5000) v\u00e0 hi\u1ec7u su\u1ea5t \u1ed5n \u0111\u1ecbnh. Ki\u1ec3m so\u00e1t m\u1ed9t \u0111i\u1ec3m, s\u1eed d\u1ee5ng ph\u01b0\u01a1ng ph\u00e1p ki\u1ec3m so\u00e1t v\u00f2ng l\u1eb7p k\u00e9p c\u1ee7a ngu\u1ed3n d\u00f2ng \u0111i\u1ec7n kh\u00f4ng \u0111\u1ed5i v\u00e0 ngu\u1ed3n \u0111i\u1ec7n \u00e1p kh\u00f4ng \u0111\u1ed5i. \u0110\u01b0\u1ee3c k\u1ebft n\u1ed1i v\u1edbi m\u00e1y t\u00ednh th\u00f4ng qua c\u1ed5ng Ethernet, r\u1ea5t ti\u1ec7n l\u1ee3i v\u00e0 linh ho\u1ea1t, c\u00f3 th\u1ec3 th\u00eam nhi\u1ec1u thi\u1ebft b\u1ecb h\u01a1n b\u1ea5t k\u1ef3 l\u00fac n\u00e0o th\u00f4ng qua m\u1ed9t c\u00f4ng t\u1eafc.<\/p>","protected":false},"featured_media":1235,"template":"","meta":{"site-sidebar-layout":"default","site-content-layout":"","ast-site-content-layout":"default","site-content-style":"default","site-sidebar-style":"default","ast-global-header-display":"","ast-banner-title-visibility":"","ast-main-header-display":"","ast-hfb-above-header-display":"","ast-hfb-below-header-display":"","ast-hfb-mobile-header-display":"","site-post-title":"","ast-breadcrumbs-content":"","ast-featured-img":"","footer-sml-layout":"","ast-disable-related-posts":"","theme-transparent-header-meta":"default","adv-header-id-meta":"","stick-header-meta":"","header-above-stick-meta":"","header-main-stick-meta":"","header-below-stick-meta":"","astra-migrate-meta-layouts":"set","ast-page-background-enabled":"default","ast-page-background-meta":{"desktop":{"background-color":"var(--ast-global-color-4)","background-image":"","background-repeat":"repeat","background-position":"center center","background-size":"auto","background-attachment":"scroll","background-type":"","background-media":"","overlay-type":"","overlay-color":"","overlay-opacity":"","overlay-gradient":""},"tablet":{"background-color":"","background-image":"","background-repeat":"repeat","background-position":"center center","background-size":"auto","background-attachment":"scroll","background-type":"","background-media":"","overlay-type":"","overlay-color":"","overlay-opacity":"","overlay-gradient":""},"mobile":{"background-color":"","background-image":"","background-repeat":"repeat","background-position":"center center","background-size":"auto","background-attachment":"scroll","background-type":"","background-media":"","overlay-type":"","overlay-color":"","overlay-opacity":"","overlay-gradient":""}},"ast-content-background-meta":{"desktop":{"background-color":"var(--ast-global-color-5)","background-image":"","background-repeat":"repeat","background-position":"center center","background-size":"auto","background-attachment":"scroll","background-type":"","background-media":"","overlay-type":"","overlay-color":"","overlay-opacity":"","overlay-gradient":""},"tablet":{"background-color":"var(--ast-global-color-5)","background-image":"","background-repeat":"repeat","background-position":"center center","background-size":"auto","background-attachment":"scroll","background-type":"","background-media":"","overlay-type":"","overlay-color":"","overlay-opacity":"","overlay-gradient":""},"mobile":{"background-color":"var(--ast-global-color-5)","background-image":"","background-repeat":"repeat","background-position":"center center","background-size":"auto","background-attachment":"scroll","background-type":"","background-media":"","overlay-type":"","overlay-color":"","overlay-opacity":"","overlay-gradient":""}}},"product_brand":[],"product_cat":[29],"product_tag":[],"class_list":{"0":"post-1234","1":"product","2":"type-product","3":"status-publish","4":"has-post-thumbnail","6":"product_cat-charge-discharge-series","7":"desktop-align-left","8":"tablet-align-left","9":"mobile-align-left","11":"first","12":"instock","13":"shipping-taxable","14":"product-type-simple"},"yoast_head":"<!-- This site is optimized with the Yoast SEO plugin v23.9 - https:\/\/yoast.com\/wordpress\/plugins\/seo\/ -->\n<title>Charge and discharge test cabinet - Battery testing equipment series, environmental testing chamber series<\/title>\n<meta name=\"robots\" content=\"index, follow, max-snippet:-1, max-image-preview:large, max-video-preview:-1\" \/>\n<link rel=\"canonical\" href=\"https:\/\/jdtestchamber.com\/vi\/s\u1ea3n%20ph\u1ea9m\/tu-thu-nghiem-sac-va-xa-6\/\" \/>\n<meta property=\"og:locale\" content=\"vi_VN\" \/>\n<meta property=\"og:type\" content=\"article\" \/>\n<meta property=\"og:title\" content=\"Charge and discharge test cabinet - Battery testing equipment series, environmental testing chamber series\" \/>\n<meta property=\"og:description\" content=\"This is a high-precision and high-performance battery tester that sets parameters in computer software to charge and discharge various cells or battery packs, used to test battery capacity\/voltage\/current\/rate\/overcharge\/overdischarge\/cycle life and other performance. Traditional linear devices have high precision (with a default range of 1000 to 5000) and stable performance. Single point control, using a dual loop control method of constant current source and constant voltage source. Connected to the computer through an Ethernet port, it is convenient and flexible, and more devices can be added at any time through a switch.\" \/>\n<meta property=\"og:url\" content=\"https:\/\/jdtestchamber.com\/vi\/s\u1ea3n ph\u1ea9m\/tu-thu-nghiem-sac-va-xa-6\/\" \/>\n<meta property=\"og:site_name\" content=\"Battery testing equipment series, environmental testing chamber series\" \/>\n<meta property=\"article:modified_time\" content=\"2024-12-19T07:28:04+00:00\" \/>\n<meta property=\"og:image\" content=\"https:\/\/jdtestchamber.com\/wp-content\/uploads\/2024\/11\/3.jpg\" \/>\n\t<meta property=\"og:image:width\" content=\"1500\" \/>\n\t<meta property=\"og:image:height\" content=\"1500\" \/>\n\t<meta property=\"og:image:type\" content=\"image\/jpeg\" \/>\n<meta name=\"twitter:card\" content=\"summary_large_image\" \/>\n<meta name=\"twitter:label1\" content=\"\u01af\u1edbc t\u00ednh th\u1eddi gian \u0111\u1ecdc\" \/>\n\t<meta name=\"twitter:data1\" content=\"2 ph\u00fat\" \/>\n<script type=\"application\/ld+json\" class=\"yoast-schema-graph\">{\"@context\":\"https:\/\/schema.org\",\"@graph\":[{\"@type\":\"WebPage\",\"@id\":\"https:\/\/jdtestchamber.com\/product\/charge-and-discharge-test-cabinet-6\/\",\"url\":\"https:\/\/jdtestchamber.com\/product\/charge-and-discharge-test-cabinet-6\/\",\"name\":\"Charge and discharge test cabinet - Battery testing equipment series, environmental testing chamber series\",\"isPartOf\":{\"@id\":\"https:\/\/jdtestchamber.com\/#website\"},\"primaryImageOfPage\":{\"@id\":\"https:\/\/jdtestchamber.com\/product\/charge-and-discharge-test-cabinet-6\/#primaryimage\"},\"image\":{\"@id\":\"https:\/\/jdtestchamber.com\/product\/charge-and-discharge-test-cabinet-6\/#primaryimage\"},\"thumbnailUrl\":\"https:\/\/jdtestchamber.com\/wp-content\/uploads\/2024\/11\/3.jpg\",\"datePublished\":\"2024-11-29T10:04:39+00:00\",\"dateModified\":\"2024-12-19T07:28:04+00:00\",\"breadcrumb\":{\"@id\":\"https:\/\/jdtestchamber.com\/product\/charge-and-discharge-test-cabinet-6\/#breadcrumb\"},\"inLanguage\":\"vi\",\"potentialAction\":[{\"@type\":\"ReadAction\",\"target\":[\"https:\/\/jdtestchamber.com\/product\/charge-and-discharge-test-cabinet-6\/\"]}]},{\"@type\":\"ImageObject\",\"inLanguage\":\"vi\",\"@id\":\"https:\/\/jdtestchamber.com\/product\/charge-and-discharge-test-cabinet-6\/#primaryimage\",\"url\":\"https:\/\/jdtestchamber.com\/wp-content\/uploads\/2024\/11\/3.jpg\",\"contentUrl\":\"https:\/\/jdtestchamber.com\/wp-content\/uploads\/2024\/11\/3.jpg\",\"width\":1500,\"height\":1500},{\"@type\":\"BreadcrumbList\",\"@id\":\"https:\/\/jdtestchamber.com\/product\/charge-and-discharge-test-cabinet-6\/#breadcrumb\",\"itemListElement\":[{\"@type\":\"ListItem\",\"position\":1,\"name\":\"Home\",\"item\":\"https:\/\/jdtestchamber.com\/\"},{\"@type\":\"ListItem\",\"position\":2,\"name\":\"Product\",\"item\":\"https:\/\/jdtestchamber.com\/product\/\"},{\"@type\":\"ListItem\",\"position\":3,\"name\":\"Charge and discharge test cabinet\"}]},{\"@type\":\"WebSite\",\"@id\":\"https:\/\/jdtestchamber.com\/#website\",\"url\":\"https:\/\/jdtestchamber.com\/\",\"name\":\"Battery testing equipment series, environmental testing chamber series\",\"description\":\"Manufacturer of experimental equipment\",\"publisher\":{\"@id\":\"https:\/\/jdtestchamber.com\/#organization\"},\"potentialAction\":[{\"@type\":\"SearchAction\",\"target\":{\"@type\":\"EntryPoint\",\"urlTemplate\":\"https:\/\/jdtestchamber.com\/?s={search_term_string}\"},\"query-input\":{\"@type\":\"PropertyValueSpecification\",\"valueRequired\":true,\"valueName\":\"search_term_string\"}}],\"inLanguage\":\"vi\"},{\"@type\":\"Organization\",\"@id\":\"https:\/\/jdtestchamber.com\/#organization\",\"name\":\"Battery testing equipment series, environmental testing chamber series\",\"url\":\"https:\/\/jdtestchamber.com\/\",\"logo\":{\"@type\":\"ImageObject\",\"inLanguage\":\"vi\",\"@id\":\"https:\/\/jdtestchamber.com\/#\/schema\/logo\/image\/\",\"url\":\"https:\/\/jdtestchamber.com\/wp-content\/uploads\/2024\/12\/LOGO03.png\",\"contentUrl\":\"https:\/\/jdtestchamber.com\/wp-content\/uploads\/2024\/12\/LOGO03.png\",\"width\":776,\"height\":225,\"caption\":\"Battery testing equipment series, environmental testing chamber series\"},\"image\":{\"@id\":\"https:\/\/jdtestchamber.com\/#\/schema\/logo\/image\/\"}}]}<\/script>\n<!-- \/ Yoast SEO plugin. -->","yoast_head_json":{"title":"T\u1ee7 th\u1eed s\u1ea1c v\u00e0 x\u1ea3 - D\u00f2ng thi\u1ebft b\u1ecb th\u1eed pin, d\u00f2ng bu\u1ed3ng th\u1eed m\u00f4i tr\u01b0\u1eddng","robots":{"index":"index","follow":"follow","max-snippet":"max-snippet:-1","max-image-preview":"max-image-preview:large","max-video-preview":"max-video-preview:-1"},"canonical":"https:\/\/jdtestchamber.com\/vi\/s\u1ea3n ph\u1ea9m\/tu-thu-nghiem-sac-va-xa-6\/","og_locale":"vi_VN","og_type":"article","og_title":"Charge and discharge test cabinet - Battery testing equipment series, environmental testing chamber series","og_description":"This is a high-precision and high-performance battery tester that sets parameters in computer software to charge and discharge various cells or battery packs, used to test battery capacity\/voltage\/current\/rate\/overcharge\/overdischarge\/cycle life and other performance. Traditional linear devices have high precision (with a default range of 1000 to 5000) and stable performance. Single point control, using a dual loop control method of constant current source and constant voltage source. Connected to the computer through an Ethernet port, it is convenient and flexible, and more devices can be added at any time through a switch.","og_url":"https:\/\/jdtestchamber.com\/vi\/s\u1ea3n ph\u1ea9m\/tu-thu-nghiem-sac-va-xa-6\/","og_site_name":"Battery testing equipment series, environmental testing chamber series","article_modified_time":"2024-12-19T07:28:04+00:00","og_image":[{"width":1500,"height":1500,"url":"https:\/\/jdtestchamber.com\/wp-content\/uploads\/2024\/11\/3.jpg","type":"image\/jpeg"}],"twitter_card":"summary_large_image","twitter_misc":{"\u01af\u1edbc t\u00ednh th\u1eddi gian \u0111\u1ecdc":"2 ph\u00fat"},"schema":{"@context":"https:\/\/schema.org","@graph":[{"@type":"WebPage","@id":"https:\/\/jdtestchamber.com\/product\/charge-and-discharge-test-cabinet-6\/","url":"https:\/\/jdtestchamber.com\/product\/charge-and-discharge-test-cabinet-6\/","name":"T\u1ee7 th\u1eed s\u1ea1c v\u00e0 x\u1ea3 - D\u00f2ng thi\u1ebft b\u1ecb th\u1eed pin, d\u00f2ng bu\u1ed3ng th\u1eed m\u00f4i tr\u01b0\u1eddng","isPartOf":{"@id":"https:\/\/jdtestchamber.com\/#website"},"primaryImageOfPage":{"@id":"https:\/\/jdtestchamber.com\/product\/charge-and-discharge-test-cabinet-6\/#primaryimage"},"image":{"@id":"https:\/\/jdtestchamber.com\/product\/charge-and-discharge-test-cabinet-6\/#primaryimage"},"thumbnailUrl":"https:\/\/jdtestchamber.com\/wp-content\/uploads\/2024\/11\/3.jpg","datePublished":"2024-11-29T10:04:39+00:00","dateModified":"2024-12-19T07:28:04+00:00","breadcrumb":{"@id":"https:\/\/jdtestchamber.com\/product\/charge-and-discharge-test-cabinet-6\/#breadcrumb"},"inLanguage":"vi","potentialAction":[{"@type":"ReadAction","target":["https:\/\/jdtestchamber.com\/product\/charge-and-discharge-test-cabinet-6\/"]}]},{"@type":"ImageObject","inLanguage":"vi","@id":"https:\/\/jdtestchamber.com\/product\/charge-and-discharge-test-cabinet-6\/#primaryimage","url":"https:\/\/jdtestchamber.com\/wp-content\/uploads\/2024\/11\/3.jpg","contentUrl":"https:\/\/jdtestchamber.com\/wp-content\/uploads\/2024\/11\/3.jpg","width":1500,"height":1500},{"@type":"BreadcrumbList","@id":"https:\/\/jdtestchamber.com\/product\/charge-and-discharge-test-cabinet-6\/#breadcrumb","itemListElement":[{"@type":"ListItem","position":1,"name":"Home","item":"https:\/\/jdtestchamber.com\/"},{"@type":"ListItem","position":2,"name":"Product","item":"https:\/\/jdtestchamber.com\/product\/"},{"@type":"ListItem","position":3,"name":"Charge and discharge test cabinet"}]},{"@type":"WebSite","@id":"https:\/\/jdtestchamber.com\/#website","url":"https:\/\/jdtestchamber.com\/","name":"D\u00f2ng thi\u1ebft b\u1ecb ki\u1ec3m tra pin, d\u00f2ng bu\u1ed3ng ki\u1ec3m tra m\u00f4i tr\u01b0\u1eddng","description":"Nh\u00e0 s\u1ea3n xu\u1ea5t thi\u1ebft b\u1ecb th\u00ed nghi\u1ec7m","publisher":{"@id":"https:\/\/jdtestchamber.com\/#organization"},"potentialAction":[{"@type":"SearchAction","target":{"@type":"EntryPoint","urlTemplate":"https:\/\/jdtestchamber.com\/?s={search_term_string}"},"query-input":{"@type":"PropertyValueSpecification","valueRequired":true,"valueName":"search_term_string"}}],"inLanguage":"vi"},{"@type":"Organization","@id":"https:\/\/jdtestchamber.com\/#organization","name":"D\u00f2ng thi\u1ebft b\u1ecb ki\u1ec3m tra pin, d\u00f2ng bu\u1ed3ng ki\u1ec3m tra m\u00f4i tr\u01b0\u1eddng","url":"https:\/\/jdtestchamber.com\/","logo":{"@type":"ImageObject","inLanguage":"vi","@id":"https:\/\/jdtestchamber.com\/#\/schema\/logo\/image\/","url":"https:\/\/jdtestchamber.com\/wp-content\/uploads\/2024\/12\/LOGO03.png","contentUrl":"https:\/\/jdtestchamber.com\/wp-content\/uploads\/2024\/12\/LOGO03.png","width":776,"height":225,"caption":"Battery testing equipment series, environmental testing chamber series"},"image":{"@id":"https:\/\/jdtestchamber.com\/#\/schema\/logo\/image\/"}}]}},"_links":{"self":[{"href":"https:\/\/jdtestchamber.com\/vi\/wp-json\/wp\/v2\/product\/1234","targetHints":{"allow":["GET"]}}],"collection":[{"href":"https:\/\/jdtestchamber.com\/vi\/wp-json\/wp\/v2\/product"}],"about":[{"href":"https:\/\/jdtestchamber.com\/vi\/wp-json\/wp\/v2\/types\/product"}],"wp:featuredmedia":[{"embeddable":true,"href":"https:\/\/jdtestchamber.com\/vi\/wp-json\/wp\/v2\/media\/1235"}],"wp:attachment":[{"href":"https:\/\/jdtestchamber.com\/vi\/wp-json\/wp\/v2\/media?parent=1234"}],"wp:term":[{"taxonomy":"product_brand","embeddable":true,"href":"https:\/\/jdtestchamber.com\/vi\/wp-json\/wp\/v2\/product_brand?post=1234"},{"taxonomy":"product_cat","embeddable":true,"href":"https:\/\/jdtestchamber.com\/vi\/wp-json\/wp\/v2\/product_cat?post=1234"},{"taxonomy":"product_tag","embeddable":true,"href":"https:\/\/jdtestchamber.com\/vi\/wp-json\/wp\/v2\/product_tag?post=1234"}],"curies":[{"name":"wp","href":"https:\/\/api.w.org\/{rel}","templated":true}]}}