{"id":1244,"date":"2024-11-29T10:22:29","date_gmt":"2024-11-29T10:22:29","guid":{"rendered":"https:\/\/jdtestchamber.com\/?post_type=product&#038;p=1244"},"modified":"2024-12-19T08:38:36","modified_gmt":"2024-12-19T08:38:36","slug":"buong-thu-nhiet-do-va-do-am-khong-doi-hardin","status":"publish","type":"product","link":"https:\/\/jdtestchamber.com\/vi\/s\u1ea3n ph\u1ea9m\/buong-thu-nhiet-do-va-do-am-khong-doi-hardin\/","title":{"rendered":"Bu\u1ed3ng th\u1eed nhi\u1ec7t \u0111\u1ed9 v\u00e0 \u0111\u1ed9 \u1ea9m kh\u00f4ng \u0111\u1ed5i Hardin"},"content":{"rendered":"","protected":false},"excerpt":{"rendered":"<p>Bu\u1ed3ng nhi\u1ec7t \u0111\u1ed9 v\u00e0 \u0111\u1ed9 \u1ea9m kh\u00f4ng \u0111\u1ed5i l\u00e0 thi\u1ebft b\u1ecb d\u00f9ng \u0111\u1ec3 ki\u1ec3m tra hi\u1ec7u su\u1ea5t c\u1ee7a s\u1ea3n ph\u1ea9m v\u00e0 v\u1eadt li\u1ec7u. \u0110\u00e2y l\u00e0 thi\u1ebft b\u1ecb ki\u1ec3m tra thi\u1ebft y\u1ebfu trong c\u00e1c l\u0129nh v\u1ef1c nh\u01b0 h\u00e0ng kh\u00f4ng, \u00f4 t\u00f4, nghi\u00ean c\u1ee9u khoa h\u1ecdc, \u0111i\u1ec7n t\u1eed, thi\u1ebft b\u1ecb \u0111i\u1ec7n v\u00e0 v\u1eadt li\u1ec7u x\u00e2y d\u1ef1ng. H\u1ed9p c\u1ee7a n\u00f3 c\u00f3 th\u1ec3 duy tr\u00ec c\u00e1c gi\u00e1 tr\u1ecb nhi\u1ec7t \u0111\u1ed9 v\u00e0 \u0111\u1ed9 \u1ea9m do ng\u01b0\u1eddi d\u00f9ng c\u00e0i \u0111\u1eb7t v\u00e0 c\u00e1c gi\u00e1 tr\u1ecb nhi\u1ec7t \u0111\u1ed9 v\u00e0 \u0111\u1ed9 \u1ea9m n\u00e0y c\u0169ng c\u00f3 th\u1ec3 \u0111\u01b0\u1ee3c thay \u0111\u1ed5i lu\u00e2n phi\u00ean th\u00f4ng qua c\u00e0i \u0111\u1eb7t ch\u01b0\u01a1ng tr\u00ecnh. Bu\u1ed3ng nhi\u1ec7t \u0111\u1ed9 v\u00e0 \u0111\u1ed9 \u1ea9m kh\u00f4ng \u0111\u1ed5i nhi\u1ec7t \u0111\u1ed9 th\u1ea5p v\u00e0 \u0111\u1ed9 \u1ea9m th\u1ea5p ch\u1ee7 y\u1ebfu \u0111\u01b0\u1ee3c s\u1eed d\u1ee5ng trong c\u00e1c ng\u00e0nh c\u00f4ng nghi\u1ec7p v\u00e0 khu v\u1ef1c nh\u01b0 \u0111i\u1ec7n t\u1eed v\u00e0 k\u1ef9 thu\u1eadt \u0111i\u1ec7n, \u00f4 t\u00f4 v\u00e0 xe m\u00e1y, h\u00e0ng kh\u00f4ng v\u0169 tr\u1ee5, \u0111\u00f3ng t\u00e0u v\u00e0 v\u0169 kh\u00ed, tr\u01b0\u1eddng \u0111\u1ea1i h\u1ecdc, vi\u1ec7n nghi\u00ean c\u1ee9u, v.v. Ch\u1ee7 y\u1ebfu \u0111\u01b0\u1ee3c s\u1eed d\u1ee5ng \u0111\u1ec3 s\u1ea3n xu\u1ea5t v\u00e0 duy tr\u00ec kh\u00f4ng gian c\u00f3 nhi\u1ec7t \u0111\u1ed9 v\u00e0 \u0111\u1ed9 \u1ea9m kh\u00f4ng \u0111\u1ed5i, thi\u1ebft b\u1ecb nhi\u1ec7t \u0111\u1ed9 v\u00e0 \u0111\u1ed9 \u1ea9m kh\u00f4ng \u0111\u1ed5i n\u00e0y c\u00f3 kh\u1ea3 n\u0103ng \u0111i\u1ec1u khi\u1ec3n ho\u00e0n to\u00e0n t\u1ef1 \u0111\u1ed9ng l\u00e0m m\u00e1t, s\u01b0\u1edfi \u1ea5m, h\u00fat \u1ea9m, t\u1ea1o \u1ea9m v\u00e0 n\u01b0\u1edbc t\u1ea1o \u1ea9m b\u1ed5 sung.<\/p>","protected":false},"featured_media":1245,"template":"","meta":{"site-sidebar-layout":"default","site-content-layout":"","ast-site-content-layout":"default","site-content-style":"default","site-sidebar-style":"default","ast-global-header-display":"","ast-banner-title-visibility":"","ast-main-header-display":"","ast-hfb-above-header-display":"","ast-hfb-below-header-display":"","ast-hfb-mobile-header-display":"","site-post-title":"","ast-breadcrumbs-content":"","ast-featured-img":"","footer-sml-layout":"","ast-disable-related-posts":"","theme-transparent-header-meta":"default","adv-header-id-meta":"","stick-header-meta":"","header-above-stick-meta":"","header-main-stick-meta":"","header-below-stick-meta":"","astra-migrate-meta-layouts":"set","ast-page-background-enabled":"default","ast-page-background-meta":{"desktop":{"background-color":"var(--ast-global-color-4)","background-image":"","background-repeat":"repeat","background-position":"center center","background-size":"auto","background-attachment":"scroll","background-type":"","background-media":"","overlay-type":"","overlay-color":"","overlay-opacity":"","overlay-gradient":""},"tablet":{"background-color":"","background-image":"","background-repeat":"repeat","background-position":"center center","background-size":"auto","background-attachment":"scroll","background-type":"","background-media":"","overlay-type":"","overlay-color":"","overlay-opacity":"","overlay-gradient":""},"mobile":{"background-color":"","background-image":"","background-repeat":"repeat","background-position":"center center","background-size":"auto","background-attachment":"scroll","background-type":"","background-media":"","overlay-type":"","overlay-color":"","overlay-opacity":"","overlay-gradient":""}},"ast-content-background-meta":{"desktop":{"background-color":"var(--ast-global-color-5)","background-image":"","background-repeat":"repeat","background-position":"center center","background-size":"auto","background-attachment":"scroll","background-type":"","background-media":"","overlay-type":"","overlay-color":"","overlay-opacity":"","overlay-gradient":""},"tablet":{"background-color":"var(--ast-global-color-5)","background-image":"","background-repeat":"repeat","background-position":"center center","background-size":"auto","background-attachment":"scroll","background-type":"","background-media":"","overlay-type":"","overlay-color":"","overlay-opacity":"","overlay-gradient":""},"mobile":{"background-color":"var(--ast-global-color-5)","background-image":"","background-repeat":"repeat","background-position":"center center","background-size":"auto","background-attachment":"scroll","background-type":"","background-media":"","overlay-type":"","overlay-color":"","overlay-opacity":"","overlay-gradient":""}}},"product_brand":[],"product_cat":[30],"product_tag":[],"class_list":{"0":"post-1244","1":"product","2":"type-product","3":"status-publish","4":"has-post-thumbnail","6":"product_cat-environmental-testing-series","7":"desktop-align-left","8":"tablet-align-left","9":"mobile-align-left","11":"first","12":"instock","13":"shipping-taxable","14":"product-type-simple"},"yoast_head":"<!-- This site is optimized with the Yoast SEO plugin v23.9 - https:\/\/yoast.com\/wordpress\/plugins\/seo\/ -->\n<title>Hardin constant temperature and humidity test chamber - Battery testing equipment series, environmental testing chamber series<\/title>\n<meta name=\"robots\" content=\"index, follow, max-snippet:-1, max-image-preview:large, max-video-preview:-1\" \/>\n<link rel=\"canonical\" href=\"https:\/\/jdtestchamber.com\/vi\/s\u1ea3n%20ph\u1ea9m\/buong-thu-nhiet-do-va-do-am-khong-doi-hardin\/\" \/>\n<meta property=\"og:locale\" content=\"vi_VN\" \/>\n<meta property=\"og:type\" content=\"article\" \/>\n<meta property=\"og:title\" content=\"Hardin constant temperature and humidity test chamber - Battery testing equipment series, environmental testing chamber series\" \/>\n<meta property=\"og:description\" content=\"A constant temperature and humidity chamber is a device used to test the performance of products and materials. It is an essential testing equipment in fields such as aviation, automotive, scientific research, electronics, electrical appliances, and building materials. Its box can maintain the temperature and humidity values set by the user, and these temperature and humidity values can also be alternately changed through program settings. Low temperature and low humidity constant temperature and humidity chambers are mainly used in industries and regions such as electronics and electrical engineering, automobiles and motorcycles, aerospace, shipbuilding and weapons, universities, research institutions, etc. Mainly used for manufacturing and maintaining spaces with constant temperature and humidity, this constant temperature and humidity device has fully automatic control of cooling, heating, dehumidification, humidification, and supplementary humidification water.\" \/>\n<meta property=\"og:url\" content=\"https:\/\/jdtestchamber.com\/vi\/s\u1ea3n ph\u1ea9m\/buong-thu-nhiet-do-va-do-am-khong-doi-hardin\/\" \/>\n<meta property=\"og:site_name\" content=\"Battery testing equipment series, environmental testing chamber series\" \/>\n<meta property=\"article:modified_time\" content=\"2024-12-19T08:38:36+00:00\" \/>\n<meta property=\"og:image\" content=\"https:\/\/jdtestchamber.com\/wp-content\/uploads\/2024\/11\/Hardin-constant-temperature-and-humidity-test-chamber.jpg\" \/>\n\t<meta property=\"og:image:width\" content=\"1600\" \/>\n\t<meta property=\"og:image:height\" content=\"1600\" \/>\n\t<meta property=\"og:image:type\" content=\"image\/jpeg\" \/>\n<meta name=\"twitter:card\" content=\"summary_large_image\" \/>\n<meta name=\"twitter:label1\" content=\"\u01af\u1edbc t\u00ednh th\u1eddi gian \u0111\u1ecdc\" \/>\n\t<meta name=\"twitter:data1\" content=\"1 ph\u00fat\" \/>\n<script type=\"application\/ld+json\" class=\"yoast-schema-graph\">{\"@context\":\"https:\/\/schema.org\",\"@graph\":[{\"@type\":\"WebPage\",\"@id\":\"https:\/\/jdtestchamber.com\/product\/hardin-constant-temperature-and-humidity-test-chamber\/\",\"url\":\"https:\/\/jdtestchamber.com\/product\/hardin-constant-temperature-and-humidity-test-chamber\/\",\"name\":\"Hardin constant temperature and humidity test chamber - Battery testing equipment series, environmental testing chamber series\",\"isPartOf\":{\"@id\":\"https:\/\/jdtestchamber.com\/#website\"},\"primaryImageOfPage\":{\"@id\":\"https:\/\/jdtestchamber.com\/product\/hardin-constant-temperature-and-humidity-test-chamber\/#primaryimage\"},\"image\":{\"@id\":\"https:\/\/jdtestchamber.com\/product\/hardin-constant-temperature-and-humidity-test-chamber\/#primaryimage\"},\"thumbnailUrl\":\"https:\/\/jdtestchamber.com\/wp-content\/uploads\/2024\/11\/Hardin-constant-temperature-and-humidity-test-chamber.jpg\",\"datePublished\":\"2024-11-29T10:22:29+00:00\",\"dateModified\":\"2024-12-19T08:38:36+00:00\",\"breadcrumb\":{\"@id\":\"https:\/\/jdtestchamber.com\/product\/hardin-constant-temperature-and-humidity-test-chamber\/#breadcrumb\"},\"inLanguage\":\"vi\",\"potentialAction\":[{\"@type\":\"ReadAction\",\"target\":[\"https:\/\/jdtestchamber.com\/product\/hardin-constant-temperature-and-humidity-test-chamber\/\"]}]},{\"@type\":\"ImageObject\",\"inLanguage\":\"vi\",\"@id\":\"https:\/\/jdtestchamber.com\/product\/hardin-constant-temperature-and-humidity-test-chamber\/#primaryimage\",\"url\":\"https:\/\/jdtestchamber.com\/wp-content\/uploads\/2024\/11\/Hardin-constant-temperature-and-humidity-test-chamber.jpg\",\"contentUrl\":\"https:\/\/jdtestchamber.com\/wp-content\/uploads\/2024\/11\/Hardin-constant-temperature-and-humidity-test-chamber.jpg\",\"width\":1600,\"height\":1600},{\"@type\":\"BreadcrumbList\",\"@id\":\"https:\/\/jdtestchamber.com\/product\/hardin-constant-temperature-and-humidity-test-chamber\/#breadcrumb\",\"itemListElement\":[{\"@type\":\"ListItem\",\"position\":1,\"name\":\"Home\",\"item\":\"https:\/\/jdtestchamber.com\/\"},{\"@type\":\"ListItem\",\"position\":2,\"name\":\"Product\",\"item\":\"https:\/\/jdtestchamber.com\/product\/\"},{\"@type\":\"ListItem\",\"position\":3,\"name\":\"Hardin constant temperature and humidity test chamber\"}]},{\"@type\":\"WebSite\",\"@id\":\"https:\/\/jdtestchamber.com\/#website\",\"url\":\"https:\/\/jdtestchamber.com\/\",\"name\":\"Battery testing equipment series, environmental testing chamber series\",\"description\":\"Manufacturer of experimental equipment\",\"publisher\":{\"@id\":\"https:\/\/jdtestchamber.com\/#organization\"},\"potentialAction\":[{\"@type\":\"SearchAction\",\"target\":{\"@type\":\"EntryPoint\",\"urlTemplate\":\"https:\/\/jdtestchamber.com\/?s={search_term_string}\"},\"query-input\":{\"@type\":\"PropertyValueSpecification\",\"valueRequired\":true,\"valueName\":\"search_term_string\"}}],\"inLanguage\":\"vi\"},{\"@type\":\"Organization\",\"@id\":\"https:\/\/jdtestchamber.com\/#organization\",\"name\":\"Battery testing equipment series, environmental testing chamber series\",\"url\":\"https:\/\/jdtestchamber.com\/\",\"logo\":{\"@type\":\"ImageObject\",\"inLanguage\":\"vi\",\"@id\":\"https:\/\/jdtestchamber.com\/#\/schema\/logo\/image\/\",\"url\":\"https:\/\/jdtestchamber.com\/wp-content\/uploads\/2024\/12\/LOGO03.png\",\"contentUrl\":\"https:\/\/jdtestchamber.com\/wp-content\/uploads\/2024\/12\/LOGO03.png\",\"width\":776,\"height\":225,\"caption\":\"Battery testing equipment series, environmental testing chamber series\"},\"image\":{\"@id\":\"https:\/\/jdtestchamber.com\/#\/schema\/logo\/image\/\"}}]}<\/script>\n<!-- \/ Yoast SEO plugin. -->","yoast_head_json":{"title":"Bu\u1ed3ng th\u1eed nhi\u1ec7t \u0111\u1ed9 v\u00e0 \u0111\u1ed9 \u1ea9m kh\u00f4ng \u0111\u1ed5i Hardin - D\u00f2ng thi\u1ebft b\u1ecb th\u1eed nghi\u1ec7m pin, d\u00f2ng bu\u1ed3ng th\u1eed nghi\u1ec7m m\u00f4i tr\u01b0\u1eddng","robots":{"index":"index","follow":"follow","max-snippet":"max-snippet:-1","max-image-preview":"max-image-preview:large","max-video-preview":"max-video-preview:-1"},"canonical":"https:\/\/jdtestchamber.com\/vi\/s\u1ea3n ph\u1ea9m\/buong-thu-nhiet-do-va-do-am-khong-doi-hardin\/","og_locale":"vi_VN","og_type":"article","og_title":"Hardin constant temperature and humidity test chamber - Battery testing equipment series, environmental testing chamber series","og_description":"A constant temperature and humidity chamber is a device used to test the performance of products and materials. It is an essential testing equipment in fields such as aviation, automotive, scientific research, electronics, electrical appliances, and building materials. Its box can maintain the temperature and humidity values set by the user, and these temperature and humidity values can also be alternately changed through program settings. Low temperature and low humidity constant temperature and humidity chambers are mainly used in industries and regions such as electronics and electrical engineering, automobiles and motorcycles, aerospace, shipbuilding and weapons, universities, research institutions, etc. Mainly used for manufacturing and maintaining spaces with constant temperature and humidity, this constant temperature and humidity device has fully automatic control of cooling, heating, dehumidification, humidification, and supplementary humidification water.","og_url":"https:\/\/jdtestchamber.com\/vi\/s\u1ea3n ph\u1ea9m\/buong-thu-nhiet-do-va-do-am-khong-doi-hardin\/","og_site_name":"Battery testing equipment series, environmental testing chamber series","article_modified_time":"2024-12-19T08:38:36+00:00","og_image":[{"width":1600,"height":1600,"url":"https:\/\/jdtestchamber.com\/wp-content\/uploads\/2024\/11\/Hardin-constant-temperature-and-humidity-test-chamber.jpg","type":"image\/jpeg"}],"twitter_card":"summary_large_image","twitter_misc":{"\u01af\u1edbc t\u00ednh th\u1eddi gian \u0111\u1ecdc":"1 ph\u00fat"},"schema":{"@context":"https:\/\/schema.org","@graph":[{"@type":"WebPage","@id":"https:\/\/jdtestchamber.com\/product\/hardin-constant-temperature-and-humidity-test-chamber\/","url":"https:\/\/jdtestchamber.com\/product\/hardin-constant-temperature-and-humidity-test-chamber\/","name":"Bu\u1ed3ng th\u1eed nhi\u1ec7t \u0111\u1ed9 v\u00e0 \u0111\u1ed9 \u1ea9m kh\u00f4ng \u0111\u1ed5i Hardin - D\u00f2ng thi\u1ebft b\u1ecb th\u1eed nghi\u1ec7m pin, d\u00f2ng bu\u1ed3ng th\u1eed nghi\u1ec7m m\u00f4i tr\u01b0\u1eddng","isPartOf":{"@id":"https:\/\/jdtestchamber.com\/#website"},"primaryImageOfPage":{"@id":"https:\/\/jdtestchamber.com\/product\/hardin-constant-temperature-and-humidity-test-chamber\/#primaryimage"},"image":{"@id":"https:\/\/jdtestchamber.com\/product\/hardin-constant-temperature-and-humidity-test-chamber\/#primaryimage"},"thumbnailUrl":"https:\/\/jdtestchamber.com\/wp-content\/uploads\/2024\/11\/Hardin-constant-temperature-and-humidity-test-chamber.jpg","datePublished":"2024-11-29T10:22:29+00:00","dateModified":"2024-12-19T08:38:36+00:00","breadcrumb":{"@id":"https:\/\/jdtestchamber.com\/product\/hardin-constant-temperature-and-humidity-test-chamber\/#breadcrumb"},"inLanguage":"vi","potentialAction":[{"@type":"ReadAction","target":["https:\/\/jdtestchamber.com\/product\/hardin-constant-temperature-and-humidity-test-chamber\/"]}]},{"@type":"ImageObject","inLanguage":"vi","@id":"https:\/\/jdtestchamber.com\/product\/hardin-constant-temperature-and-humidity-test-chamber\/#primaryimage","url":"https:\/\/jdtestchamber.com\/wp-content\/uploads\/2024\/11\/Hardin-constant-temperature-and-humidity-test-chamber.jpg","contentUrl":"https:\/\/jdtestchamber.com\/wp-content\/uploads\/2024\/11\/Hardin-constant-temperature-and-humidity-test-chamber.jpg","width":1600,"height":1600},{"@type":"BreadcrumbList","@id":"https:\/\/jdtestchamber.com\/product\/hardin-constant-temperature-and-humidity-test-chamber\/#breadcrumb","itemListElement":[{"@type":"ListItem","position":1,"name":"Home","item":"https:\/\/jdtestchamber.com\/"},{"@type":"ListItem","position":2,"name":"Product","item":"https:\/\/jdtestchamber.com\/product\/"},{"@type":"ListItem","position":3,"name":"Hardin constant temperature and humidity test chamber"}]},{"@type":"WebSite","@id":"https:\/\/jdtestchamber.com\/#website","url":"https:\/\/jdtestchamber.com\/","name":"D\u00f2ng thi\u1ebft b\u1ecb ki\u1ec3m tra pin, d\u00f2ng bu\u1ed3ng ki\u1ec3m tra m\u00f4i tr\u01b0\u1eddng","description":"Nh\u00e0 s\u1ea3n xu\u1ea5t thi\u1ebft b\u1ecb th\u00ed nghi\u1ec7m","publisher":{"@id":"https:\/\/jdtestchamber.com\/#organization"},"potentialAction":[{"@type":"SearchAction","target":{"@type":"EntryPoint","urlTemplate":"https:\/\/jdtestchamber.com\/?s={search_term_string}"},"query-input":{"@type":"PropertyValueSpecification","valueRequired":true,"valueName":"search_term_string"}}],"inLanguage":"vi"},{"@type":"Organization","@id":"https:\/\/jdtestchamber.com\/#organization","name":"D\u00f2ng thi\u1ebft b\u1ecb ki\u1ec3m tra pin, d\u00f2ng bu\u1ed3ng ki\u1ec3m tra m\u00f4i tr\u01b0\u1eddng","url":"https:\/\/jdtestchamber.com\/","logo":{"@type":"ImageObject","inLanguage":"vi","@id":"https:\/\/jdtestchamber.com\/#\/schema\/logo\/image\/","url":"https:\/\/jdtestchamber.com\/wp-content\/uploads\/2024\/12\/LOGO03.png","contentUrl":"https:\/\/jdtestchamber.com\/wp-content\/uploads\/2024\/12\/LOGO03.png","width":776,"height":225,"caption":"Battery testing equipment series, environmental testing chamber series"},"image":{"@id":"https:\/\/jdtestchamber.com\/#\/schema\/logo\/image\/"}}]}},"_links":{"self":[{"href":"https:\/\/jdtestchamber.com\/vi\/wp-json\/wp\/v2\/product\/1244","targetHints":{"allow":["GET"]}}],"collection":[{"href":"https:\/\/jdtestchamber.com\/vi\/wp-json\/wp\/v2\/product"}],"about":[{"href":"https:\/\/jdtestchamber.com\/vi\/wp-json\/wp\/v2\/types\/product"}],"wp:featuredmedia":[{"embeddable":true,"href":"https:\/\/jdtestchamber.com\/vi\/wp-json\/wp\/v2\/media\/1245"}],"wp:attachment":[{"href":"https:\/\/jdtestchamber.com\/vi\/wp-json\/wp\/v2\/media?parent=1244"}],"wp:term":[{"taxonomy":"product_brand","embeddable":true,"href":"https:\/\/jdtestchamber.com\/vi\/wp-json\/wp\/v2\/product_brand?post=1244"},{"taxonomy":"product_cat","embeddable":true,"href":"https:\/\/jdtestchamber.com\/vi\/wp-json\/wp\/v2\/product_cat?post=1244"},{"taxonomy":"product_tag","embeddable":true,"href":"https:\/\/jdtestchamber.com\/vi\/wp-json\/wp\/v2\/product_tag?post=1244"}],"curies":[{"name":"wp","href":"https:\/\/api.w.org\/{rel}","templated":true}]}}