{"id":1246,"date":"2024-11-29T10:20:59","date_gmt":"2024-11-29T10:20:59","guid":{"rendered":"https:\/\/jdtestchamber.com\/?post_type=product&#038;p=1246"},"modified":"2024-12-19T08:42:29","modified_gmt":"2024-12-19T08:42:29","slug":"buong-thu-nhiet-do-cao-va-thap","status":"publish","type":"product","link":"https:\/\/jdtestchamber.com\/vi\/s\u1ea3n ph\u1ea9m\/buong-thu-nhiet-do-cao-va-thap\/","title":{"rendered":"Bu\u1ed3ng th\u1eed nhi\u1ec7t \u0111\u1ed9 cao v\u00e0 th\u1ea5p"},"content":{"rendered":"","protected":false},"excerpt":{"rendered":"<p>Bu\u1ed3ng th\u1eed nhi\u1ec7t \u0111\u1ed9 cao v\u00e0 th\u1ea5p, bu\u1ed3ng th\u1eed nhi\u1ec7t \u01b0\u1edbt nhi\u1ec7t \u0111\u1ed9 cao v\u00e0 th\u1ea5p, bu\u1ed3ng th\u1eed nhi\u1ec7t \u0111\u1ed9 v\u00e0 \u0111\u1ed9 \u1ea9m kh\u00f4ng \u0111\u1ed5i, c\u00f2n \u0111\u01b0\u1ee3c g\u1ecdi l\u00e0 bu\u1ed3ng th\u1eed m\u00f4i tr\u01b0\u1eddng, c\u00f3 th\u1ec3 m\u00f4 ph\u1ecfng ch\u00ednh x\u00e1c c\u00e1c m\u00f4i tr\u01b0\u1eddng t\u1ef1 nhi\u00ean ph\u1ee9c t\u1ea1p nh\u01b0 nhi\u1ec7t \u0111\u1ed9 th\u1ea5p, nhi\u1ec7t \u0111\u1ed9 cao, \u0111\u1ed9 \u1ea9m cao, nhi\u1ec7t \u0111\u1ed9 th\u1ea5p v\u00e0 \u0111\u1ed9 \u1ea9m th\u1ea5p. Ch\u00fang ph\u00f9 h\u1ee3p cho ng\u00e0nh c\u00f4ng nghi\u1ec7p qu\u1ed1c ph\u00f2ng, linh ki\u1ec7n t\u1ef1 \u0111\u1ed9ng h\u00f3a ng\u00e0nh h\u00e0ng kh\u00f4ng v\u0169 tr\u1ee5, ph\u1ee5 t\u00f9ng \u00f4 t\u00f4, ph\u1ee5 t\u00f9ng t\u00e0u th\u1ee7y, linh ki\u1ec7n \u0111i\u1ec7n t\u1eed v\u00e0 \u0111i\u1ec7n, nh\u1ef1a, c\u00f4ng nghi\u1ec7p h\u00f3a ch\u1ea5t, c\u00f4ng nghi\u1ec7p th\u1ef1c ph\u1ea9m, s\u1ea3n ph\u1ea9m gi\u1ea5y, kim lo\u1ea1i, h\u00f3a h\u1ecdc, vi\u1ec7n nghi\u00ean c\u1ee9u, c\u1ee5c ki\u1ec3m tra v\u00e0 ki\u1ec3m d\u1ecbch, ng\u00e0nh d\u01b0\u1ee3c ph\u1ea9m v\u00e0 c\u00e1c s\u1ea3n ph\u1ea9m li\u00ean quan&#039; kh\u1ea3 n\u0103ng ch\u1ecbu nhi\u1ec7t, kh\u1ea3 n\u0103ng ch\u1ecbu \u1ea9m, kh\u1ea3 n\u0103ng ch\u1ecbu l\u1ea1nh, kh\u1ea3 n\u0103ng ch\u1ecbu kh\u00f4 v\u00e0 nghi\u00ean c\u1ee9u v\u00e0 ph\u00e1t tri\u1ec3n, th\u1eed nghi\u1ec7m k\u1ef9 thu\u1eadt qu\u1ea3n l\u00fd ch\u1ea5t l\u01b0\u1ee3ng, \u0111\u1eb7c bi\u1ec7t l\u00e0 \u0111\u1ed1i v\u1edbi LCD s\u1ee3i quang, tinh th\u1ec3, PCB cu\u1ed9n c\u1ea3m, kh\u1ea3 n\u0103ng ch\u1ecbu nhi\u1ec7t \u0111\u1ed9 cao, kh\u1ea3 n\u0103ng ch\u1ecbu nhi\u1ec7t \u0111\u1ed9 th\u1ea5p v\u00e0 kh\u1ea3 n\u0103ng ch\u1ecbu \u1ea9m theo chu k\u1ef3 cho c\u00e1c s\u1ea3n ph\u1ea9m nh\u01b0 pin, m\u00e1y t\u00ednh v\u00e0 \u0111i\u1ec7n tho\u1ea1i di \u0111\u1ed9ng.<\/p>","protected":false},"featured_media":1247,"template":"","meta":{"site-sidebar-layout":"default","site-content-layout":"","ast-site-content-layout":"default","site-content-style":"default","site-sidebar-style":"default","ast-global-header-display":"","ast-banner-title-visibility":"","ast-main-header-display":"","ast-hfb-above-header-display":"","ast-hfb-below-header-display":"","ast-hfb-mobile-header-display":"","site-post-title":"","ast-breadcrumbs-content":"","ast-featured-img":"","footer-sml-layout":"","ast-disable-related-posts":"","theme-transparent-header-meta":"default","adv-header-id-meta":"","stick-header-meta":"","header-above-stick-meta":"","header-main-stick-meta":"","header-below-stick-meta":"","astra-migrate-meta-layouts":"set","ast-page-background-enabled":"default","ast-page-background-meta":{"desktop":{"background-color":"var(--ast-global-color-4)","background-image":"","background-repeat":"repeat","background-position":"center center","background-size":"auto","background-attachment":"scroll","background-type":"","background-media":"","overlay-type":"","overlay-color":"","overlay-opacity":"","overlay-gradient":""},"tablet":{"background-color":"","background-image":"","background-repeat":"repeat","background-position":"center center","background-size":"auto","background-attachment":"scroll","background-type":"","background-media":"","overlay-type":"","overlay-color":"","overlay-opacity":"","overlay-gradient":""},"mobile":{"background-color":"","background-image":"","background-repeat":"repeat","background-position":"center center","background-size":"auto","background-attachment":"scroll","background-type":"","background-media":"","overlay-type":"","overlay-color":"","overlay-opacity":"","overlay-gradient":""}},"ast-content-background-meta":{"desktop":{"background-color":"var(--ast-global-color-5)","background-image":"","background-repeat":"repeat","background-position":"center center","background-size":"auto","background-attachment":"scroll","background-type":"","background-media":"","overlay-type":"","overlay-color":"","overlay-opacity":"","overlay-gradient":""},"tablet":{"background-color":"var(--ast-global-color-5)","background-image":"","background-repeat":"repeat","background-position":"center center","background-size":"auto","background-attachment":"scroll","background-type":"","background-media":"","overlay-type":"","overlay-color":"","overlay-opacity":"","overlay-gradient":""},"mobile":{"background-color":"var(--ast-global-color-5)","background-image":"","background-repeat":"repeat","background-position":"center center","background-size":"auto","background-attachment":"scroll","background-type":"","background-media":"","overlay-type":"","overlay-color":"","overlay-opacity":"","overlay-gradient":""}}},"product_brand":[],"product_cat":[30],"product_tag":[],"class_list":{"0":"post-1246","1":"product","2":"type-product","3":"status-publish","4":"has-post-thumbnail","6":"product_cat-environmental-testing-series","7":"desktop-align-left","8":"tablet-align-left","9":"mobile-align-left","11":"first","12":"instock","13":"shipping-taxable","14":"product-type-simple"},"yoast_head":"<!-- This site is optimized with the Yoast SEO plugin v23.9 - https:\/\/yoast.com\/wordpress\/plugins\/seo\/ -->\n<title>High and low temperature test chamber - Battery testing equipment series, environmental testing chamber series<\/title>\n<meta name=\"robots\" content=\"index, follow, max-snippet:-1, max-image-preview:large, max-video-preview:-1\" \/>\n<link rel=\"canonical\" href=\"https:\/\/jdtestchamber.com\/vi\/s\u1ea3n%20ph\u1ea9m\/buong-thu-nhiet-do-cao-va-thap\/\" \/>\n<meta property=\"og:locale\" content=\"vi_VN\" \/>\n<meta property=\"og:type\" content=\"article\" \/>\n<meta property=\"og:title\" content=\"High and low temperature test chamber - Battery testing equipment series, environmental testing chamber series\" \/>\n<meta property=\"og:description\" content=\"High and low temperature test chambers, high and low temperature wet heat test chambers, constant temperature and humidity test chambers, also known as environmental test chambers, can accurately simulate complex natural environments such as low temperature, high temperature, high humidity, low temperature and low humidity. They are suitable for defense industry, aerospace industry automation components, automotive parts, ship parts, electronic and electrical components, plastics, chemical industry, food industry, paper products, metals, chemistry, research institutes, inspection and quarantine bureaus, pharmaceutical industry and related products&#039; heat resistance, moisture resistance, cold resistance, dry resistance performance and research and development, quality management engineering testing, especially for optical fiber LCD\u3001 Crystals, inductors PCB\u3001 High temperature resistance, low temperature resistance, and moisture resistance cycling tests for products such as batteries, computers, and mobile phones.\" \/>\n<meta property=\"og:url\" content=\"https:\/\/jdtestchamber.com\/vi\/s\u1ea3n ph\u1ea9m\/buong-thu-nhiet-do-cao-va-thap\/\" \/>\n<meta property=\"og:site_name\" content=\"Battery testing equipment series, environmental testing chamber series\" \/>\n<meta property=\"article:modified_time\" content=\"2024-12-19T08:42:29+00:00\" \/>\n<meta property=\"og:image\" content=\"https:\/\/jdtestchamber.com\/wp-content\/uploads\/2024\/11\/High-and-low-temperature-test-chamber.jpg\" \/>\n\t<meta property=\"og:image:width\" content=\"1600\" \/>\n\t<meta property=\"og:image:height\" content=\"1600\" \/>\n\t<meta property=\"og:image:type\" content=\"image\/jpeg\" \/>\n<meta name=\"twitter:card\" content=\"summary_large_image\" \/>\n<meta name=\"twitter:label1\" content=\"\u01af\u1edbc t\u00ednh th\u1eddi gian \u0111\u1ecdc\" \/>\n\t<meta name=\"twitter:data1\" content=\"1 ph\u00fat\" \/>\n<script type=\"application\/ld+json\" class=\"yoast-schema-graph\">{\"@context\":\"https:\/\/schema.org\",\"@graph\":[{\"@type\":\"WebPage\",\"@id\":\"https:\/\/jdtestchamber.com\/product\/high-and-low-temperature-test-chamber\/\",\"url\":\"https:\/\/jdtestchamber.com\/product\/high-and-low-temperature-test-chamber\/\",\"name\":\"High and low temperature test chamber - Battery testing equipment series, environmental testing chamber series\",\"isPartOf\":{\"@id\":\"https:\/\/jdtestchamber.com\/#website\"},\"primaryImageOfPage\":{\"@id\":\"https:\/\/jdtestchamber.com\/product\/high-and-low-temperature-test-chamber\/#primaryimage\"},\"image\":{\"@id\":\"https:\/\/jdtestchamber.com\/product\/high-and-low-temperature-test-chamber\/#primaryimage\"},\"thumbnailUrl\":\"https:\/\/jdtestchamber.com\/wp-content\/uploads\/2024\/11\/High-and-low-temperature-test-chamber.jpg\",\"datePublished\":\"2024-11-29T10:20:59+00:00\",\"dateModified\":\"2024-12-19T08:42:29+00:00\",\"breadcrumb\":{\"@id\":\"https:\/\/jdtestchamber.com\/product\/high-and-low-temperature-test-chamber\/#breadcrumb\"},\"inLanguage\":\"vi\",\"potentialAction\":[{\"@type\":\"ReadAction\",\"target\":[\"https:\/\/jdtestchamber.com\/product\/high-and-low-temperature-test-chamber\/\"]}]},{\"@type\":\"ImageObject\",\"inLanguage\":\"vi\",\"@id\":\"https:\/\/jdtestchamber.com\/product\/high-and-low-temperature-test-chamber\/#primaryimage\",\"url\":\"https:\/\/jdtestchamber.com\/wp-content\/uploads\/2024\/11\/High-and-low-temperature-test-chamber.jpg\",\"contentUrl\":\"https:\/\/jdtestchamber.com\/wp-content\/uploads\/2024\/11\/High-and-low-temperature-test-chamber.jpg\",\"width\":1600,\"height\":1600},{\"@type\":\"BreadcrumbList\",\"@id\":\"https:\/\/jdtestchamber.com\/product\/high-and-low-temperature-test-chamber\/#breadcrumb\",\"itemListElement\":[{\"@type\":\"ListItem\",\"position\":1,\"name\":\"Home\",\"item\":\"https:\/\/jdtestchamber.com\/\"},{\"@type\":\"ListItem\",\"position\":2,\"name\":\"Product\",\"item\":\"https:\/\/jdtestchamber.com\/product\/\"},{\"@type\":\"ListItem\",\"position\":3,\"name\":\"High and low temperature test chamber\"}]},{\"@type\":\"WebSite\",\"@id\":\"https:\/\/jdtestchamber.com\/#website\",\"url\":\"https:\/\/jdtestchamber.com\/\",\"name\":\"Battery testing equipment series, environmental testing chamber series\",\"description\":\"Manufacturer of experimental equipment\",\"publisher\":{\"@id\":\"https:\/\/jdtestchamber.com\/#organization\"},\"potentialAction\":[{\"@type\":\"SearchAction\",\"target\":{\"@type\":\"EntryPoint\",\"urlTemplate\":\"https:\/\/jdtestchamber.com\/?s={search_term_string}\"},\"query-input\":{\"@type\":\"PropertyValueSpecification\",\"valueRequired\":true,\"valueName\":\"search_term_string\"}}],\"inLanguage\":\"vi\"},{\"@type\":\"Organization\",\"@id\":\"https:\/\/jdtestchamber.com\/#organization\",\"name\":\"Battery testing equipment series, environmental testing chamber series\",\"url\":\"https:\/\/jdtestchamber.com\/\",\"logo\":{\"@type\":\"ImageObject\",\"inLanguage\":\"vi\",\"@id\":\"https:\/\/jdtestchamber.com\/#\/schema\/logo\/image\/\",\"url\":\"https:\/\/jdtestchamber.com\/wp-content\/uploads\/2024\/12\/LOGO03.png\",\"contentUrl\":\"https:\/\/jdtestchamber.com\/wp-content\/uploads\/2024\/12\/LOGO03.png\",\"width\":776,\"height\":225,\"caption\":\"Battery testing equipment series, environmental testing chamber series\"},\"image\":{\"@id\":\"https:\/\/jdtestchamber.com\/#\/schema\/logo\/image\/\"}}]}<\/script>\n<!-- \/ Yoast SEO plugin. -->","yoast_head_json":{"title":"Bu\u1ed3ng th\u1eed nhi\u1ec7t \u0111\u1ed9 cao v\u00e0 th\u1ea5p - D\u00f2ng thi\u1ebft b\u1ecb th\u1eed pin, d\u00f2ng bu\u1ed3ng th\u1eed m\u00f4i tr\u01b0\u1eddng","robots":{"index":"index","follow":"follow","max-snippet":"max-snippet:-1","max-image-preview":"max-image-preview:large","max-video-preview":"max-video-preview:-1"},"canonical":"https:\/\/jdtestchamber.com\/vi\/s\u1ea3n ph\u1ea9m\/buong-thu-nhiet-do-cao-va-thap\/","og_locale":"vi_VN","og_type":"article","og_title":"High and low temperature test chamber - Battery testing equipment series, environmental testing chamber series","og_description":"High and low temperature test chambers, high and low temperature wet heat test chambers, constant temperature and humidity test chambers, also known as environmental test chambers, can accurately simulate complex natural environments such as low temperature, high temperature, high humidity, low temperature and low humidity. They are suitable for defense industry, aerospace industry automation components, automotive parts, ship parts, electronic and electrical components, plastics, chemical industry, food industry, paper products, metals, chemistry, research institutes, inspection and quarantine bureaus, pharmaceutical industry and related products' heat resistance, moisture resistance, cold resistance, dry resistance performance and research and development, quality management engineering testing, especially for optical fiber LCD\u3001 Crystals, inductors PCB\u3001 High temperature resistance, low temperature resistance, and moisture resistance cycling tests for products such as batteries, computers, and mobile phones.","og_url":"https:\/\/jdtestchamber.com\/vi\/s\u1ea3n ph\u1ea9m\/buong-thu-nhiet-do-cao-va-thap\/","og_site_name":"Battery testing equipment series, environmental testing chamber series","article_modified_time":"2024-12-19T08:42:29+00:00","og_image":[{"width":1600,"height":1600,"url":"https:\/\/jdtestchamber.com\/wp-content\/uploads\/2024\/11\/High-and-low-temperature-test-chamber.jpg","type":"image\/jpeg"}],"twitter_card":"summary_large_image","twitter_misc":{"\u01af\u1edbc t\u00ednh th\u1eddi gian \u0111\u1ecdc":"1 ph\u00fat"},"schema":{"@context":"https:\/\/schema.org","@graph":[{"@type":"WebPage","@id":"https:\/\/jdtestchamber.com\/product\/high-and-low-temperature-test-chamber\/","url":"https:\/\/jdtestchamber.com\/product\/high-and-low-temperature-test-chamber\/","name":"Bu\u1ed3ng th\u1eed nhi\u1ec7t \u0111\u1ed9 cao v\u00e0 th\u1ea5p - D\u00f2ng thi\u1ebft b\u1ecb th\u1eed pin, d\u00f2ng bu\u1ed3ng th\u1eed m\u00f4i tr\u01b0\u1eddng","isPartOf":{"@id":"https:\/\/jdtestchamber.com\/#website"},"primaryImageOfPage":{"@id":"https:\/\/jdtestchamber.com\/product\/high-and-low-temperature-test-chamber\/#primaryimage"},"image":{"@id":"https:\/\/jdtestchamber.com\/product\/high-and-low-temperature-test-chamber\/#primaryimage"},"thumbnailUrl":"https:\/\/jdtestchamber.com\/wp-content\/uploads\/2024\/11\/High-and-low-temperature-test-chamber.jpg","datePublished":"2024-11-29T10:20:59+00:00","dateModified":"2024-12-19T08:42:29+00:00","breadcrumb":{"@id":"https:\/\/jdtestchamber.com\/product\/high-and-low-temperature-test-chamber\/#breadcrumb"},"inLanguage":"vi","potentialAction":[{"@type":"ReadAction","target":["https:\/\/jdtestchamber.com\/product\/high-and-low-temperature-test-chamber\/"]}]},{"@type":"ImageObject","inLanguage":"vi","@id":"https:\/\/jdtestchamber.com\/product\/high-and-low-temperature-test-chamber\/#primaryimage","url":"https:\/\/jdtestchamber.com\/wp-content\/uploads\/2024\/11\/High-and-low-temperature-test-chamber.jpg","contentUrl":"https:\/\/jdtestchamber.com\/wp-content\/uploads\/2024\/11\/High-and-low-temperature-test-chamber.jpg","width":1600,"height":1600},{"@type":"BreadcrumbList","@id":"https:\/\/jdtestchamber.com\/product\/high-and-low-temperature-test-chamber\/#breadcrumb","itemListElement":[{"@type":"ListItem","position":1,"name":"Home","item":"https:\/\/jdtestchamber.com\/"},{"@type":"ListItem","position":2,"name":"Product","item":"https:\/\/jdtestchamber.com\/product\/"},{"@type":"ListItem","position":3,"name":"High and low temperature test chamber"}]},{"@type":"WebSite","@id":"https:\/\/jdtestchamber.com\/#website","url":"https:\/\/jdtestchamber.com\/","name":"D\u00f2ng thi\u1ebft b\u1ecb ki\u1ec3m tra pin, d\u00f2ng bu\u1ed3ng ki\u1ec3m tra m\u00f4i tr\u01b0\u1eddng","description":"Nh\u00e0 s\u1ea3n xu\u1ea5t thi\u1ebft b\u1ecb th\u00ed nghi\u1ec7m","publisher":{"@id":"https:\/\/jdtestchamber.com\/#organization"},"potentialAction":[{"@type":"SearchAction","target":{"@type":"EntryPoint","urlTemplate":"https:\/\/jdtestchamber.com\/?s={search_term_string}"},"query-input":{"@type":"PropertyValueSpecification","valueRequired":true,"valueName":"search_term_string"}}],"inLanguage":"vi"},{"@type":"Organization","@id":"https:\/\/jdtestchamber.com\/#organization","name":"D\u00f2ng thi\u1ebft b\u1ecb ki\u1ec3m tra pin, d\u00f2ng bu\u1ed3ng ki\u1ec3m tra m\u00f4i tr\u01b0\u1eddng","url":"https:\/\/jdtestchamber.com\/","logo":{"@type":"ImageObject","inLanguage":"vi","@id":"https:\/\/jdtestchamber.com\/#\/schema\/logo\/image\/","url":"https:\/\/jdtestchamber.com\/wp-content\/uploads\/2024\/12\/LOGO03.png","contentUrl":"https:\/\/jdtestchamber.com\/wp-content\/uploads\/2024\/12\/LOGO03.png","width":776,"height":225,"caption":"Battery testing equipment series, environmental testing chamber series"},"image":{"@id":"https:\/\/jdtestchamber.com\/#\/schema\/logo\/image\/"}}]}},"_links":{"self":[{"href":"https:\/\/jdtestchamber.com\/vi\/wp-json\/wp\/v2\/product\/1246","targetHints":{"allow":["GET"]}}],"collection":[{"href":"https:\/\/jdtestchamber.com\/vi\/wp-json\/wp\/v2\/product"}],"about":[{"href":"https:\/\/jdtestchamber.com\/vi\/wp-json\/wp\/v2\/types\/product"}],"wp:featuredmedia":[{"embeddable":true,"href":"https:\/\/jdtestchamber.com\/vi\/wp-json\/wp\/v2\/media\/1247"}],"wp:attachment":[{"href":"https:\/\/jdtestchamber.com\/vi\/wp-json\/wp\/v2\/media?parent=1246"}],"wp:term":[{"taxonomy":"product_brand","embeddable":true,"href":"https:\/\/jdtestchamber.com\/vi\/wp-json\/wp\/v2\/product_brand?post=1246"},{"taxonomy":"product_cat","embeddable":true,"href":"https:\/\/jdtestchamber.com\/vi\/wp-json\/wp\/v2\/product_cat?post=1246"},{"taxonomy":"product_tag","embeddable":true,"href":"https:\/\/jdtestchamber.com\/vi\/wp-json\/wp\/v2\/product_tag?post=1246"}],"curies":[{"name":"wp","href":"https:\/\/api.w.org\/{rel}","templated":true}]}}