{"id":1248,"date":"2024-11-29T10:16:26","date_gmt":"2024-11-29T10:16:26","guid":{"rendered":"https:\/\/jdtestchamber.com\/?post_type=product&#038;p=1248"},"modified":"2024-12-19T08:54:30","modified_gmt":"2024-12-19T08:54:30","slug":"hop-nhiet-do-cao","status":"publish","type":"product","link":"https:\/\/jdtestchamber.com\/vi\/s\u1ea3n ph\u1ea9m\/hop-nhiet-do-cao\/","title":{"rendered":"H\u1ed9p nhi\u1ec7t \u0111\u1ed9 cao"},"content":{"rendered":"<p>S\u1eed d\u1ee5ng s\u1ea3n ph\u1ea9m:<br \/>\nL\u00f2 n\u01b0\u1edbng n\u00e0y \u0111\u01b0\u1ee3c thi\u1ebft k\u1ebf chuy\u00ean d\u1ee5ng cho ph\u00f2ng th\u00ed nghi\u1ec7m, khoa x\u00e9t nghi\u1ec7m, b\u1ec7nh vi\u1ec7n v\u00e0 n\u01b0\u1edbng nhi\u1ec1u lo\u1ea1i s\u1ea3n ph\u1ea9m \u0111i\u1ec7n t\u1eed, n\u01b0\u1edbng th\u1ee7 c\u00f4ng m\u1ef9 ngh\u1ec7 b\u1eb1ng nh\u1ef1a epoxy, n\u01b0\u1edbng \u0111\u00fac \u0111i\u1ec7n v\u00e0 n\u01b0\u1edbng nhi\u1ec1u lo\u1ea1i ph\u1ee5 ki\u1ec7n t\u1eeb t\u00ednh. N\u00f3 \u0111\u01b0\u1ee3c s\u1eed d\u1ee5ng \u0111\u1ec3 n\u01b0\u1edbng, s\u1ea5y kh\u00f4, kh\u1eed tr\u00f9ng, x\u1eed l\u00fd nhi\u1ec7t l\u00e3o h\u00f3a v\u00e0 c\u00e1c m\u1ee5c \u0111\u00edch gia nhi\u1ec7t kh\u00e1c \u1edf nhi\u1ec7t \u0111\u1ed9 \u0111\u01b0\u1ee3c ch\u1ec9 \u0111\u1ecbnh.<\/p>\n<p>T\u00ednh n\u0103ng s\u1ea3n ph\u1ea9m:<br \/>\nTi\u1ebft ki\u1ec7m n\u0103ng l\u01b0\u1ee3ng: Sau khi nhi\u1ec7t \u0111\u1ed9 t\u0103ng \u0111\u1ebfn nhi\u1ec7t \u0111\u1ed9 c\u00e0i \u0111\u1eb7t, b\u1ed9 \u0111i\u1ec1u khi\u1ec3n nhi\u1ec7t \u0111\u1ed9 th\u00f4ng minh PID s\u1ebd t\u1ef1 \u0111\u1ed9ng chuy\u1ec3n sang tr\u1ea1ng th\u00e1i ti\u1ebft ki\u1ec7m n\u0103ng l\u01b0\u1ee3ng v\u00e0 t\u1eaft h\u1ea7u h\u1ebft ngu\u1ed3n cung c\u1ea5p \u0111i\u1ec7n cho d\u00e2y s\u01b0\u1edfi, ki\u1ec3m so\u00e1t hi\u1ec7u qu\u1ea3<br \/>\nT\u1ed5n th\u1ea5t n\u0103ng l\u01b0\u1ee3ng khi ph\u00e1t \u0111i\u1ec7n; V\u00e0 th\u1eddi gian kh\u1edfi \u0111\u1ed9ng c\u00e0ng d\u00e0i th\u00ec hi\u1ec7u su\u1ea5t ti\u1ebft ki\u1ec7m n\u0103ng l\u01b0\u1ee3ng c\u00e0ng n\u1ed5i b\u1eadt, ch\u1ec9 b\u1eb1ng kho\u1ea3ng m\u1ed9t ph\u1ea7n m\u01b0\u1eddi m\u1ee9c ti\u00eau th\u1ee5 n\u0103ng l\u01b0\u1ee3ng c\u1ee7a c\u00e1c s\u1ea3n ph\u1ea9m c\u00f9ng ng\u00e0nh.<br \/>\n(K\u1ebft qu\u1ea3 th\u1eed nghi\u1ec7m cho th\u1ea5y khi b\u01b0\u1edbc v\u00e0o giai \u0111o\u1ea1n ti\u1ebft ki\u1ec7m n\u0103ng l\u01b0\u1ee3ng c\u00f3 th\u1ec3 gi\u1ea3m t\u1ed5n th\u1ea5t n\u0103ng l\u01b0\u1ee3ng kho\u1ea3ng 80% \u0111\u1ebfn 90%)<br \/>\nPh\u01b0\u01a1ng ph\u00e1p gia nhi\u1ec7t: PID+SR \u1ed5n \u0111\u1ecbnh h\u01a1n<br \/>\nPh\u01b0\u01a1ng ph\u00e1p tu\u1ea7n ho\u00e0n: Cung c\u1ea5p kh\u00f4ng kh\u00ed tu\u1ea7n ho\u00e0n ngang c\u01b0\u1ee1ng b\u1ee9c ti\u1ebft ki\u1ec7m n\u0103ng l\u01b0\u1ee3ng h\u01a1n<br \/>\nThi\u1ebft b\u1ecb an to\u00e0n: b\u1ea3o v\u1ec7 nhi\u1ec7t \u0111\u1ed9 c\u1ef1c cao, h\u1ec7 th\u1ed1ng t\u1ef1 \u0111\u1ed9ng ng\u1eaft \u0111i\u1ec7n khi qu\u00e1 t\u1ea3i an to\u00e0n h\u01a1n<br \/>\nPh\u01b0\u01a1ng ph\u00e1p \u0111i\u1ec1u khi\u1ec3n: B\u1ed9 \u0111i\u1ec1u khi\u1ec3n th\u00f4ng minh PID t\u1ef1 \u0111\u1ed9ng t\u00ednh to\u00e1n, b\u00f9 tr\u1eeb, hi\u1ec7u chu\u1ea9n ch\u00ednh x\u00e1c h\u01a1n<br \/>\nB\u1ed9 \u0111i\u1ec1u khi\u1ec3n n\u1eb1m ph\u00eda tr\u00ean m\u00e1y v\u00e0 c\u00f3 m\u1ed9t c\u1eeda duy nh\u1ea5t<br \/>\nV\u1eadt li\u1ec7u b\u00ean trong l\u00e0 t\u1ea5m th\u00e9p kh\u00f4ng g\u1ec9 # SUS 316 v\u00e0 v\u1eadt li\u1ec7u b\u00ean ngo\u00e0i l\u00e0 th\u00e9p kh\u00f4ng g\u1ec9 304 ch\u1ea5t l\u01b0\u1ee3ng cao v\u1edbi l\u1edbp ho\u00e0n thi\u1ec7n m\u1edd<br \/>\nV\u1eadt li\u1ec7u c\u00e1ch nhi\u1ec7t l\u00e0 b\u00f4ng th\u1ee7y tinh nh\u1eadp kh\u1ea9u m\u1eadt \u0111\u1ed9 cao, c\u00f3 hi\u1ec7u su\u1ea5t c\u00e1ch nhi\u1ec7t t\u1ed1t v\u00e0 c\u00e1ch nhi\u1ec7t t\u1ed1i \u0111a. V\u1eadt li\u1ec7u ch\u1ed1ng th\u1ea5m l\u00e0 silicon ch\u1ecbu nhi\u1ec7t \u0111\u1ed9 cao, c\u00f3 th\u1ec3 ch\u1ecbu \u0111\u01b0\u1ee3c nhi\u1ec7t \u0111\u1ed9 cao l\u00ean \u0111\u1ebfn 600 \u0111\u1ed9 trong th\u1eddi gian d\u00e0i.<\/p>\n<p>H\u1ec7 th\u1ed1ng ki\u1ec3m so\u00e1t nhi\u1ec7t \u0111\u1ed9:<br \/>\nKi\u1ec3m so\u00e1t nhi\u1ec7t \u0111\u1ed9 \u0111\u1ea1t \u0111\u01b0\u1ee3c th\u00f4ng qua t\u00ednh to\u00e1n t\u1ef1 \u0111\u1ed9ng PV\/SV c\u1ee7a m\u00e1y vi t\u00ednh PID v\u00e0 hi\u1ec3n th\u1ecb \u0111\u1ed3ng th\u1eddi. B\u1ea5t k\u1ef3 \u0111i\u1ec1u ki\u1ec7n nhi\u1ec7t \u0111\u1ed9 n\u00e0o trong ph\u1ea1m vi nhi\u1ec7t \u0111\u1ed9 \u0111\u1ec1u c\u00f3 th\u1ec3 \u0111\u01b0\u1ee3c thi\u1ebft l\u1eadp theo nhu c\u1ea7u th\u1ef1c t\u1ebf v\u00e0 \u0111\u1ed9 ch\u00ednh x\u00e1c c\u1ee7a ki\u1ec3m so\u00e1t nhi\u1ec7t \u0111\u1ed9 c\u00f3 th\u1ec3 \u0111\u01b0\u1ee3c \u0111\u1ea3m b\u1ea3o th\u00f4ng qua c\u00e0i \u0111\u1eb7t tham s\u1ed1 PID trong b\u1ea3ng. C\u00e1c tham s\u1ed1 ki\u1ec3m so\u00e1t nhi\u1ec7t \u0111\u1ed9 th\u00edch h\u1ee3p c\u0169ng c\u00f3 th\u1ec3 \u0111\u01b0\u1ee3c t\u00ednh to\u00e1n b\u1edfi h\u1ec7 th\u1ed1ng c\u00f3 trong ch\u00ednh b\u1ea3ng<br \/>\nL\u1ef1c \u0111\u1ea7u v\u00e0o c\u1ea3m bi\u1ebfn nhi\u1ec7t \u0111\u1ed9 CA (K) TYPE \u0111\u1ea7u ra l\u00e0 12V.<br \/>\nB\u1ed9 \u0111i\u1ec1u khi\u1ec3n d\u00f2ng \u0111i\u1ec7n l\u00e0 r\u01a1le kh\u00f4ng ti\u1ebfp x\u00fac SSR, gi\u00fap duy tr\u00ec \u0111\u1ed9 \u1ed5n \u0111\u1ecbnh cao c\u1ee7a d\u00f2ng \u0111i\u1ec7n.<br \/>\nV\u1eadt li\u1ec7u gia nhi\u1ec7t l\u00e0 d\u00e2y gia nhi\u1ec7t h\u1ee3p kim niken cadmium nh\u1eadp kh\u1ea9u, kh\u00f4ng g\u00e2y \u00f4 nhi\u1ec5m v\u00e0 c\u00f3 tu\u1ed5i th\u1ecd cao.<\/p>\n<p>H\u1ec7 th\u1ed1ng cung c\u1ea5p kh\u00f4ng kh\u00ed:<br \/>\nTu\u1ea7n ho\u00e0n cung c\u1ea5p kh\u00ed ngang c\u01b0\u1ee1ng b\u1ee9c, ngu\u1ed3n kh\u00ed \u0111\u01b0\u1ee3c \u0111\u1ed9ng c\u01a1 tu\u1ea7n ho\u00e0n d\u1eabn \u0111\u1ed9ng b\u00e1nh xe gi\u00f3 qua l\u00f2 s\u01b0\u1edfi \u0111i\u1ec7n, v\u00e0 kh\u00ed n\u00f3ng \u0111\u01b0\u1ee3c \u0111\u01b0a v\u00e0o b\u00ean trong l\u00f2 th\u00f4ng qua \u1ed1ng d\u1eabn kh\u00ed. Sau khi s\u1eed d\u1ee5ng, kh\u00ed n\u00f3ng \u0111\u01b0\u1ee3c h\u00fat v\u00e0o \u1ed1ng d\u1eabn kh\u00ed l\u00e0m ngu\u1ed3n nhi\u1ec7t tu\u1ea7n ho\u00e0n ti\u1ebfp theo, do \u0111\u00f3 gi\u1ea3m t\u1ed5n th\u1ea5t n\u0103ng l\u01b0\u1ee3ng v\u00e0 \u0111\u1ea3m b\u1ea3o nhi\u1ec7t \u0111\u1ed9 \u0111\u1ed3ng \u0111\u1ec1u b\u00ean trong h\u1ed9p. Khi h\u00e0nh \u0111\u1ed9ng \u0111\u00f3ng m\u1edf c\u1eeda g\u00e2y nhi\u1ec5u lo\u1ea1n, h\u1ec7 th\u1ed1ng tu\u1ea7n ho\u00e0n cung c\u1ea5p kh\u00ed c\u00f3 th\u1ec3 nhanh ch\u00f3ng kh\u00f4i ph\u1ee5c gi\u00e1 tr\u1ecb nhi\u1ec7t \u0111\u1ed9 tr\u1ea1ng th\u00e1i ho\u1ea1t \u0111\u1ed9ng<br \/>\n\u0110\u1ed9ng c\u01a1 l\u00e0 lo\u1ea1i tr\u1ee5c d\u00e0i ch\u1ecbu nhi\u1ec7t \u0111\u1ed9 cao nh\u1eadp kh\u1ea9u t\u1eeb \u0110\u00e0i Loan, c\u00f4ng su\u1ea5t 1HP50Hz<br \/>\nQu\u1ea1t l\u00e0 lo\u1ea1i tuabin nhi\u1ec1u c\u00e1nh c\u00f3 \u0111\u1ed9 b\u1ec1n cao, \u0111\u01b0\u1ee3c trang b\u1ecb c\u00e1nh d\u1eabn h\u01b0\u1edbng c\u00f3 th\u1ec3 \u0111i\u1ec1u ch\u1ec9nh b\u00ean trong, gi\u00fap \u0111\u01b0\u1eddng \u0111i c\u1ee7a lu\u1ed3ng kh\u00f4ng kh\u00ed ch\u1ea1y \u00eam h\u01a1n.<\/p>\n<p>b\u1ea3o v\u1ec7:<br \/>\nB\u1ea3o v\u1ec7 nhi\u1ec7t \u0111\u1ed9 c\u1ef1c cao, kh\u00f4ng c\u1ea7n c\u1ea7u ch\u00ec, c\u1ea7u ch\u00ec g\u1ed1m, b\u1ea3o v\u1ec7 qu\u00e1 t\u1ea3i \u0111\u1ed9ng c\u01a1.<br \/>\nB\u1ed9 h\u1eb9n gi\u1edd 9999 gi\u00e2y \u0111\u1ebfn 9999 gi\u1edd (c\u00f3 ch\u1ee9c n\u0103ng chuy\u1ec3n \u0111\u1ed5i HMS v\u00e0 c\u00e0i \u0111\u1eb7t d\u1ea5u th\u1eadp ph\u00e2n)<br \/>\nKhi nhi\u1ec7t \u0111\u1ed9 \u0111\u1ea1t \u0111\u1ebfn th\u1eddi gian h\u1eb9n gi\u1edd, h\u00e3y t\u1eaft ngu\u1ed3n khi \u0111\u1ebfn gi\u1edd, d\u1eebng \u0111un n\u00f3ng v\u00e0 ph\u00e1t ra \u00e2m thanh b\u00e1o \u0111\u1ed9ng.<\/p>","protected":false},"excerpt":{"rendered":"<p>L\u00f2 n\u01b0\u1edbng n\u00e0y \u0111\u01b0\u1ee3c thi\u1ebft k\u1ebf chuy\u00ean d\u1ee5ng cho ph\u00f2ng th\u00ed nghi\u1ec7m, khoa x\u00e9t nghi\u1ec7m, b\u1ec7nh vi\u1ec7n v\u00e0 n\u01b0\u1edbng nhi\u1ec1u lo\u1ea1i s\u1ea3n ph\u1ea9m \u0111i\u1ec7n t\u1eed, n\u01b0\u1edbng th\u1ee7 c\u00f4ng m\u1ef9 ngh\u1ec7 b\u1eb1ng nh\u1ef1a epoxy, n\u01b0\u1edbng \u0111\u00fac \u0111i\u1ec7n v\u00e0 n\u01b0\u1edbng nhi\u1ec1u lo\u1ea1i ph\u1ee5 ki\u1ec7n t\u1eeb t\u00ednh. N\u00f3 \u0111\u01b0\u1ee3c s\u1eed d\u1ee5ng \u0111\u1ec3 n\u01b0\u1edbng, s\u1ea5y kh\u00f4, kh\u1eed tr\u00f9ng, x\u1eed l\u00fd nhi\u1ec7t l\u00e3o h\u00f3a v\u00e0 c\u00e1c m\u1ee5c \u0111\u00edch gia nhi\u1ec7t kh\u00e1c \u1edf nhi\u1ec7t \u0111\u1ed9 \u0111\u01b0\u1ee3c ch\u1ec9 \u0111\u1ecbnh.<\/p>","protected":false},"featured_media":1249,"template":"","meta":{"site-sidebar-layout":"default","site-content-layout":"","ast-site-content-layout":"default","site-content-style":"default","site-sidebar-style":"default","ast-global-header-display":"","ast-banner-title-visibility":"","ast-main-header-display":"","ast-hfb-above-header-display":"","ast-hfb-below-header-display":"","ast-hfb-mobile-header-display":"","site-post-title":"","ast-breadcrumbs-content":"","ast-featured-img":"","footer-sml-layout":"","ast-disable-related-posts":"","theme-transparent-header-meta":"default","adv-header-id-meta":"","stick-header-meta":"","header-above-stick-meta":"","header-main-stick-meta":"","header-below-stick-meta":"","astra-migrate-meta-layouts":"set","ast-page-background-enabled":"default","ast-page-background-meta":{"desktop":{"background-color":"var(--ast-global-color-4)","background-image":"","background-repeat":"repeat","background-position":"center center","background-size":"auto","background-attachment":"scroll","background-type":"","background-media":"","overlay-type":"","overlay-color":"","overlay-opacity":"","overlay-gradient":""},"tablet":{"background-color":"","background-image":"","background-repeat":"repeat","background-position":"center center","background-size":"auto","background-attachment":"scroll","background-type":"","background-media":"","overlay-type":"","overlay-color":"","overlay-opacity":"","overlay-gradient":""},"mobile":{"background-color":"","background-image":"","background-repeat":"repeat","background-position":"center center","background-size":"auto","background-attachment":"scroll","background-type":"","background-media":"","overlay-type":"","overlay-color":"","overlay-opacity":"","overlay-gradient":""}},"ast-content-background-meta":{"desktop":{"background-color":"var(--ast-global-color-5)","background-image":"","background-repeat":"repeat","background-position":"center center","background-size":"auto","background-attachment":"scroll","background-type":"","background-media":"","overlay-type":"","overlay-color":"","overlay-opacity":"","overlay-gradient":""},"tablet":{"background-color":"var(--ast-global-color-5)","background-image":"","background-repeat":"repeat","background-position":"center center","background-size":"auto","background-attachment":"scroll","background-type":"","background-media":"","overlay-type":"","overlay-color":"","overlay-opacity":"","overlay-gradient":""},"mobile":{"background-color":"var(--ast-global-color-5)","background-image":"","background-repeat":"repeat","background-position":"center center","background-size":"auto","background-attachment":"scroll","background-type":"","background-media":"","overlay-type":"","overlay-color":"","overlay-opacity":"","overlay-gradient":""}}},"product_brand":[],"product_cat":[30],"product_tag":[],"class_list":{"0":"post-1248","1":"product","2":"type-product","3":"status-publish","4":"has-post-thumbnail","6":"product_cat-environmental-testing-series","7":"desktop-align-left","8":"tablet-align-left","9":"mobile-align-left","11":"first","12":"instock","13":"shipping-taxable","14":"product-type-simple"},"yoast_head":"<!-- This site is optimized with the Yoast SEO plugin v23.9 - https:\/\/yoast.com\/wordpress\/plugins\/seo\/ -->\n<title>High temperature box - Battery testing equipment series, environmental testing chamber series<\/title>\n<meta name=\"robots\" content=\"index, follow, max-snippet:-1, max-image-preview:large, max-video-preview:-1\" \/>\n<link rel=\"canonical\" href=\"https:\/\/jdtestchamber.com\/vi\/s\u1ea3n%20ph\u1ea9m\/hop-nhiet-do-cao\/\" \/>\n<meta property=\"og:locale\" content=\"vi_VN\" \/>\n<meta property=\"og:type\" content=\"article\" \/>\n<meta property=\"og:title\" content=\"High temperature box - Battery testing equipment series, environmental testing chamber series\" \/>\n<meta property=\"og:description\" content=\"This baking oven is specifically designed for laboratories, laboratory departments, hospitals, and various electronic product baking, epoxy resin handicraft baking, electrical casting baking, and baking of various magnetic accessories. It is used for baking, drying, disinfection, heat treatment aging, and other heating purposes at designated temperatures.\" \/>\n<meta property=\"og:url\" content=\"https:\/\/jdtestchamber.com\/vi\/s\u1ea3n ph\u1ea9m\/hop-nhiet-do-cao\/\" \/>\n<meta property=\"og:site_name\" content=\"Battery testing equipment series, environmental testing chamber series\" \/>\n<meta property=\"article:modified_time\" content=\"2024-12-19T08:54:30+00:00\" \/>\n<meta property=\"og:image\" content=\"https:\/\/jdtestchamber.com\/wp-content\/uploads\/2024\/11\/High-temperature-box.jpg\" \/>\n\t<meta property=\"og:image:width\" content=\"800\" \/>\n\t<meta property=\"og:image:height\" content=\"800\" \/>\n\t<meta property=\"og:image:type\" content=\"image\/jpeg\" \/>\n<meta name=\"twitter:card\" content=\"summary_large_image\" \/>\n<meta name=\"twitter:label1\" content=\"\u01af\u1edbc t\u00ednh th\u1eddi gian \u0111\u1ecdc\" \/>\n\t<meta name=\"twitter:data1\" content=\"3 ph\u00fat\" \/>\n<script type=\"application\/ld+json\" class=\"yoast-schema-graph\">{\"@context\":\"https:\/\/schema.org\",\"@graph\":[{\"@type\":\"WebPage\",\"@id\":\"https:\/\/jdtestchamber.com\/product\/high-temperature-box\/\",\"url\":\"https:\/\/jdtestchamber.com\/product\/high-temperature-box\/\",\"name\":\"High temperature box - Battery testing equipment series, environmental testing chamber series\",\"isPartOf\":{\"@id\":\"https:\/\/jdtestchamber.com\/#website\"},\"primaryImageOfPage\":{\"@id\":\"https:\/\/jdtestchamber.com\/product\/high-temperature-box\/#primaryimage\"},\"image\":{\"@id\":\"https:\/\/jdtestchamber.com\/product\/high-temperature-box\/#primaryimage\"},\"thumbnailUrl\":\"https:\/\/jdtestchamber.com\/wp-content\/uploads\/2024\/11\/High-temperature-box.jpg\",\"datePublished\":\"2024-11-29T10:16:26+00:00\",\"dateModified\":\"2024-12-19T08:54:30+00:00\",\"breadcrumb\":{\"@id\":\"https:\/\/jdtestchamber.com\/product\/high-temperature-box\/#breadcrumb\"},\"inLanguage\":\"vi\",\"potentialAction\":[{\"@type\":\"ReadAction\",\"target\":[\"https:\/\/jdtestchamber.com\/product\/high-temperature-box\/\"]}]},{\"@type\":\"ImageObject\",\"inLanguage\":\"vi\",\"@id\":\"https:\/\/jdtestchamber.com\/product\/high-temperature-box\/#primaryimage\",\"url\":\"https:\/\/jdtestchamber.com\/wp-content\/uploads\/2024\/11\/High-temperature-box.jpg\",\"contentUrl\":\"https:\/\/jdtestchamber.com\/wp-content\/uploads\/2024\/11\/High-temperature-box.jpg\",\"width\":800,\"height\":800},{\"@type\":\"BreadcrumbList\",\"@id\":\"https:\/\/jdtestchamber.com\/product\/high-temperature-box\/#breadcrumb\",\"itemListElement\":[{\"@type\":\"ListItem\",\"position\":1,\"name\":\"Home\",\"item\":\"https:\/\/jdtestchamber.com\/\"},{\"@type\":\"ListItem\",\"position\":2,\"name\":\"Product\",\"item\":\"https:\/\/jdtestchamber.com\/product\/\"},{\"@type\":\"ListItem\",\"position\":3,\"name\":\"High temperature box\"}]},{\"@type\":\"WebSite\",\"@id\":\"https:\/\/jdtestchamber.com\/#website\",\"url\":\"https:\/\/jdtestchamber.com\/\",\"name\":\"Battery testing equipment series, environmental testing chamber series\",\"description\":\"Manufacturer of experimental equipment\",\"publisher\":{\"@id\":\"https:\/\/jdtestchamber.com\/#organization\"},\"potentialAction\":[{\"@type\":\"SearchAction\",\"target\":{\"@type\":\"EntryPoint\",\"urlTemplate\":\"https:\/\/jdtestchamber.com\/?s={search_term_string}\"},\"query-input\":{\"@type\":\"PropertyValueSpecification\",\"valueRequired\":true,\"valueName\":\"search_term_string\"}}],\"inLanguage\":\"vi\"},{\"@type\":\"Organization\",\"@id\":\"https:\/\/jdtestchamber.com\/#organization\",\"name\":\"Battery testing equipment series, environmental testing chamber series\",\"url\":\"https:\/\/jdtestchamber.com\/\",\"logo\":{\"@type\":\"ImageObject\",\"inLanguage\":\"vi\",\"@id\":\"https:\/\/jdtestchamber.com\/#\/schema\/logo\/image\/\",\"url\":\"https:\/\/jdtestchamber.com\/wp-content\/uploads\/2024\/12\/LOGO03.png\",\"contentUrl\":\"https:\/\/jdtestchamber.com\/wp-content\/uploads\/2024\/12\/LOGO03.png\",\"width\":776,\"height\":225,\"caption\":\"Battery testing equipment series, environmental testing chamber series\"},\"image\":{\"@id\":\"https:\/\/jdtestchamber.com\/#\/schema\/logo\/image\/\"}}]}<\/script>\n<!-- \/ Yoast SEO plugin. -->","yoast_head_json":{"title":"H\u1ed9p nhi\u1ec7t \u0111\u1ed9 cao - D\u00f2ng thi\u1ebft b\u1ecb ki\u1ec3m tra pin, d\u00f2ng bu\u1ed3ng ki\u1ec3m tra m\u00f4i tr\u01b0\u1eddng","robots":{"index":"index","follow":"follow","max-snippet":"max-snippet:-1","max-image-preview":"max-image-preview:large","max-video-preview":"max-video-preview:-1"},"canonical":"https:\/\/jdtestchamber.com\/vi\/s\u1ea3n ph\u1ea9m\/hop-nhiet-do-cao\/","og_locale":"vi_VN","og_type":"article","og_title":"High temperature box - Battery testing equipment series, environmental testing chamber series","og_description":"This baking oven is specifically designed for laboratories, laboratory departments, hospitals, and various electronic product baking, epoxy resin handicraft baking, electrical casting baking, and baking of various magnetic accessories. It is used for baking, drying, disinfection, heat treatment aging, and other heating purposes at designated temperatures.","og_url":"https:\/\/jdtestchamber.com\/vi\/s\u1ea3n ph\u1ea9m\/hop-nhiet-do-cao\/","og_site_name":"Battery testing equipment series, environmental testing chamber series","article_modified_time":"2024-12-19T08:54:30+00:00","og_image":[{"width":800,"height":800,"url":"https:\/\/jdtestchamber.com\/wp-content\/uploads\/2024\/11\/High-temperature-box.jpg","type":"image\/jpeg"}],"twitter_card":"summary_large_image","twitter_misc":{"\u01af\u1edbc t\u00ednh th\u1eddi gian \u0111\u1ecdc":"3 ph\u00fat"},"schema":{"@context":"https:\/\/schema.org","@graph":[{"@type":"WebPage","@id":"https:\/\/jdtestchamber.com\/product\/high-temperature-box\/","url":"https:\/\/jdtestchamber.com\/product\/high-temperature-box\/","name":"H\u1ed9p nhi\u1ec7t \u0111\u1ed9 cao - D\u00f2ng thi\u1ebft b\u1ecb ki\u1ec3m tra pin, d\u00f2ng bu\u1ed3ng ki\u1ec3m tra m\u00f4i tr\u01b0\u1eddng","isPartOf":{"@id":"https:\/\/jdtestchamber.com\/#website"},"primaryImageOfPage":{"@id":"https:\/\/jdtestchamber.com\/product\/high-temperature-box\/#primaryimage"},"image":{"@id":"https:\/\/jdtestchamber.com\/product\/high-temperature-box\/#primaryimage"},"thumbnailUrl":"https:\/\/jdtestchamber.com\/wp-content\/uploads\/2024\/11\/High-temperature-box.jpg","datePublished":"2024-11-29T10:16:26+00:00","dateModified":"2024-12-19T08:54:30+00:00","breadcrumb":{"@id":"https:\/\/jdtestchamber.com\/product\/high-temperature-box\/#breadcrumb"},"inLanguage":"vi","potentialAction":[{"@type":"ReadAction","target":["https:\/\/jdtestchamber.com\/product\/high-temperature-box\/"]}]},{"@type":"ImageObject","inLanguage":"vi","@id":"https:\/\/jdtestchamber.com\/product\/high-temperature-box\/#primaryimage","url":"https:\/\/jdtestchamber.com\/wp-content\/uploads\/2024\/11\/High-temperature-box.jpg","contentUrl":"https:\/\/jdtestchamber.com\/wp-content\/uploads\/2024\/11\/High-temperature-box.jpg","width":800,"height":800},{"@type":"BreadcrumbList","@id":"https:\/\/jdtestchamber.com\/product\/high-temperature-box\/#breadcrumb","itemListElement":[{"@type":"ListItem","position":1,"name":"Home","item":"https:\/\/jdtestchamber.com\/"},{"@type":"ListItem","position":2,"name":"Product","item":"https:\/\/jdtestchamber.com\/product\/"},{"@type":"ListItem","position":3,"name":"High temperature box"}]},{"@type":"WebSite","@id":"https:\/\/jdtestchamber.com\/#website","url":"https:\/\/jdtestchamber.com\/","name":"D\u00f2ng thi\u1ebft b\u1ecb ki\u1ec3m tra pin, d\u00f2ng bu\u1ed3ng ki\u1ec3m tra m\u00f4i tr\u01b0\u1eddng","description":"Nh\u00e0 s\u1ea3n xu\u1ea5t thi\u1ebft b\u1ecb th\u00ed nghi\u1ec7m","publisher":{"@id":"https:\/\/jdtestchamber.com\/#organization"},"potentialAction":[{"@type":"SearchAction","target":{"@type":"EntryPoint","urlTemplate":"https:\/\/jdtestchamber.com\/?s={search_term_string}"},"query-input":{"@type":"PropertyValueSpecification","valueRequired":true,"valueName":"search_term_string"}}],"inLanguage":"vi"},{"@type":"Organization","@id":"https:\/\/jdtestchamber.com\/#organization","name":"D\u00f2ng thi\u1ebft b\u1ecb ki\u1ec3m tra pin, d\u00f2ng bu\u1ed3ng ki\u1ec3m tra m\u00f4i tr\u01b0\u1eddng","url":"https:\/\/jdtestchamber.com\/","logo":{"@type":"ImageObject","inLanguage":"vi","@id":"https:\/\/jdtestchamber.com\/#\/schema\/logo\/image\/","url":"https:\/\/jdtestchamber.com\/wp-content\/uploads\/2024\/12\/LOGO03.png","contentUrl":"https:\/\/jdtestchamber.com\/wp-content\/uploads\/2024\/12\/LOGO03.png","width":776,"height":225,"caption":"Battery testing equipment series, environmental testing chamber series"},"image":{"@id":"https:\/\/jdtestchamber.com\/#\/schema\/logo\/image\/"}}]}},"_links":{"self":[{"href":"https:\/\/jdtestchamber.com\/vi\/wp-json\/wp\/v2\/product\/1248","targetHints":{"allow":["GET"]}}],"collection":[{"href":"https:\/\/jdtestchamber.com\/vi\/wp-json\/wp\/v2\/product"}],"about":[{"href":"https:\/\/jdtestchamber.com\/vi\/wp-json\/wp\/v2\/types\/product"}],"wp:featuredmedia":[{"embeddable":true,"href":"https:\/\/jdtestchamber.com\/vi\/wp-json\/wp\/v2\/media\/1249"}],"wp:attachment":[{"href":"https:\/\/jdtestchamber.com\/vi\/wp-json\/wp\/v2\/media?parent=1248"}],"wp:term":[{"taxonomy":"product_brand","embeddable":true,"href":"https:\/\/jdtestchamber.com\/vi\/wp-json\/wp\/v2\/product_brand?post=1248"},{"taxonomy":"product_cat","embeddable":true,"href":"https:\/\/jdtestchamber.com\/vi\/wp-json\/wp\/v2\/product_cat?post=1248"},{"taxonomy":"product_tag","embeddable":true,"href":"https:\/\/jdtestchamber.com\/vi\/wp-json\/wp\/v2\/product_tag?post=1248"}],"curies":[{"name":"wp","href":"https:\/\/api.w.org\/{rel}","templated":true}]}}