{"id":1258,"date":"2024-11-29T10:13:24","date_gmt":"2024-11-29T10:13:24","guid":{"rendered":"https:\/\/jdtestchamber.com\/?post_type=product&#038;p=1258"},"modified":"2024-12-19T09:04:16","modified_gmt":"2024-12-19T09:04:16","slug":"lo-nuong-chan-khong-ba-lop","status":"publish","type":"product","link":"https:\/\/jdtestchamber.com\/vi\/s\u1ea3n ph\u1ea9m\/lo-nuong-chan-khong-ba-lop\/","title":{"rendered":"L\u00f2 n\u01b0\u1edbng ch\u00e2n kh\u00f4ng ba l\u1edbp"},"content":{"rendered":"<p>Gi\u1edbi thi\u1ec7u thi\u1ebft b\u1ecb;<br \/>\nL\u00f2 ch\u00e2n kh\u00f4ng pin nhi\u1ec1u l\u1edbp c\u00f3 n\u1ed3i trong b\u1eb1ng th\u00e9p kh\u00f4ng g\u1ec9 v\u00e0 c\u00f3 th\u1ec3 ho\u1ea1t \u0111\u1ed9ng \u0111\u1ed9c l\u1eadp. C\u00e1c ch\u1ebf \u0111\u1ed9 l\u00e0m n\u00f3ng, h\u00fat ch\u00e2n kh\u00f4ng v\u00e0 n\u1ea1p nit\u01a1 l\u00e0 tu\u1ea7n ho\u00e0n t\u1ef1 \u0111\u1ed9ng v\u00e0 th\u1eddi gian cho m\u1ed7i giai \u0111o\u1ea1n l\u00e0m vi\u1ec7c \u0111\u01b0\u1ee3c thi\u1ebft l\u1eadp th\u00f4ng qua m\u00e0n h\u00ecnh c\u1ea3m \u1ee9ng. L\u00f2 ch\u00e2n kh\u00f4ng s\u1eed d\u1ee5ng h\u1ec7 th\u1ed1ng \u0111i\u1ec1u khi\u1ec3n PLC v\u00e0 thao t\u00e1c m\u00e0n h\u00ecnh c\u1ea3m \u1ee9ng, v\u1edbi th\u1eddi gian l\u00e0m n\u00f3ng ng\u1eafn, th\u1eddi gian t\u1ea3n nhi\u1ec7t nhanh v\u00e0 hi\u1ec7u qu\u1ea3 gi\u1eef \u00e1p su\u1ea5t t\u1ed1t. C\u00e1c ph\u01b0\u01a1ng ph\u00e1p gia nhi\u1ec7t l\u00e0 b\u1ee9c x\u1ea1 nhi\u1ec7t v\u00e0 d\u1eabn nhi\u1ec7t<\/p>\n<p>Ch\u1ee9c n\u0103ng c\u1ee7a thi\u1ebft b\u1ecb:<br \/>\n1. B\u1eb1ng c\u00e1ch s\u1eed d\u1ee5ng m\u00e0n h\u00ecnh c\u1ea3m \u1ee9ng \u0111\u1ec3 c\u00e0i \u0111\u1eb7t c\u00e1c th\u00f4ng s\u1ed1 nh\u01b0 nhi\u1ec7t \u0111\u1ed9, th\u1eddi gian nhi\u1ec7t \u0111\u1ed9 kh\u00f4ng \u0111\u1ed5i, h\u00fat ch\u00e2n kh\u00f4ng v\u00e0 n\u1ea1p nit\u01a1 cho l\u00f2 ch\u00e2n kh\u00f4ng, PLC t\u1ef1 \u0111\u1ed9ng ho\u00e0n th\u00e0nh c\u00e1c ch\u1ee9c n\u0103ng sau: h\u00fat ch\u00e2n kh\u00f4ng \u2192 l\u1eafng \u2192 n\u1ea1p nit\u01a1 \u2192 h\u00fat ch\u00e2n kh\u00f4ng \u2192 l\u1eafng \u2192 n\u1ea1p nit\u01a1 (c\u00e1c chu k\u1ef3 l\u1eb7p l\u1ea1i s\u1eed d\u1ee5ng c\u00e1c chu k\u1ef3 \u0111i\u1ec1u khi\u1ec3n th\u1eddi gian);<br \/>\n2. C\u00f3 c\u00e1c ch\u1ee9c n\u0103ng nh\u01b0 b\u1ea3o v\u1ec7 qu\u00e1 nhi\u1ec7t, b\u1ea3o v\u1ec7 qu\u00e1 t\u1ea3i, b\u1ea3o v\u1ec7 m\u1ea5t pha v\u00e0 c\u00f3 th\u1ec3 t\u1ef1 \u0111\u1ed9ng d\u1eebng gia nhi\u1ec7t, h\u00fat ch\u00e2n kh\u00f4ng v\u00e0 c\u00e1c ch\u1ee9c n\u0103ng kh\u00e1c khi c\u00f3 l\u1ed7i;<br \/>\n3. Thi\u1ebft b\u1ecb d\u1ec5 v\u1eadn h\u00e0nh m\u00e0 kh\u00f4ng c\u1ea7n nh\u00e2n vi\u00ean chuy\u00ean nghi\u1ec7p, c\u00f4ng nh\u00e2n c\u00f3 th\u1ec3 d\u1ec5 d\u00e0ng l\u00e0m ch\u1ee7;<br \/>\n4. Thi\u1ebft b\u1ecb s\u1eed d\u1ee5ng van \u0111i\u1ec1u khi\u1ec3n ch\u00e2n kh\u00f4ng chuy\u00ean d\u1ee5ng, b\u01a1m ch\u00e2n kh\u00f4ng v\u00e0 n\u1ea1p nit\u01a1, hi\u1ec7u su\u1ea5t cao, ti\u1ebft ki\u1ec7m nh\u00e2n c\u00f4ng v\u00e0 hi\u1ec7u su\u1ea5t s\u1ea3n ph\u1ea9m t\u1ed1t;<br \/>\n5. Khoang b\u00ean trong c\u1ee7a thi\u1ebft b\u1ecb \u0111\u01b0\u1ee3c c\u1ea5u t\u1ea1o t\u1eeb th\u00e9p kh\u00f4ng g\u1ec9 304 # d\u00e0y 4,0mm h\u00e0n l\u1ea1i v\u1edbi nhau, c\u00f3 kh\u1ea3 n\u0103ng ch\u1ed1ng \u0103n m\u00f2n m\u1ea1nh v\u00e0 b\u01a1m ch\u00e2n kh\u00f4ng \u0111\u01b0\u1ee3c t\u0103ng c\u01b0\u1eddng \u0111\u1ec3 ch\u1ed1ng bi\u1ebfn d\u1ea1ng; H\u1ed9p b\u00ean ngo\u00e0i \u0111\u01b0\u1ee3c l\u00e0m b\u1eb1ng th\u00e9p t\u1ea5m c\u00e1n ngu\u1ed9i Q235 d\u00e0y 1,2mm, s\u1eaft g\u00f3c, th\u00e9p k\u00eanh v\u00e0 c\u00e1c v\u1eadt li\u1ec7u kh\u00e1c; M\u1ed9t bu\u1ed3ng m\u1edf m\u1ed9t c\u1eeda; Thi\u1ebft b\u1ecb \u0111\u01b0\u1ee3c trang b\u1ecb b\u00e1nh xe di chuy\u1ec3n v\u00e0 c\u1ed1c ch\u00e2n c\u1ed1 \u0111\u1ecbnh;<br \/>\n6. \u1ed0ng gia nhi\u1ec7t b\u1eb1ng th\u00e9p kh\u00f4ng g\u1ec9 ch\u1ea5t l\u01b0\u1ee3ng cao \u0111\u01b0\u1ee3c s\u1eed d\u1ee5ng \u0111\u1ec3 gia nhi\u1ec7t b\u00ean ngo\u00e0i, ki\u1ec3m so\u00e1t nhi\u1ec7t \u0111\u1ed9 \u0111\u1ed3ng \u0111\u1ec1u. Thi\u1ebft b\u1ecb \u0111\u01b0\u1ee3c ki\u1ec3m tra nhi\u1ec7t \u0111\u1ed9, ki\u1ec3m tra ch\u00e2n kh\u00f4ng, v.v. tr\u01b0\u1edbc khi xu\u1ea5t x\u01b0\u1edfng<\/p>\n<p>Th\u00f4ng s\u1ed1 k\u1ef9 thu\u1eadt h\u1ed9p:<br \/>\n1. K\u00edch th\u01b0\u1edbc b\u00ean trong: 700 (r\u1ed9ng) x 700 (s\u00e2u) x 300 (cao) mm; (Ba h\u1ed9p \u0111i\u1ec1u khi\u1ec3n \u0111\u1ed9c l\u1eadp)<br \/>\n2. K\u00edch th\u01b0\u1edbc b\u00ean ngo\u00e0i x\u1ea5p x\u1ec9 1450 (r\u1ed9ng) x 980 (s\u00e2u) x 1820 (cao) mm+110 b\u00e1nh xe, t\u00f9y thu\u1ed9c v\u00e0o s\u1ea3n ph\u1ea9m th\u1ef1c t\u1ebf;<br \/>\n3. V\u00e1ch ng\u0103n: M\u1ed7i h\u1ed9p \u0111\u01b0\u1ee3c chia th\u00e0nh m\u1ed9t l\u1edbp, c\u00f3 v\u00e1ch ng\u0103n c\u00e1ch \u0111\u00e1y 30mm, c\u00f3 th\u1ec3 th\u00e1o l\u1eafp d\u1ec5 d\u00e0ng;<br \/>\n4. C\u1eeda s\u1ed5 nh\u00ecn th\u1ea5y \u0111\u01b0\u1ee3c: Kh\u00f4ng c\u00f3 c\u1eeda s\u1ed5 nh\u00ecn th\u1ea5y \u0111\u01b0\u1ee3c tr\u00ean c\u1eeda;<br \/>\n5. V\u1eadt li\u1ec7u b\u00ean trong l\u00e0 t\u1ea5m th\u00e9p kh\u00f4ng g\u1ec9 c\u00f4ng nghi\u1ec7p 304 #, d\u00e0y 4.0mm, \u0111\u01b0\u1ee3c x\u1eed l\u00fd gia c\u1ed1, h\u00fat ch\u00e2n kh\u00f4ng m\u00e0 kh\u00f4ng b\u1ecb bi\u1ebfn d\u1ea1ng;<br \/>\n6. V\u1eadt li\u1ec7u b\u00ean ngo\u00e0i l\u00e0 th\u00e9p t\u1ea5m c\u00e1n ngu\u1ed9i Q235, d\u00e0y 1,2mm, \u0111\u01b0\u1ee3c x\u1eed l\u00fd b\u1eb1ng s\u01a1n ph\u1ee7 b\u1ed9t;<br \/>\n7. V\u1eadt li\u1ec7u c\u00e1ch nhi\u1ec7t l\u00e0: b\u00f4ng kho\u00e1ng ch\u1ecbu nhi\u1ec7t \u0111\u1ed9 cao, c\u00f3 t\u00e1c d\u1ee5ng c\u00e1ch nhi\u1ec7t t\u1ed1t;<br \/>\n8. V\u1eadt li\u1ec7u l\u00e0m k\u00edn l\u00e0: d\u1ea3i silicon ch\u1ecbu nhi\u1ec7t \u0111\u1ed9 cao;<br \/>\n9. L\u1eafp b\u00e1nh xe di chuy\u1ec3n v\u00e0 ch\u1ed7 \u0111\u1ec3 ch\u00e2n c\u1ed1 \u0111\u1ecbnh c\u00f3 th\u1ec3 \u0111i\u1ec1u ch\u1ec9nh, c\u00f3 th\u1ec3 \u0111\u1ea9y tho\u1ea3i m\u00e1i;<br \/>\n10. C\u1ea5u tr\u00fac h\u1ed9p l\u00e0 lo\u1ea1i k\u1ebft n\u1ed1i, ph\u1ea7n b\u00ean tr\u00e1i l\u00e0 h\u1ed9p s\u1ea3n ph\u1ea9m tr\u00ean, gi\u1eefa v\u00e0 d\u01b0\u1edbi, ph\u1ea7n b\u00ean ph\u1ea3i l\u00e0 l\u1eafp \u0111\u1eb7t \u0111i\u1ec1u khi\u1ec3n \u0111i\u1ec7n t\u1eed v\u00e0 b\u01a1m ch\u00e2n kh\u00f4ng.<\/p>\n<p>H\u1ec7 th\u1ed1ng ki\u1ec3m so\u00e1t nhi\u1ec7t \u0111\u1ed9:<br \/>\n1. Ki\u1ec3m so\u00e1t nhi\u1ec7t \u0111\u1ed9 \u0111\u1ea1t \u0111\u01b0\u1ee3c th\u00f4ng qua m\u1ed9t thi\u1ebft b\u1ecb m\u00e0n h\u00ecnh c\u1ea3m \u1ee9ng (TEMI970), \u0111i\u1ec1u khi\u1ec3n nhi\u1ec7t \u0111\u1ed9, b\u01a1m ch\u00e2n kh\u00f4ng v\u00e0 ch\u1ee9c n\u0103ng n\u1ea1p nit\u01a1. N\u00f3 c\u00f3 th\u1ec3 t\u1ef1 \u0111\u1ed9ng t\u00ednh to\u00e1n v\u00e0 hi\u1ec3n th\u1ecb PV\/SV \u0111\u1ed3ng th\u1eddi, v\u1edbi c\u00e0i \u0111\u1eb7t c\u1ea3m \u1ee9ng;<br \/>\n2. Ch\u1ee9c n\u0103ng h\u1eb9n gi\u1edd: Thi\u1ebft b\u1ecb c\u00f3 ch\u1ee9c n\u0103ng h\u1eb9n gi\u1edd t\u00edch h\u1ee3p, d\u1eebng c\u00e1c ch\u1ee9c n\u0103ng l\u00e0m n\u00f3ng, h\u00fat ch\u00e2n kh\u00f4ng, n\u1ea1p nit\u01a1 v\u00e0 c\u00e1c ch\u1ee9c n\u0103ng kh\u00e1c khi h\u1ebft th\u1eddi gian, \u0111\u1ed3ng th\u1eddi cung c\u1ea5p l\u1eddi nh\u1eafc b\u00e1o \u0111\u1ed9ng;<br \/>\n3. Lo\u1ea1i d\u00e2y c\u1ea3m bi\u1ebfn nhi\u1ec7t \u0111\u1ed9 (PT100);<br \/>\n4. \u0110\u1ea7u ra l\u00e0 DC3-32V;<br \/>\n5. B\u1ed9 \u0111i\u1ec1u khi\u1ec3n d\u00f2ng \u0111i\u1ec7n l\u00e0 r\u01a1le tr\u1ea1ng th\u00e1i r\u1eafn (SSR) kh\u00f4ng c\u00f3 ti\u1ebfp \u0111i\u1ec3m;<br \/>\n6. Ph\u01b0\u01a1ng ph\u00e1p gia nhi\u1ec7t: \u0110\u1ed1i l\u01b0u b\u1ee9c x\u1ea1 nhi\u1ec7t, l\u1eafp \u1ed1ng gia nhi\u1ec7t b\u00ean ngo\u00e0i bu\u1ed3ng;<br \/>\n7. B\u1ed9 ph\u1eadn gia nhi\u1ec7t l\u00e0 \u1ed1ng gia nhi\u1ec7t b\u1eb1ng th\u00e9p kh\u00f4ng g\u1ec9 ch\u1ecbu nhi\u1ec7t \u0111\u1ed9 cao;<br \/>\n8. Ph\u1ea1m vi nhi\u1ec7t \u0111\u1ed9: gi\u1eefa nhi\u1ec7t \u0111\u1ed9 ph\u00f2ng + 25 v\u00e0 200 \u2103;<br \/>\n9. \u0110\u1ed9 ch\u00ednh x\u00e1c \u0111i\u1ec1u khi\u1ec3n: \u00b1 0,5 \u2103; (Tr\u1ea1ng th\u00e1i kh\u00f4ng \u0111\u1ed5i)<br \/>\n10. \u0110\u1ed9 ch\u00ednh x\u00e1c hi\u1ec3n th\u1ecb: 0,1 \u2103;<br \/>\n11. Ph\u00e2n b\u1ed1 \u0111\u1ed9 l\u1ec7ch nhi\u1ec7t \u0111\u1ed9 b\u00ean trong h\u1ed9p: \u00b1 5 \u2103 (Ki\u1ec3m tra th\u00f9ng r\u1ed7ng)<\/p>\n<p>H\u1ec7 th\u1ed1ng ch\u00e2n kh\u00f4ng:<br \/>\n1. M\u00e1y n\u00e0y s\u1eed d\u1ee5ng d\u1ea3i gio\u0103ng silicon m\u1eadt \u0111\u1ed9 cao \u0111\u1ec3 gio\u0103ng c\u1eeda, hi\u1ec7u su\u1ea5t gio\u0103ng c\u1ee7a to\u00e0n b\u1ed9 m\u00e1y t\u1ed1t;<br \/>\n2. Ch\u1ebf \u0111\u1ed9 hi\u1ec3n th\u1ecb ch\u00e2n kh\u00f4ng: hi\u1ec3n th\u1ecb tr\u00ean m\u00e0n h\u00ecnh c\u1ea3m \u1ee9ng c\u1ee7a thi\u1ebft b\u1ecb, hi\u1ec3n th\u1ecb \u00e1p su\u1ea5t \u00e2m;<br \/>\n3. C\u1ea3m bi\u1ebfn ch\u00e2n kh\u00f4ng l\u00e0 b\u1ed9 truy\u1ec1n \u00e1p su\u1ea5t silicon khu\u1ebfch t\u00e1n;<br \/>\n4. Ph\u1ea1m vi \u0111\u1ed9 ch\u00e2n kh\u00f4ng: 0,0KPa \u0111\u1ebfn -100,00KPa ho\u1eb7c ph\u1ea1m vi t\u1ed1i \u0111a;<br \/>\n5. T\u1ed1c \u0111\u1ed9 r\u00f2 r\u1ec9 \u00e1p su\u1ea5t ch\u00e2n kh\u00f4ng: kho\u1ea3ng 0,1KPa m\u1ed7i gi\u1edd;<br \/>\n6. Ph\u01b0\u01a1ng ph\u00e1p \u0111i\u1ec1u khi\u1ec3n ch\u00e2n kh\u00f4ng l\u00e0 \u0111i\u1ec1u khi\u1ec3n t\u1ef1 \u0111\u1ed9ng, d\u1eebng khi \u0111\u1ea1t \u0111\u1ebfn gi\u1edbi h\u1ea1n tr\u00ean v\u00e0 b\u1eaft \u0111\u1ea7u khi d\u01b0\u1edbi gi\u1edbi h\u1ea1n d\u01b0\u1edbi, ho\u1ea1t \u0111\u1ed9ng theo chu k\u1ef3;<br \/>\n7. \u1ed0ng ch\u00e2n kh\u00f4ng: \u1ed0ng s\u00f3ng ch\u00e2n kh\u00f4ng cao c\u1ea5p KF25 b\u1eb1ng th\u00e9p kh\u00f4ng g\u1ec9 304 # + k\u1eb9p;<br \/>\n8. Van \u0111i\u1ec1u khi\u1ec3n ch\u00e2n kh\u00f4ng: s\u1eed d\u1ee5ng van kh\u00ed n\u00e9n ch\u00e2n kh\u00f4ng cao KF16;<br \/>\n9. C\u1ea5u h\u00ecnh ch\u00e2n kh\u00f4ng: M\u1ed9t b\u01a1m ch\u00e2n kh\u00f4ng XD-40 c\u00f3 c\u00f4ng su\u1ea5t 380V\/1.1KW;<br \/>\n10. Thi\u1ebft b\u1ecb x\u1ea3 c\u1ee7a b\u01a1m ch\u00e2n kh\u00f4ng c\u1ea7n ph\u1ea3i \u0111\u01b0\u1ee3c th\u00f4ng h\u01a1i ra ngo\u00e0i tr\u1eddi (c\u00f4ng ty c\u1ee7a b\u1ea1n s\u1ebd t\u1ef1 x\u1eed l\u00fd)<\/p>\n<p>Ngu\u1ed3n \u0111i\u1ec7n m\u00e1y v\u00e0 ngu\u1ed3n kh\u00ed:<br \/>\n1. \u0110i\u1ec7n \u00e1p 380V\/50Hz ba pha n\u0103m d\u00e2y<br \/>\n2. D\u00f2ng \u0111i\u1ec7n 23A<br \/>\n3. T\u1ed5ng c\u00f4ng su\u1ea5t 15KW<br \/>\n4. Ngu\u1ed3n kh\u00ed n\u00e9n 0,4-0,6MPa van ch\u00e2n kh\u00f4ng \u0111\u1ec3 s\u1eed d\u1ee5ng<br \/>\n5. Ngu\u1ed3n nit\u01a1 0,2-0,3MPa cho s\u1ea3n ph\u1ea9m n\u01b0\u1edbng<\/p>\n<p>H\u1ec7 th\u1ed1ng b\u1ea3o v\u1ec7:<br \/>\n1. H\u1ec7 th\u1ed1ng b\u1ea3o v\u1ec7 qu\u00e1 nhi\u1ec7t: Khi nhi\u1ec7t \u0111\u1ed9 v\u01b0\u1ee3t qu\u00e1 t\u1ea7m ki\u1ec3m so\u00e1t v\u00e0 v\u01b0\u1ee3t qu\u00e1 nhi\u1ec7t \u0111\u1ed9 c\u00e0i \u0111\u1eb7t, h\u1ec7 th\u1ed1ng b\u1ea3o v\u1ec7 qu\u00e1 nhi\u1ec7t s\u1ebd t\u1ef1 \u0111\u1ed9ng d\u1eebng gia nhi\u1ec7t v\u00e0 cung c\u1ea5p \u0111i\u1ec7n \u0111\u1ec3 b\u1ea3o v\u1ec7 an to\u00e0n cho s\u1ea3n ph\u1ea9m v\u00e0 m\u00e1y m\u00f3c;<br \/>\n2. H\u1ec7 th\u1ed1ng b\u1ea3o v\u1ec7 m\u1ea1ch: b\u1ea3o v\u1ec7 ti\u1ebfp \u0111\u1ecba, b\u1ea3o v\u1ec7 m\u1ea5t pha, c\u1ea7u ch\u00ec nhanh, b\u1ea3o v\u1ec7 qu\u00e1 t\u1ea3i<\/p>","protected":false},"excerpt":{"rendered":"<p>L\u00f2 ch\u00e2n kh\u00f4ng pin nhi\u1ec1u l\u1edbp c\u00f3 n\u1ed3i trong b\u1eb1ng th\u00e9p kh\u00f4ng g\u1ec9 v\u00e0 c\u00f3 th\u1ec3 ho\u1ea1t \u0111\u1ed9ng \u0111\u1ed9c l\u1eadp. C\u00e1c ch\u1ebf \u0111\u1ed9 l\u00e0m n\u00f3ng, h\u00fat ch\u00e2n kh\u00f4ng v\u00e0 n\u1ea1p nit\u01a1 l\u00e0 tu\u1ea7n ho\u00e0n t\u1ef1 \u0111\u1ed9ng v\u00e0 th\u1eddi gian cho m\u1ed7i giai \u0111o\u1ea1n l\u00e0m vi\u1ec7c \u0111\u01b0\u1ee3c thi\u1ebft l\u1eadp th\u00f4ng qua m\u00e0n h\u00ecnh c\u1ea3m \u1ee9ng. L\u00f2 ch\u00e2n kh\u00f4ng s\u1eed d\u1ee5ng h\u1ec7 th\u1ed1ng \u0111i\u1ec1u khi\u1ec3n PLC v\u00e0 thao t\u00e1c m\u00e0n h\u00ecnh c\u1ea3m \u1ee9ng, v\u1edbi th\u1eddi gian l\u00e0m n\u00f3ng ng\u1eafn, th\u1eddi gian t\u1ea3n nhi\u1ec7t nhanh v\u00e0 hi\u1ec7u qu\u1ea3 gi\u1eef \u00e1p su\u1ea5t t\u1ed1t. C\u00e1c ph\u01b0\u01a1ng ph\u00e1p gia nhi\u1ec7t l\u00e0 b\u1ee9c x\u1ea1 nhi\u1ec7t v\u00e0 d\u1eabn nhi\u1ec7t<\/p>","protected":false},"featured_media":1259,"template":"","meta":{"site-sidebar-layout":"default","site-content-layout":"","ast-site-content-layout":"default","site-content-style":"default","site-sidebar-style":"default","ast-global-header-display":"","ast-banner-title-visibility":"","ast-main-header-display":"","ast-hfb-above-header-display":"","ast-hfb-below-header-display":"","ast-hfb-mobile-header-display":"","site-post-title":"","ast-breadcrumbs-content":"","ast-featured-img":"","footer-sml-layout":"","ast-disable-related-posts":"","theme-transparent-header-meta":"default","adv-header-id-meta":"","stick-header-meta":"","header-above-stick-meta":"","header-main-stick-meta":"","header-below-stick-meta":"","astra-migrate-meta-layouts":"set","ast-page-background-enabled":"default","ast-page-background-meta":{"desktop":{"background-color":"var(--ast-global-color-4)","background-image":"","background-repeat":"repeat","background-position":"center center","background-size":"auto","background-attachment":"scroll","background-type":"","background-media":"","overlay-type":"","overlay-color":"","overlay-opacity":"","overlay-gradient":""},"tablet":{"background-color":"","background-image":"","background-repeat":"repeat","background-position":"center center","background-size":"auto","background-attachment":"scroll","background-type":"","background-media":"","overlay-type":"","overlay-color":"","overlay-opacity":"","overlay-gradient":""},"mobile":{"background-color":"","background-image":"","background-repeat":"repeat","background-position":"center center","background-size":"auto","background-attachment":"scroll","background-type":"","background-media":"","overlay-type":"","overlay-color":"","overlay-opacity":"","overlay-gradient":""}},"ast-content-background-meta":{"desktop":{"background-color":"var(--ast-global-color-5)","background-image":"","background-repeat":"repeat","background-position":"center center","background-size":"auto","background-attachment":"scroll","background-type":"","background-media":"","overlay-type":"","overlay-color":"","overlay-opacity":"","overlay-gradient":""},"tablet":{"background-color":"var(--ast-global-color-5)","background-image":"","background-repeat":"repeat","background-position":"center center","background-size":"auto","background-attachment":"scroll","background-type":"","background-media":"","overlay-type":"","overlay-color":"","overlay-opacity":"","overlay-gradient":""},"mobile":{"background-color":"var(--ast-global-color-5)","background-image":"","background-repeat":"repeat","background-position":"center center","background-size":"auto","background-attachment":"scroll","background-type":"","background-media":"","overlay-type":"","overlay-color":"","overlay-opacity":"","overlay-gradient":""}}},"product_brand":[],"product_cat":[30],"product_tag":[],"class_list":{"0":"post-1258","1":"product","2":"type-product","3":"status-publish","4":"has-post-thumbnail","6":"product_cat-environmental-testing-series","7":"desktop-align-left","8":"tablet-align-left","9":"mobile-align-left","11":"first","12":"instock","13":"shipping-taxable","14":"product-type-simple"},"yoast_head":"<!-- This site is optimized with the Yoast SEO plugin v23.9 - https:\/\/yoast.com\/wordpress\/plugins\/seo\/ -->\n<title>Three layer vacuum oven - Battery testing equipment series, environmental testing chamber series<\/title>\n<meta name=\"robots\" content=\"index, follow, max-snippet:-1, max-image-preview:large, max-video-preview:-1\" \/>\n<link rel=\"canonical\" href=\"https:\/\/jdtestchamber.com\/vi\/s\u1ea3n%20ph\u1ea9m\/lo-nuong-chan-khong-ba-lop\/\" \/>\n<meta property=\"og:locale\" content=\"vi_VN\" \/>\n<meta property=\"og:type\" content=\"article\" \/>\n<meta property=\"og:title\" content=\"Three layer vacuum oven - Battery testing equipment series, environmental testing chamber series\" \/>\n<meta property=\"og:description\" content=\"The multi-layer battery vacuum oven has a stainless steel inner pot and can work independently. The heating, vacuuming, and nitrogen filling modes are automatic circulation, and the time for each working stage is set through the touch screen. The vacuum oven adopts a PLC control system and touch screen operation, with short heating time, fast heat dissipation time, and good pressure holding effect. The heating methods are thermal radiation and thermal conduction\" \/>\n<meta property=\"og:url\" content=\"https:\/\/jdtestchamber.com\/vi\/s\u1ea3n ph\u1ea9m\/lo-nuong-chan-khong-ba-lop\/\" \/>\n<meta property=\"og:site_name\" content=\"Battery testing equipment series, environmental testing chamber series\" \/>\n<meta property=\"article:modified_time\" content=\"2024-12-19T09:04:16+00:00\" \/>\n<meta property=\"og:image\" content=\"https:\/\/jdtestchamber.com\/wp-content\/uploads\/2024\/11\/Three-layer-vacuum-oven.jpg\" \/>\n\t<meta property=\"og:image:width\" content=\"911\" \/>\n\t<meta property=\"og:image:height\" content=\"911\" \/>\n\t<meta property=\"og:image:type\" content=\"image\/jpeg\" \/>\n<meta name=\"twitter:card\" content=\"summary_large_image\" \/>\n<meta name=\"twitter:label1\" content=\"\u01af\u1edbc t\u00ednh th\u1eddi gian \u0111\u1ecdc\" \/>\n\t<meta name=\"twitter:data1\" content=\"4 ph\u00fat\" \/>\n<script type=\"application\/ld+json\" class=\"yoast-schema-graph\">{\"@context\":\"https:\/\/schema.org\",\"@graph\":[{\"@type\":\"WebPage\",\"@id\":\"https:\/\/jdtestchamber.com\/product\/three-layer-vacuum-oven\/\",\"url\":\"https:\/\/jdtestchamber.com\/product\/three-layer-vacuum-oven\/\",\"name\":\"Three layer vacuum oven - Battery testing equipment series, environmental testing chamber series\",\"isPartOf\":{\"@id\":\"https:\/\/jdtestchamber.com\/#website\"},\"primaryImageOfPage\":{\"@id\":\"https:\/\/jdtestchamber.com\/product\/three-layer-vacuum-oven\/#primaryimage\"},\"image\":{\"@id\":\"https:\/\/jdtestchamber.com\/product\/three-layer-vacuum-oven\/#primaryimage\"},\"thumbnailUrl\":\"https:\/\/jdtestchamber.com\/wp-content\/uploads\/2024\/11\/Three-layer-vacuum-oven.jpg\",\"datePublished\":\"2024-11-29T10:13:24+00:00\",\"dateModified\":\"2024-12-19T09:04:16+00:00\",\"breadcrumb\":{\"@id\":\"https:\/\/jdtestchamber.com\/product\/three-layer-vacuum-oven\/#breadcrumb\"},\"inLanguage\":\"vi\",\"potentialAction\":[{\"@type\":\"ReadAction\",\"target\":[\"https:\/\/jdtestchamber.com\/product\/three-layer-vacuum-oven\/\"]}]},{\"@type\":\"ImageObject\",\"inLanguage\":\"vi\",\"@id\":\"https:\/\/jdtestchamber.com\/product\/three-layer-vacuum-oven\/#primaryimage\",\"url\":\"https:\/\/jdtestchamber.com\/wp-content\/uploads\/2024\/11\/Three-layer-vacuum-oven.jpg\",\"contentUrl\":\"https:\/\/jdtestchamber.com\/wp-content\/uploads\/2024\/11\/Three-layer-vacuum-oven.jpg\",\"width\":911,\"height\":911},{\"@type\":\"BreadcrumbList\",\"@id\":\"https:\/\/jdtestchamber.com\/product\/three-layer-vacuum-oven\/#breadcrumb\",\"itemListElement\":[{\"@type\":\"ListItem\",\"position\":1,\"name\":\"Home\",\"item\":\"https:\/\/jdtestchamber.com\/\"},{\"@type\":\"ListItem\",\"position\":2,\"name\":\"Product\",\"item\":\"https:\/\/jdtestchamber.com\/product\/\"},{\"@type\":\"ListItem\",\"position\":3,\"name\":\"Three layer vacuum oven\"}]},{\"@type\":\"WebSite\",\"@id\":\"https:\/\/jdtestchamber.com\/#website\",\"url\":\"https:\/\/jdtestchamber.com\/\",\"name\":\"Battery testing equipment series, environmental testing chamber series\",\"description\":\"Manufacturer of experimental equipment\",\"publisher\":{\"@id\":\"https:\/\/jdtestchamber.com\/#organization\"},\"potentialAction\":[{\"@type\":\"SearchAction\",\"target\":{\"@type\":\"EntryPoint\",\"urlTemplate\":\"https:\/\/jdtestchamber.com\/?s={search_term_string}\"},\"query-input\":{\"@type\":\"PropertyValueSpecification\",\"valueRequired\":true,\"valueName\":\"search_term_string\"}}],\"inLanguage\":\"vi\"},{\"@type\":\"Organization\",\"@id\":\"https:\/\/jdtestchamber.com\/#organization\",\"name\":\"Battery testing equipment series, environmental testing chamber series\",\"url\":\"https:\/\/jdtestchamber.com\/\",\"logo\":{\"@type\":\"ImageObject\",\"inLanguage\":\"vi\",\"@id\":\"https:\/\/jdtestchamber.com\/#\/schema\/logo\/image\/\",\"url\":\"https:\/\/jdtestchamber.com\/wp-content\/uploads\/2024\/12\/LOGO03.png\",\"contentUrl\":\"https:\/\/jdtestchamber.com\/wp-content\/uploads\/2024\/12\/LOGO03.png\",\"width\":776,\"height\":225,\"caption\":\"Battery testing equipment series, environmental testing chamber series\"},\"image\":{\"@id\":\"https:\/\/jdtestchamber.com\/#\/schema\/logo\/image\/\"}}]}<\/script>\n<!-- \/ Yoast SEO plugin. -->","yoast_head_json":{"title":"L\u00f2 ch\u00e2n kh\u00f4ng ba l\u1edbp - D\u00f2ng thi\u1ebft b\u1ecb ki\u1ec3m tra pin, d\u00f2ng bu\u1ed3ng ki\u1ec3m tra m\u00f4i tr\u01b0\u1eddng","robots":{"index":"index","follow":"follow","max-snippet":"max-snippet:-1","max-image-preview":"max-image-preview:large","max-video-preview":"max-video-preview:-1"},"canonical":"https:\/\/jdtestchamber.com\/vi\/s\u1ea3n ph\u1ea9m\/lo-nuong-chan-khong-ba-lop\/","og_locale":"vi_VN","og_type":"article","og_title":"Three layer vacuum oven - Battery testing equipment series, environmental testing chamber series","og_description":"The multi-layer battery vacuum oven has a stainless steel inner pot and can work independently. The heating, vacuuming, and nitrogen filling modes are automatic circulation, and the time for each working stage is set through the touch screen. The vacuum oven adopts a PLC control system and touch screen operation, with short heating time, fast heat dissipation time, and good pressure holding effect. The heating methods are thermal radiation and thermal conduction","og_url":"https:\/\/jdtestchamber.com\/vi\/s\u1ea3n ph\u1ea9m\/lo-nuong-chan-khong-ba-lop\/","og_site_name":"Battery testing equipment series, environmental testing chamber series","article_modified_time":"2024-12-19T09:04:16+00:00","og_image":[{"width":911,"height":911,"url":"https:\/\/jdtestchamber.com\/wp-content\/uploads\/2024\/11\/Three-layer-vacuum-oven.jpg","type":"image\/jpeg"}],"twitter_card":"summary_large_image","twitter_misc":{"\u01af\u1edbc t\u00ednh th\u1eddi gian \u0111\u1ecdc":"4 ph\u00fat"},"schema":{"@context":"https:\/\/schema.org","@graph":[{"@type":"WebPage","@id":"https:\/\/jdtestchamber.com\/product\/three-layer-vacuum-oven\/","url":"https:\/\/jdtestchamber.com\/product\/three-layer-vacuum-oven\/","name":"L\u00f2 ch\u00e2n kh\u00f4ng ba l\u1edbp - D\u00f2ng thi\u1ebft b\u1ecb ki\u1ec3m tra pin, d\u00f2ng bu\u1ed3ng ki\u1ec3m tra m\u00f4i tr\u01b0\u1eddng","isPartOf":{"@id":"https:\/\/jdtestchamber.com\/#website"},"primaryImageOfPage":{"@id":"https:\/\/jdtestchamber.com\/product\/three-layer-vacuum-oven\/#primaryimage"},"image":{"@id":"https:\/\/jdtestchamber.com\/product\/three-layer-vacuum-oven\/#primaryimage"},"thumbnailUrl":"https:\/\/jdtestchamber.com\/wp-content\/uploads\/2024\/11\/Three-layer-vacuum-oven.jpg","datePublished":"2024-11-29T10:13:24+00:00","dateModified":"2024-12-19T09:04:16+00:00","breadcrumb":{"@id":"https:\/\/jdtestchamber.com\/product\/three-layer-vacuum-oven\/#breadcrumb"},"inLanguage":"vi","potentialAction":[{"@type":"ReadAction","target":["https:\/\/jdtestchamber.com\/product\/three-layer-vacuum-oven\/"]}]},{"@type":"ImageObject","inLanguage":"vi","@id":"https:\/\/jdtestchamber.com\/product\/three-layer-vacuum-oven\/#primaryimage","url":"https:\/\/jdtestchamber.com\/wp-content\/uploads\/2024\/11\/Three-layer-vacuum-oven.jpg","contentUrl":"https:\/\/jdtestchamber.com\/wp-content\/uploads\/2024\/11\/Three-layer-vacuum-oven.jpg","width":911,"height":911},{"@type":"BreadcrumbList","@id":"https:\/\/jdtestchamber.com\/product\/three-layer-vacuum-oven\/#breadcrumb","itemListElement":[{"@type":"ListItem","position":1,"name":"Home","item":"https:\/\/jdtestchamber.com\/"},{"@type":"ListItem","position":2,"name":"Product","item":"https:\/\/jdtestchamber.com\/product\/"},{"@type":"ListItem","position":3,"name":"Three layer vacuum oven"}]},{"@type":"WebSite","@id":"https:\/\/jdtestchamber.com\/#website","url":"https:\/\/jdtestchamber.com\/","name":"D\u00f2ng thi\u1ebft b\u1ecb ki\u1ec3m tra pin, d\u00f2ng bu\u1ed3ng ki\u1ec3m tra m\u00f4i tr\u01b0\u1eddng","description":"Nh\u00e0 s\u1ea3n xu\u1ea5t thi\u1ebft b\u1ecb th\u00ed nghi\u1ec7m","publisher":{"@id":"https:\/\/jdtestchamber.com\/#organization"},"potentialAction":[{"@type":"SearchAction","target":{"@type":"EntryPoint","urlTemplate":"https:\/\/jdtestchamber.com\/?s={search_term_string}"},"query-input":{"@type":"PropertyValueSpecification","valueRequired":true,"valueName":"search_term_string"}}],"inLanguage":"vi"},{"@type":"Organization","@id":"https:\/\/jdtestchamber.com\/#organization","name":"D\u00f2ng thi\u1ebft b\u1ecb ki\u1ec3m tra pin, d\u00f2ng bu\u1ed3ng ki\u1ec3m tra m\u00f4i tr\u01b0\u1eddng","url":"https:\/\/jdtestchamber.com\/","logo":{"@type":"ImageObject","inLanguage":"vi","@id":"https:\/\/jdtestchamber.com\/#\/schema\/logo\/image\/","url":"https:\/\/jdtestchamber.com\/wp-content\/uploads\/2024\/12\/LOGO03.png","contentUrl":"https:\/\/jdtestchamber.com\/wp-content\/uploads\/2024\/12\/LOGO03.png","width":776,"height":225,"caption":"Battery testing equipment series, environmental testing chamber series"},"image":{"@id":"https:\/\/jdtestchamber.com\/#\/schema\/logo\/image\/"}}]}},"_links":{"self":[{"href":"https:\/\/jdtestchamber.com\/vi\/wp-json\/wp\/v2\/product\/1258","targetHints":{"allow":["GET"]}}],"collection":[{"href":"https:\/\/jdtestchamber.com\/vi\/wp-json\/wp\/v2\/product"}],"about":[{"href":"https:\/\/jdtestchamber.com\/vi\/wp-json\/wp\/v2\/types\/product"}],"wp:featuredmedia":[{"embeddable":true,"href":"https:\/\/jdtestchamber.com\/vi\/wp-json\/wp\/v2\/media\/1259"}],"wp:attachment":[{"href":"https:\/\/jdtestchamber.com\/vi\/wp-json\/wp\/v2\/media?parent=1258"}],"wp:term":[{"taxonomy":"product_brand","embeddable":true,"href":"https:\/\/jdtestchamber.com\/vi\/wp-json\/wp\/v2\/product_brand?post=1258"},{"taxonomy":"product_cat","embeddable":true,"href":"https:\/\/jdtestchamber.com\/vi\/wp-json\/wp\/v2\/product_cat?post=1258"},{"taxonomy":"product_tag","embeddable":true,"href":"https:\/\/jdtestchamber.com\/vi\/wp-json\/wp\/v2\/product_tag?post=1258"}],"curies":[{"name":"wp","href":"https:\/\/api.w.org\/{rel}","templated":true}]}}