{"id":1262,"date":"2024-11-29T10:14:32","date_gmt":"2024-11-29T10:14:32","guid":{"rendered":"https:\/\/jdtestchamber.com\/?post_type=product&#038;p=1262"},"modified":"2024-12-19T09:01:52","modified_gmt":"2024-12-19T09:01:52","slug":"buong-thu-nghiem-lao-hoa-den-xenon","status":"publish","type":"product","link":"https:\/\/jdtestchamber.com\/vi\/s\u1ea3n ph\u1ea9m\/buong-thu-nghiem-lao-hoa-den-xenon\/","title":{"rendered":"Bu\u1ed3ng th\u1eed nghi\u1ec7m l\u00e3o h\u00f3a \u0111\u00e8n Xenon"},"content":{"rendered":"<p>1\u3001 T\u1ed5ng quan v\u1ec1 s\u1ea3n ph\u1ea9m:<br \/>\nKi\u1ec3m tra l\u00e3o h\u00f3a \u0111\u00e8n Xenon l\u00e0 m\u1ed9t thi\u1ebft b\u1ecb ki\u1ec3m tra kh\u00ed h\u1eadu to\u00e0n di\u1ec7n kh\u00f4ng ch\u1ec9 c\u00f3 th\u1ec3 ti\u1ebfn h\u00e0nh c\u00e1c th\u1eed nghi\u1ec7m l\u00e3o h\u00f3a kh\u00ed h\u1eadu m\u00e0 c\u00f2n ki\u1ec3m tra kh\u1ea3 n\u0103ng ch\u1ed1ng s\u00e1ng c\u1ee7a c\u00e1c v\u1eadt li\u1ec7u c\u00f3 \u0111i\u1ec3m cao, ngh\u0129a l\u00e0 \u0111\u00e1nh gi\u00e1 kh\u1ea3 n\u0103ng ch\u1ed1ng s\u00e1ng c\u1ee7a v\u1eadt li\u1ec7u polyme b\u1eb1ng c\u00e1ch ti\u1ebfp x\u00fac ch\u00fang v\u1edbi c\u00e1c ngu\u1ed3n s\u00e1ng nh\u00e2n t\u1ea1o m\u00f4 ph\u1ecfng quang ph\u1ed5 c\u1ee7a \u00e1nh s\u00e1ng m\u1eb7t tr\u1eddi \u0111i qua k\u00ednh. M\u00f4 ph\u1ecfng v\u00e0 t\u0103ng c\u01b0\u1eddng c\u00e1c th\u00ed nghi\u1ec7m d\u1ef1a tr\u00ean c\u00e1c y\u1ebfu t\u1ed1 kh\u00ed h\u1eadu ch\u00ednh l\u00e0 n\u0103ng l\u01b0\u1ee3ng \u00e1nh s\u00e1ng, nhi\u1ec7t \u0111\u1ed9, l\u01b0\u1ee3ng m\u01b0a ho\u1eb7c ng\u01b0ng t\u1ee5 v\u00e0 \u0111\u1ed9 \u1ea9m; S\u1eed d\u1ee5ng \u0111\u00e8n h\u1ed3 quang xenon c\u00f3 th\u1ec3 m\u00f4 ph\u1ecfng to\u00e0n b\u1ed9 quang ph\u1ed5 c\u1ee7a \u00e1nh s\u00e1ng m\u1eb7t tr\u1eddi \u0111\u1ec3 t\u00e1i t\u1ea1o c\u00e1c s\u00f3ng \u00e1nh s\u00e1ng c\u00f3 t\u00ednh ph\u00e1 h\u1ee7y c\u00f3 trong c\u00e1c m\u00f4i tr\u01b0\u1eddng kh\u00e1c nhau; Bu\u1ed3ng th\u1eed kh\u1ea3 n\u0103ng ch\u1ed1ng ch\u1ecbu th\u1eddi ti\u1ebft c\u1ee7a \u0111\u00e8n Xenon c\u00f3 th\u1ec3 cung c\u1ea5p m\u00f4 ph\u1ecfng m\u00f4i tr\u01b0\u1eddng t\u01b0\u01a1ng \u1ee9ng v\u00e0 th\u1eed nghi\u1ec7m t\u0103ng t\u1ed1c cho nghi\u00ean c\u1ee9u khoa h\u1ecdc, ph\u00e1t tri\u1ec3n s\u1ea3n ph\u1ea9m v\u00e0 ki\u1ec3m so\u00e1t ch\u1ea5t l\u01b0\u1ee3ng. N\u00f3 c\u00f3 th\u1ec3 \u0111\u01b0\u1ee3c s\u1eed d\u1ee5ng \u0111\u1ec3 l\u1ef1a ch\u1ecdn v\u1eadt li\u1ec7u m\u1edbi, c\u1ea3i thi\u1ec7n v\u1eadt li\u1ec7u hi\u1ec7n c\u00f3 ho\u1eb7c \u0111\u00e1nh gi\u00e1 nh\u1eefng thay \u0111\u1ed5i v\u1ec1 \u0111\u1ed9 b\u1ec1n sau khi thay \u0111\u1ed5i th\u00e0nh ph\u1ea7n v\u1eadt li\u1ec7u; Th\u00edch h\u1ee3p cho nh\u1ef1a, cao su, s\u01a1n, l\u1edbp ph\u1ee7, m\u1ef1c, gi\u1ea5y, d\u01b0\u1ee3c ph\u1ea9m, th\u1ef1c ph\u1ea9m, m\u1ef9 ph\u1ea9m, h\u00e0ng d\u1ec7t may, ph\u1ee5 t\u00f9ng \u00f4 t\u00f4, v\u1eadt li\u1ec7u \u0111\u00f3ng g\u00f3i, v\u1eadt li\u1ec7u x\u00e2y d\u1ef1ng, s\u1ea3n ph\u1ea9m \u0111i\u1ec7n, v.v.<br \/>\nBu\u1ed3ng th\u1eed nghi\u1ec7m \u0111\u00e8n xenon s\u1eed d\u1ee5ng \u0111\u00e8n h\u1ed3 quang xenon c\u00f3 th\u1ec3 m\u00f4 ph\u1ecfng to\u00e0n b\u1ed9 quang ph\u1ed5 c\u1ee7a \u00e1nh s\u00e1ng m\u1eb7t tr\u1eddi \u0111\u1ec3 t\u00e1i t\u1ea1o c\u00e1c s\u00f3ng \u00e1nh s\u00e1ng c\u00f3 kh\u1ea3 n\u0103ng ph\u00e1 h\u1ee7y trong c\u00e1c m\u00f4i tr\u01b0\u1eddng kh\u00e1c nhau, cung c\u1ea5p kh\u1ea3 n\u0103ng m\u00f4 ph\u1ecfng m\u00f4i tr\u01b0\u1eddng t\u01b0\u01a1ng \u1ee9ng v\u00e0 th\u1eed nghi\u1ec7m nhanh cho m\u1ee5c \u0111\u00edch nghi\u00ean c\u1ee9u khoa h\u1ecdc, ph\u00e1t tri\u1ec3n s\u1ea3n ph\u1ea9m v\u00e0 ki\u1ec3m so\u00e1t ch\u1ea5t l\u01b0\u1ee3ng.<br \/>\nBu\u1ed3ng th\u1eed nghi\u1ec7m \u0111\u00e8n xenon c\u00f3 th\u1ec3 \u0111\u01b0\u1ee3c s\u1eed d\u1ee5ng \u0111\u1ec3 l\u1ef1a ch\u1ecdn v\u1eadt li\u1ec7u m\u1edbi, c\u1ea3i thi\u1ec7n v\u1eadt li\u1ec7u hi\u1ec7n c\u00f3 ho\u1eb7c \u0111\u00e1nh gi\u00e1 nh\u1eefng thay \u0111\u1ed5i v\u1ec1 \u0111\u1ed9 b\u1ec1n sau khi thay \u0111\u1ed5i th\u00e0nh ph\u1ea7n v\u1eadt li\u1ec7u. N\u00f3 c\u00f3 th\u1ec3 m\u00f4 ph\u1ecfng r\u1ea5t t\u1ed1t nh\u1eefng thay \u0111\u1ed5i v\u1ec1 \u0111\u1ed9 ph\u01a1i s\u00e1ng c\u1ee7a v\u1eadt li\u1ec7u d\u01b0\u1edbi \u00e1nh s\u00e1ng m\u1eb7t tr\u1eddi trong c\u00e1c \u0111i\u1ec1u ki\u1ec7n m\u00f4i tr\u01b0\u1eddng kh\u00e1c nhau.<br \/>\nM\u00f4 ph\u1ecfng to\u00e0n b\u1ed9 quang ph\u1ed5 \u00e1nh s\u00e1ng m\u1eb7t tr\u1eddi<br \/>\n\u0110o \u0111\u1ed9 b\u1ec1n \u00e1nh s\u00e1ng c\u1ee7a v\u1eadt li\u1ec7u b\u1eb1ng c\u00e1ch ph\u01a1i ch\u00fang d\u01b0\u1edbi tia c\u1ef1c t\u00edm (UV), \u00e1nh s\u00e1ng kh\u1ea3 ki\u1ebfn v\u00e0 \u00e1nh s\u00e1ng h\u1ed3ng ngo\u1ea1i. N\u00f3 s\u1eed d\u1ee5ng \u0111\u00e8n h\u1ed3 quang xenon \u0111\u01b0\u1ee3c l\u1ecdc \u0111\u1ec3 t\u1ea1o ra to\u00e0n b\u1ed9 quang ph\u1ed5 \u00e1nh s\u00e1ng m\u1eb7t tr\u1eddi v\u1edbi \u0111\u1ed9 \u0111\u1ed3ng nh\u1ea5t t\u1ed1i \u0111a v\u1edbi \u00e1nh s\u00e1ng m\u1eb7t tr\u1eddi. \u0110\u00e8n h\u1ed3 quang xenon v\u1edbi ph\u01b0\u01a1ng ph\u00e1p x\u1eed l\u00fd l\u1ecdc h\u1ee3p l\u00fd l\u00e0 c\u00e1ch t\u1ed1t nh\u1ea5t \u0111\u1ec3 ki\u1ec3m tra \u0111\u1ed9 nh\u1ea1y c\u1ee7a s\u1ea3n ph\u1ea9m \u0111\u1ed1i v\u1edbi tia c\u1ef1c t\u00edm v\u00e0 \u00e1nh s\u00e1ng kh\u1ea3 ki\u1ebfn c\u00f3 b\u01b0\u1edbc s\u00f3ng d\u00e0i h\u01a1n d\u01b0\u1edbi \u00e1nh s\u00e1ng m\u1eb7t tr\u1eddi tr\u1ef1c ti\u1ebfp ho\u1eb7c \u00e1nh s\u00e1ng m\u1eb7t tr\u1eddi chi\u1ebfu qua k\u00ednh.<br \/>\nKi\u1ec3m tra kh\u1ea3 n\u0103ng ch\u1ecbu \u00e1nh s\u00e1ng c\u1ee7a v\u1eadt li\u1ec7u trong nh\u00e0<br \/>\nDo ti\u1ebfp x\u00fac l\u00e2u d\u00e0i v\u1edbi \u0111\u00e8n hu\u1ef3nh quang, \u0111\u00e8n halogen ho\u1eb7c c\u00e1c lo\u1ea1i \u0111\u00e8n ph\u00e1t quang kh\u00e1c, c\u00e1c s\u1ea3n ph\u1ea9m \u0111\u01b0\u1ee3c \u0111\u1eb7t t\u1ea1i c\u00e1c \u0111i\u1ec3m b\u00e1n l\u1ebb, nh\u00e0 kho ho\u1eb7c c\u00e1c m\u00f4i tr\u01b0\u1eddng kh\u00e1c c\u0169ng s\u1ebd b\u1ecb ph\u00e2n h\u1ee7y quang h\u1ecdc \u0111\u00e1ng k\u1ec3. Bu\u1ed3ng th\u1eed \u0111\u00e8n xenon SN c\u00f3 th\u1ec3 m\u00f4 ph\u1ecfng v\u00e0 t\u00e1i t\u1ea1o \u00e1nh s\u00e1ng ph\u00e1 h\u1ee7y trong c\u00e1c m\u00f4i tr\u01b0\u1eddng chi\u1ebfu s\u00e1ng th\u01b0\u01a1ng m\u1ea1i nh\u01b0 v\u1eady v\u00e0 c\u00f3 th\u1ec3 \u0111\u1ea9y nhanh qu\u00e1 tr\u00ecnh th\u1eed nghi\u1ec7m v\u1edbi c\u01b0\u1eddng \u0111\u1ed9 cao h\u01a1n.<br \/>\nM\u00f4 ph\u1ecfng m\u00f4i tr\u01b0\u1eddng kh\u00ed h\u1eadu<br \/>\nNgo\u00e0i vi\u1ec7c ti\u1ebfn h\u00e0nh c\u00e1c th\u1eed nghi\u1ec7m ph\u00e2n h\u1ee7y quang h\u1ecdc, bu\u1ed3ng th\u1eed nghi\u1ec7m \u0111\u00e8n xenon SN c\u0169ng c\u00f3 th\u1ec3 tr\u1edf th\u00e0nh bu\u1ed3ng th\u1eed nghi\u1ec7m l\u00e3o h\u00f3a kh\u00ed h\u1eadu b\u1eb1ng c\u00e1ch b\u1ed5 sung t\u00f9y ch\u1ecdn phun n\u01b0\u1edbc \u0111\u1ec3 m\u00f4 ph\u1ecfng t\u00e1c \u0111\u1ed9ng c\u1ee7a \u0111\u1ed9 \u1ea9m ngo\u00e0i tr\u1eddi l\u00ean v\u1eadt li\u1ec7u.<br \/>\nKi\u1ec3m so\u00e1t \u0111\u1ed9 \u1ea9m t\u01b0\u01a1ng \u0111\u1ed1i<br \/>\nM\u1ed9t s\u1ed1 m\u1eabu bu\u1ed3ng th\u1eed \u0111\u00e8n xenon SN c\u00f3 th\u1ec3 cung c\u1ea5p ch\u1ee9c n\u0103ng ki\u1ec3m so\u00e1t \u0111\u1ed9 \u1ea9m t\u01b0\u01a1ng \u0111\u1ed1i, \u0111i\u1ec1u n\u00e0y c\u0169ng quan tr\u1ecdng \u0111\u1ed1i v\u1edbi nhi\u1ec1u v\u1eadt li\u1ec7u nh\u1ea1y c\u1ea3m v\u1edbi \u0111\u1ed9 \u1ea9m v\u00e0 nhi\u1ec1u giao th\u1ee9c th\u1eed nghi\u1ec7m y\u00eau c\u1ea7u ki\u1ec3m so\u00e1t \u0111\u1ed9 \u1ea9m.<\/p>\n<p>2\u3001 S\u1eed d\u1ee5ng s\u1ea3n ph\u1ea9m:<br \/>\nBu\u1ed3ng th\u1eed nghi\u1ec7m \u0111\u00e8n xenon s\u1eed d\u1ee5ng \u0111\u00e8n h\u1ed3 quang xenon c\u00f3 th\u1ec3 m\u00f4 ph\u1ecfng to\u00e0n b\u1ed9 quang ph\u1ed5 c\u1ee7a \u00e1nh s\u00e1ng m\u1eb7t tr\u1eddi \u0111\u1ec3 t\u00e1i t\u1ea1o c\u00e1c s\u00f3ng \u00e1nh s\u00e1ng c\u00f3 kh\u1ea3 n\u0103ng ph\u00e1 h\u1ee7y trong c\u00e1c m\u00f4i tr\u01b0\u1eddng kh\u00e1c nhau, cung c\u1ea5p kh\u1ea3 n\u0103ng m\u00f4 ph\u1ecfng m\u00f4i tr\u01b0\u1eddng t\u01b0\u01a1ng \u1ee9ng v\u00e0 th\u1eed nghi\u1ec7m nhanh cho m\u1ee5c \u0111\u00edch nghi\u00ean c\u1ee9u khoa h\u1ecdc, ph\u00e1t tri\u1ec3n s\u1ea3n ph\u1ea9m v\u00e0 ki\u1ec3m so\u00e1t ch\u1ea5t l\u01b0\u1ee3ng.<br \/>\nBu\u1ed3ng th\u1eed nghi\u1ec7m \u0111\u00e8n xenon c\u00f3 th\u1ec3 \u0111\u01b0\u1ee3c s\u1eed d\u1ee5ng \u0111\u1ec3 l\u1ef1a ch\u1ecdn v\u1eadt li\u1ec7u m\u1edbi, c\u1ea3i thi\u1ec7n v\u1eadt li\u1ec7u hi\u1ec7n c\u00f3 ho\u1eb7c \u0111\u00e1nh gi\u00e1 nh\u1eefng thay \u0111\u1ed5i v\u1ec1 \u0111\u1ed9 b\u1ec1n sau khi thay \u0111\u1ed5i th\u00e0nh ph\u1ea7n v\u1eadt li\u1ec7u. N\u00f3 c\u00f3 th\u1ec3 m\u00f4 ph\u1ecfng r\u1ea5t t\u1ed1t nh\u1eefng thay \u0111\u1ed5i c\u1ee7a v\u1eadt li\u1ec7u ti\u1ebfp x\u00fac v\u1edbi \u00e1nh s\u00e1ng m\u1eb7t tr\u1eddi trong c\u00e1c \u0111i\u1ec1u ki\u1ec7n m\u00f4i tr\u01b0\u1eddng kh\u00e1c nhau.<\/p>\n<p>3\u3001 T\u00ednh n\u0103ng s\u1ea3n ph\u1ea9m:<br \/>\n\u2605 \u0110\u00e8n xenon quang ph\u1ed5 \u0111\u1ea7y \u0111\u1ee7.<br \/>\n\u2605 Nhi\u1ec1u h\u1ec7 th\u1ed1ng l\u1ecdc \u0111\u1ec3 l\u1ef1a ch\u1ecdn.<br \/>\n\u2605 Ch\u1ee9c n\u0103ng phun n\u01b0\u1edbc.<br \/>\n\u2605 Ki\u1ec3m so\u00e1t \u0111\u1ed9 \u1ea9m t\u01b0\u01a1ng \u0111\u1ed1i.<br \/>\n\u2605 H\u1ec7 th\u1ed1ng ki\u1ec3m so\u00e1t nhi\u1ec7t \u0111\u1ed9 kh\u00f4ng kh\u00ed trong h\u1ed9p th\u1eed nghi\u1ec7m.<br \/>\nGi\u00e1 \u0111\u1ef1ng m\u1eabu c\u00f3 h\u00ecnh d\u1ea1ng kh\u00f4ng \u0111\u1ec1u.<br \/>\n\u2605 \u0110\u00e8n h\u1ed3 quang xenon gi\u00e1 c\u1ea3 ph\u1ea3i ch\u0103ng v\u00e0 ch\u1ea5t l\u01b0\u1ee3ng cao.<br \/>\n\u0110\u1eb7c \u0111i\u1ec3m l\u00e0 d\u1ec5 l\u1eafp \u0111\u1eb7t, s\u1eed d\u1ee5ng thu\u1eadn ti\u1ec7n v\u00e0 v\u1ec1 c\u01a1 b\u1ea3n kh\u00f4ng c\u1ea7n b\u1ea3o tr\u00ec h\u00e0ng ng\u00e0y.<br \/>\nTu\u1ed5i th\u1ecd c\u1ee7a \u0111\u00e8n h\u1ed3 quang xenon ph\u1ee5 thu\u1ed9c v\u00e0o m\u1ee9c \u0111\u1ed9 chi\u1ebfu s\u00e1ng b\u1ee9c x\u1ea1 \u0111\u01b0\u1ee3c s\u1eed d\u1ee5ng, v\u1edbi tu\u1ed5i th\u1ecd \u0111\u00e8n th\u00f4ng th\u01b0\u1eddng l\u00e0 1600 gi\u1edd. Vi\u1ec7c thay th\u1ebf \u1ed1ng \u0111\u00e8n r\u1ea5t ti\u1ec7n l\u1ee3i v\u00e0 nhanh ch\u00f3ng, b\u1ed9 l\u1ecdc l\u00e2u d\u00e0i \u0111\u1ea3m b\u1ea3o duy tr\u00ec quang ph\u1ed5 c\u1ea7n thi\u1ebft.<br \/>\n4\u3001 Ti\u00eau chu\u1ea9n th\u1ef1c hi\u1ec7n<br \/>\nGB12831-86 Cao su l\u01b0u h\u00f3a \u2013 Ph\u01b0\u01a1ng ph\u00e1p th\u1eed nghi\u1ec7m l\u00e3o h\u00f3a kh\u00ed h\u1eadu nh\u00e2n t\u1ea1o (\u0111\u00e8n xenon)<br \/>\nGB\/T1644.2-1999 Ph\u01b0\u01a1ng ph\u00e1p th\u1eed nghi\u1ec7m ph\u01a1i s\u00e1ng ngu\u1ed3n s\u00e1ng trong ph\u00f2ng th\u00ed nghi\u1ec7m b\u1eb1ng nh\u1ef1a (Ph\u1ea7n 2: \u0110\u00e8n xenon h\u1ed3 quang)<br \/>\nGB\/T8427-89 D\u1ec7t may \u2013 Ki\u1ec3m tra \u0111\u1ed9 b\u1ec1n m\u00e0u \u2013 \u0110\u1ed9 b\u1ec1n m\u00e0u c\u1ee7a h\u1ed3 quang xenon v\u1edbi \u00e1nh s\u00e1ng nh\u00e2n t\u1ea1o<br \/>\nGB\/T8430-98 D\u1ec7t may \u2013 Th\u1eed \u0111\u1ed9 b\u1ec1n m\u00e0u \u2013 \u0110\u1ed9 b\u1ec1n m\u00e0u c\u1ee7a h\u1ed3 quang xenon v\u1edbi \u00e1nh s\u00e1ng nh\u00e2n t\u1ea1o<br \/>\nGB\/T1865-97 S\u01a1n, vecni, phong h\u00f3a nh\u00e2n t\u1ea1o v\u00e0 ti\u1ebfp x\u00fac v\u1edbi b\u1ee9c x\u1ea1 nh\u00e2n t\u1ea1o (b\u1ee9c x\u1ea1 h\u1ed3 quang xenon \u0111\u01b0\u1ee3c l\u1ecdc)<br \/>\nGB\/T16991-97 D\u1ec7t may \u2013 Th\u1eed nghi\u1ec7m \u0111\u1ed9 b\u1ec1n m\u00e0u \u2013 \u0110\u1ed9 b\u1ec1n \u00e1nh s\u00e1ng \u1edf nhi\u1ec7t \u0111\u1ed9 cao: \u0110\u00e8n Xenon<br \/>\nGB\/T5137.3-96 Ph\u01b0\u01a1ng ph\u00e1p th\u1eed nghi\u1ec7m kh\u1ea3 n\u0103ng ch\u1ed1ng b\u1ee9c x\u1ea1, nhi\u1ec7t \u0111\u1ed9 cao, \u0111\u1ed9 \u1ea9m, kh\u1ea3 n\u0103ng ch\u1ed1ng ch\u00e1y v\u00e0 kh\u1ea3 n\u0103ng ch\u1ed1ng ch\u1ecbu kh\u00ed h\u1eadu m\u00f4 ph\u1ecfng c\u1ee7a k\u00ednh an to\u00e0n \u00f4 t\u00f4<br \/>\nGB\/T16259-96 V\u1eadt li\u1ec7u x\u00e2y d\u1ef1ng m\u00e0u, ph\u01b0\u01a1ng ph\u00e1p th\u1eed nghi\u1ec7m l\u00e3o h\u00f3a m\u00e0u, t\u0103ng t\u1ed1c kh\u00ed h\u1eadu nh\u00e2n t\u1ea1o.<br \/>\nGB\/T2423.24-95 Ki\u1ec3m tra m\u00f4i tr\u01b0\u1eddng cho c\u00e1c s\u1ea3n ph\u1ea9m \u0111i\u1ec7n v\u00e0 \u0111i\u1ec7n t\u1eed Ph\u1ea7n 2: Ph\u01b0\u01a1ng ph\u00e1p th\u1eed nghi\u1ec7m, Th\u1eed nghi\u1ec7m SQ: M\u00f4 ph\u1ecfng b\u1ee9c x\u1ea1 m\u1eb7t tr\u1eddi tr\u00ean m\u1eb7t \u0111\u1ea5t.<\/p>","protected":false},"excerpt":{"rendered":"<p>Ki\u1ec3m tra l\u00e3o h\u00f3a \u0111\u00e8n Xenon l\u00e0 thi\u1ebft b\u1ecb ki\u1ec3m tra kh\u00ed h\u1eadu to\u00e0n di\u1ec7n kh\u00f4ng ch\u1ec9 c\u00f3 th\u1ec3 th\u1ef1c hi\u1ec7n c\u00e1c th\u1eed nghi\u1ec7m l\u00e3o h\u00f3a kh\u00ed h\u1eadu m\u00e0 c\u00f2n ki\u1ec3m tra kh\u1ea3 n\u0103ng ch\u1ed1ng s\u00e1ng c\u1ee7a v\u1eadt li\u1ec7u c\u00f3 \u0111i\u1ec3m s\u1ed1 cao, t\u1ee9c l\u00e0 \u0111\u00e1nh gi\u00e1 kh\u1ea3 n\u0103ng ch\u1ed1ng s\u00e1ng c\u1ee7a v\u1eadt li\u1ec7u polyme b\u1eb1ng c\u00e1ch chi\u1ebfu ch\u00fang v\u00e0o c\u00e1c ngu\u1ed3n s\u00e1ng nh\u00e2n t\u1ea1o m\u00f4 ph\u1ecfng quang ph\u1ed5 \u00e1nh s\u00e1ng m\u1eb7t tr\u1eddi \u0111i qua k\u00ednh.<\/p>","protected":false},"featured_media":1263,"template":"","meta":{"site-sidebar-layout":"default","site-content-layout":"","ast-site-content-layout":"default","site-content-style":"default","site-sidebar-style":"default","ast-global-header-display":"","ast-banner-title-visibility":"","ast-main-header-display":"","ast-hfb-above-header-display":"","ast-hfb-below-header-display":"","ast-hfb-mobile-header-display":"","site-post-title":"","ast-breadcrumbs-content":"","ast-featured-img":"","footer-sml-layout":"","ast-disable-related-posts":"","theme-transparent-header-meta":"default","adv-header-id-meta":"","stick-header-meta":"","header-above-stick-meta":"","header-main-stick-meta":"","header-below-stick-meta":"","astra-migrate-meta-layouts":"set","ast-page-background-enabled":"default","ast-page-background-meta":{"desktop":{"background-color":"var(--ast-global-color-4)","background-image":"","background-repeat":"repeat","background-position":"center center","background-size":"auto","background-attachment":"scroll","background-type":"","background-media":"","overlay-type":"","overlay-color":"","overlay-opacity":"","overlay-gradient":""},"tablet":{"background-color":"","background-image":"","background-repeat":"repeat","background-position":"center center","background-size":"auto","background-attachment":"scroll","background-type":"","background-media":"","overlay-type":"","overlay-color":"","overlay-opacity":"","overlay-gradient":""},"mobile":{"background-color":"","background-image":"","background-repeat":"repeat","background-position":"center center","background-size":"auto","background-attachment":"scroll","background-type":"","background-media":"","overlay-type":"","overlay-color":"","overlay-opacity":"","overlay-gradient":""}},"ast-content-background-meta":{"desktop":{"background-color":"var(--ast-global-color-5)","background-image":"","background-repeat":"repeat","background-position":"center center","background-size":"auto","background-attachment":"scroll","background-type":"","background-media":"","overlay-type":"","overlay-color":"","overlay-opacity":"","overlay-gradient":""},"tablet":{"background-color":"var(--ast-global-color-5)","background-image":"","background-repeat":"repeat","background-position":"center center","background-size":"auto","background-attachment":"scroll","background-type":"","background-media":"","overlay-type":"","overlay-color":"","overlay-opacity":"","overlay-gradient":""},"mobile":{"background-color":"var(--ast-global-color-5)","background-image":"","background-repeat":"repeat","background-position":"center center","background-size":"auto","background-attachment":"scroll","background-type":"","background-media":"","overlay-type":"","overlay-color":"","overlay-opacity":"","overlay-gradient":""}}},"product_brand":[],"product_cat":[30],"product_tag":[],"class_list":{"0":"post-1262","1":"product","2":"type-product","3":"status-publish","4":"has-post-thumbnail","6":"product_cat-environmental-testing-series","7":"desktop-align-left","8":"tablet-align-left","9":"mobile-align-left","11":"first","12":"instock","13":"shipping-taxable","14":"product-type-simple"},"yoast_head":"<!-- This site is optimized with the Yoast SEO plugin v23.9 - https:\/\/yoast.com\/wordpress\/plugins\/seo\/ -->\n<title>Xenon lamp aging test chamber - Battery testing equipment series, environmental testing chamber series<\/title>\n<meta name=\"robots\" content=\"index, follow, max-snippet:-1, max-image-preview:large, max-video-preview:-1\" \/>\n<link rel=\"canonical\" href=\"https:\/\/jdtestchamber.com\/vi\/s\u1ea3n%20ph\u1ea9m\/buong-thu-nghiem-lao-hoa-den-xenon\/\" \/>\n<meta property=\"og:locale\" content=\"vi_VN\" \/>\n<meta property=\"og:type\" content=\"article\" \/>\n<meta property=\"og:title\" content=\"Xenon lamp aging test chamber - Battery testing equipment series, environmental testing chamber series\" \/>\n<meta property=\"og:description\" content=\"Xenon lamp aging test is a comprehensive climate testing device that can not only conduct climate aging tests, but also test the light resistance of high scoring materials, that is, evaluate the light resistance of polymer materials by exposing them to artificial light sources that simulate the spectrum of sunlight passing through glass.\" \/>\n<meta property=\"og:url\" content=\"https:\/\/jdtestchamber.com\/vi\/s\u1ea3n ph\u1ea9m\/buong-thu-nghiem-lao-hoa-den-xenon\/\" \/>\n<meta property=\"og:site_name\" content=\"Battery testing equipment series, environmental testing chamber series\" \/>\n<meta property=\"article:modified_time\" content=\"2024-12-19T09:01:52+00:00\" \/>\n<meta property=\"og:image\" content=\"https:\/\/jdtestchamber.com\/wp-content\/uploads\/2024\/11\/Xenon-lamp-aging-test-chamber.jpg\" \/>\n\t<meta property=\"og:image:width\" content=\"1600\" \/>\n\t<meta property=\"og:image:height\" content=\"1600\" \/>\n\t<meta property=\"og:image:type\" content=\"image\/jpeg\" \/>\n<meta name=\"twitter:card\" content=\"summary_large_image\" \/>\n<meta name=\"twitter:label1\" content=\"\u01af\u1edbc t\u00ednh th\u1eddi gian \u0111\u1ecdc\" \/>\n\t<meta name=\"twitter:data1\" content=\"4 ph\u00fat\" \/>\n<script type=\"application\/ld+json\" class=\"yoast-schema-graph\">{\"@context\":\"https:\/\/schema.org\",\"@graph\":[{\"@type\":\"WebPage\",\"@id\":\"https:\/\/jdtestchamber.com\/product\/xenon-lamp-aging-test-chamber\/\",\"url\":\"https:\/\/jdtestchamber.com\/product\/xenon-lamp-aging-test-chamber\/\",\"name\":\"Xenon lamp aging test chamber - Battery testing equipment series, environmental testing chamber series\",\"isPartOf\":{\"@id\":\"https:\/\/jdtestchamber.com\/#website\"},\"primaryImageOfPage\":{\"@id\":\"https:\/\/jdtestchamber.com\/product\/xenon-lamp-aging-test-chamber\/#primaryimage\"},\"image\":{\"@id\":\"https:\/\/jdtestchamber.com\/product\/xenon-lamp-aging-test-chamber\/#primaryimage\"},\"thumbnailUrl\":\"https:\/\/jdtestchamber.com\/wp-content\/uploads\/2024\/11\/Xenon-lamp-aging-test-chamber.jpg\",\"datePublished\":\"2024-11-29T10:14:32+00:00\",\"dateModified\":\"2024-12-19T09:01:52+00:00\",\"breadcrumb\":{\"@id\":\"https:\/\/jdtestchamber.com\/product\/xenon-lamp-aging-test-chamber\/#breadcrumb\"},\"inLanguage\":\"vi\",\"potentialAction\":[{\"@type\":\"ReadAction\",\"target\":[\"https:\/\/jdtestchamber.com\/product\/xenon-lamp-aging-test-chamber\/\"]}]},{\"@type\":\"ImageObject\",\"inLanguage\":\"vi\",\"@id\":\"https:\/\/jdtestchamber.com\/product\/xenon-lamp-aging-test-chamber\/#primaryimage\",\"url\":\"https:\/\/jdtestchamber.com\/wp-content\/uploads\/2024\/11\/Xenon-lamp-aging-test-chamber.jpg\",\"contentUrl\":\"https:\/\/jdtestchamber.com\/wp-content\/uploads\/2024\/11\/Xenon-lamp-aging-test-chamber.jpg\",\"width\":1600,\"height\":1600},{\"@type\":\"BreadcrumbList\",\"@id\":\"https:\/\/jdtestchamber.com\/product\/xenon-lamp-aging-test-chamber\/#breadcrumb\",\"itemListElement\":[{\"@type\":\"ListItem\",\"position\":1,\"name\":\"Home\",\"item\":\"https:\/\/jdtestchamber.com\/\"},{\"@type\":\"ListItem\",\"position\":2,\"name\":\"Product\",\"item\":\"https:\/\/jdtestchamber.com\/product\/\"},{\"@type\":\"ListItem\",\"position\":3,\"name\":\"Xenon lamp aging test chamber\"}]},{\"@type\":\"WebSite\",\"@id\":\"https:\/\/jdtestchamber.com\/#website\",\"url\":\"https:\/\/jdtestchamber.com\/\",\"name\":\"Battery testing equipment series, environmental testing chamber series\",\"description\":\"Manufacturer of experimental equipment\",\"publisher\":{\"@id\":\"https:\/\/jdtestchamber.com\/#organization\"},\"potentialAction\":[{\"@type\":\"SearchAction\",\"target\":{\"@type\":\"EntryPoint\",\"urlTemplate\":\"https:\/\/jdtestchamber.com\/?s={search_term_string}\"},\"query-input\":{\"@type\":\"PropertyValueSpecification\",\"valueRequired\":true,\"valueName\":\"search_term_string\"}}],\"inLanguage\":\"vi\"},{\"@type\":\"Organization\",\"@id\":\"https:\/\/jdtestchamber.com\/#organization\",\"name\":\"Battery testing equipment series, environmental testing chamber series\",\"url\":\"https:\/\/jdtestchamber.com\/\",\"logo\":{\"@type\":\"ImageObject\",\"inLanguage\":\"vi\",\"@id\":\"https:\/\/jdtestchamber.com\/#\/schema\/logo\/image\/\",\"url\":\"https:\/\/jdtestchamber.com\/wp-content\/uploads\/2024\/12\/LOGO03.png\",\"contentUrl\":\"https:\/\/jdtestchamber.com\/wp-content\/uploads\/2024\/12\/LOGO03.png\",\"width\":776,\"height\":225,\"caption\":\"Battery testing equipment series, environmental testing chamber series\"},\"image\":{\"@id\":\"https:\/\/jdtestchamber.com\/#\/schema\/logo\/image\/\"}}]}<\/script>\n<!-- \/ Yoast SEO plugin. -->","yoast_head_json":{"title":"Bu\u1ed3ng th\u1eed nghi\u1ec7m l\u00e3o h\u00f3a \u0111\u00e8n Xenon - Thi\u1ebft b\u1ecb th\u1eed nghi\u1ec7m pin, lo\u1ea1t bu\u1ed3ng th\u1eed nghi\u1ec7m m\u00f4i tr\u01b0\u1eddng","robots":{"index":"index","follow":"follow","max-snippet":"max-snippet:-1","max-image-preview":"max-image-preview:large","max-video-preview":"max-video-preview:-1"},"canonical":"https:\/\/jdtestchamber.com\/vi\/s\u1ea3n ph\u1ea9m\/buong-thu-nghiem-lao-hoa-den-xenon\/","og_locale":"vi_VN","og_type":"article","og_title":"Xenon lamp aging test chamber - Battery testing equipment series, environmental testing chamber series","og_description":"Xenon lamp aging test is a comprehensive climate testing device that can not only conduct climate aging tests, but also test the light resistance of high scoring materials, that is, evaluate the light resistance of polymer materials by exposing them to artificial light sources that simulate the spectrum of sunlight passing through glass.","og_url":"https:\/\/jdtestchamber.com\/vi\/s\u1ea3n ph\u1ea9m\/buong-thu-nghiem-lao-hoa-den-xenon\/","og_site_name":"Battery testing equipment series, environmental testing chamber series","article_modified_time":"2024-12-19T09:01:52+00:00","og_image":[{"width":1600,"height":1600,"url":"https:\/\/jdtestchamber.com\/wp-content\/uploads\/2024\/11\/Xenon-lamp-aging-test-chamber.jpg","type":"image\/jpeg"}],"twitter_card":"summary_large_image","twitter_misc":{"\u01af\u1edbc t\u00ednh th\u1eddi gian \u0111\u1ecdc":"4 ph\u00fat"},"schema":{"@context":"https:\/\/schema.org","@graph":[{"@type":"WebPage","@id":"https:\/\/jdtestchamber.com\/product\/xenon-lamp-aging-test-chamber\/","url":"https:\/\/jdtestchamber.com\/product\/xenon-lamp-aging-test-chamber\/","name":"Bu\u1ed3ng th\u1eed nghi\u1ec7m l\u00e3o h\u00f3a \u0111\u00e8n Xenon - Thi\u1ebft b\u1ecb th\u1eed nghi\u1ec7m pin, lo\u1ea1t bu\u1ed3ng th\u1eed nghi\u1ec7m m\u00f4i tr\u01b0\u1eddng","isPartOf":{"@id":"https:\/\/jdtestchamber.com\/#website"},"primaryImageOfPage":{"@id":"https:\/\/jdtestchamber.com\/product\/xenon-lamp-aging-test-chamber\/#primaryimage"},"image":{"@id":"https:\/\/jdtestchamber.com\/product\/xenon-lamp-aging-test-chamber\/#primaryimage"},"thumbnailUrl":"https:\/\/jdtestchamber.com\/wp-content\/uploads\/2024\/11\/Xenon-lamp-aging-test-chamber.jpg","datePublished":"2024-11-29T10:14:32+00:00","dateModified":"2024-12-19T09:01:52+00:00","breadcrumb":{"@id":"https:\/\/jdtestchamber.com\/product\/xenon-lamp-aging-test-chamber\/#breadcrumb"},"inLanguage":"vi","potentialAction":[{"@type":"ReadAction","target":["https:\/\/jdtestchamber.com\/product\/xenon-lamp-aging-test-chamber\/"]}]},{"@type":"ImageObject","inLanguage":"vi","@id":"https:\/\/jdtestchamber.com\/product\/xenon-lamp-aging-test-chamber\/#primaryimage","url":"https:\/\/jdtestchamber.com\/wp-content\/uploads\/2024\/11\/Xenon-lamp-aging-test-chamber.jpg","contentUrl":"https:\/\/jdtestchamber.com\/wp-content\/uploads\/2024\/11\/Xenon-lamp-aging-test-chamber.jpg","width":1600,"height":1600},{"@type":"BreadcrumbList","@id":"https:\/\/jdtestchamber.com\/product\/xenon-lamp-aging-test-chamber\/#breadcrumb","itemListElement":[{"@type":"ListItem","position":1,"name":"Home","item":"https:\/\/jdtestchamber.com\/"},{"@type":"ListItem","position":2,"name":"Product","item":"https:\/\/jdtestchamber.com\/product\/"},{"@type":"ListItem","position":3,"name":"Xenon lamp aging test chamber"}]},{"@type":"WebSite","@id":"https:\/\/jdtestchamber.com\/#website","url":"https:\/\/jdtestchamber.com\/","name":"D\u00f2ng thi\u1ebft b\u1ecb ki\u1ec3m tra pin, d\u00f2ng bu\u1ed3ng ki\u1ec3m tra m\u00f4i tr\u01b0\u1eddng","description":"Nh\u00e0 s\u1ea3n xu\u1ea5t thi\u1ebft b\u1ecb th\u00ed nghi\u1ec7m","publisher":{"@id":"https:\/\/jdtestchamber.com\/#organization"},"potentialAction":[{"@type":"SearchAction","target":{"@type":"EntryPoint","urlTemplate":"https:\/\/jdtestchamber.com\/?s={search_term_string}"},"query-input":{"@type":"PropertyValueSpecification","valueRequired":true,"valueName":"search_term_string"}}],"inLanguage":"vi"},{"@type":"Organization","@id":"https:\/\/jdtestchamber.com\/#organization","name":"D\u00f2ng thi\u1ebft b\u1ecb ki\u1ec3m tra pin, d\u00f2ng bu\u1ed3ng ki\u1ec3m tra m\u00f4i tr\u01b0\u1eddng","url":"https:\/\/jdtestchamber.com\/","logo":{"@type":"ImageObject","inLanguage":"vi","@id":"https:\/\/jdtestchamber.com\/#\/schema\/logo\/image\/","url":"https:\/\/jdtestchamber.com\/wp-content\/uploads\/2024\/12\/LOGO03.png","contentUrl":"https:\/\/jdtestchamber.com\/wp-content\/uploads\/2024\/12\/LOGO03.png","width":776,"height":225,"caption":"Battery testing equipment series, environmental testing chamber series"},"image":{"@id":"https:\/\/jdtestchamber.com\/#\/schema\/logo\/image\/"}}]}},"_links":{"self":[{"href":"https:\/\/jdtestchamber.com\/vi\/wp-json\/wp\/v2\/product\/1262","targetHints":{"allow":["GET"]}}],"collection":[{"href":"https:\/\/jdtestchamber.com\/vi\/wp-json\/wp\/v2\/product"}],"about":[{"href":"https:\/\/jdtestchamber.com\/vi\/wp-json\/wp\/v2\/types\/product"}],"wp:featuredmedia":[{"embeddable":true,"href":"https:\/\/jdtestchamber.com\/vi\/wp-json\/wp\/v2\/media\/1263"}],"wp:attachment":[{"href":"https:\/\/jdtestchamber.com\/vi\/wp-json\/wp\/v2\/media?parent=1262"}],"wp:term":[{"taxonomy":"product_brand","embeddable":true,"href":"https:\/\/jdtestchamber.com\/vi\/wp-json\/wp\/v2\/product_brand?post=1262"},{"taxonomy":"product_cat","embeddable":true,"href":"https:\/\/jdtestchamber.com\/vi\/wp-json\/wp\/v2\/product_cat?post=1262"},{"taxonomy":"product_tag","embeddable":true,"href":"https:\/\/jdtestchamber.com\/vi\/wp-json\/wp\/v2\/product_tag?post=1262"}],"curies":[{"name":"wp","href":"https:\/\/api.w.org\/{rel}","templated":true}]}}