{"id":1264,"date":"2024-11-29T10:25:19","date_gmt":"2024-11-29T10:25:19","guid":{"rendered":"https:\/\/jdtestchamber.com\/?post_type=product&#038;p=1264"},"modified":"2025-01-13T01:59:00","modified_gmt":"2025-01-13T01:59:00","slug":"tu-chia-dung-luong-pin","status":"publish","type":"product","link":"https:\/\/jdtestchamber.com\/vi\/s\u1ea3n ph\u1ea9m\/tu-chia-dung-luong-pin\/","title":{"rendered":"T\u1ee7 chia dung l\u01b0\u1ee3ng pin"},"content":{"rendered":"<p>1\u3001 Th\u00e0nh ph\u1ea7n h\u1ec7 th\u1ed1ng<br \/>\n1. Thi\u1ebft b\u1ecb chuy\u1ec3n \u0111\u1ed5i v\u00e0 ph\u00e2n ph\u1ed1i dung l\u01b0\u1ee3ng pin Lithium.<br \/>\n2. M\u00e1y t\u00ednh c\u00f3 giao di\u1ec7n USB (t\u1ef1 chu\u1ea9n b\u1ecb).<br \/>\n3. B\u1ed9 chuy\u1ec3n \u0111\u1ed5i giao di\u1ec7n USB sang 485 v\u00e0 c\u00e1p truy\u1ec1n th\u00f4ng.<br \/>\n4. H\u1ec7 th\u1ed1ng qu\u00e9t pin.<br \/>\n5. Ki\u1ec3m th\u1eed ph\u1ea7n m\u1ec1m.<\/p>\n<p>2\u3001 Nguy\u00ean l\u00fd h\u1ec7 th\u1ed1ng<br \/>\nThi\u1ebft b\u1ecb \u0111\u01b0\u1ee3c k\u1ebft n\u1ed1i v\u00e0 \u0111i\u1ec1u khi\u1ec3n b\u1eb1ng m\u00e1y t\u00ednh, m\u00e1y t\u00ednh s\u1ebd g\u1eedi l\u1ec7nh v\u00e0 thu th\u1eadp d\u1eef li\u1ec7u, v.v.; B\u00e0n ph\u00edm c\u00f3 th\u1ec3 v\u1eadn h\u00e0nh th\u1ee7 c\u00f4ng thi\u1ebft b\u1ecb, hi\u1ec3n th\u1ecb th\u00f4ng s\u1ed1 v\u00e0 tr\u1ea1ng th\u00e1i; B\u1ea3ng m\u1ea1ch d\u00f2ng \u0111i\u1ec7n kh\u00f4ng \u0111\u1ed5i \u0111\u01b0\u1ee3c giao cho CPU v\u00e0 c\u00f3 ch\u1ee9c n\u0103ng d\u00f2ng \u0111i\u1ec7n kh\u00f4ng \u0111\u1ed5i v\u00e0 \u0111i\u1ec7n \u00e1p kh\u00f4ng \u0111\u1ed5i; Khi pin \u0111\u01b0\u1ee3c s\u1ea1c v\u00e0 x\u1ea3, n\u00f3 \u0111\u01b0\u1ee3c \u0111i\u1ec1u khi\u1ec3n v\u00e0 ph\u00e1t hi\u1ec7n th\u00f4ng qua m\u1ed9t t\u1ea5m m\u1ea1ch d\u00f2ng \u0111i\u1ec7n kh\u00f4ng \u0111\u1ed5i; Qu\u00e1 tr\u00ecnh s\u1ea1c c\u1ee7a CCCV kh\u00f4ng c\u00f3 qu\u00e1 tr\u00ecnh chuy\u1ec3n \u0111\u1ed5i khe h\u1edf v\u00e0 kh\u00f4ng c\u00f3 \u0111i\u1ec7n \u00e1p ho\u1eb7c d\u00f2ng \u0111i\u1ec7n t\u0103ng \u0111\u1ed9t bi\u1ebfn. N\u00f3 c\u00f3 th\u1ec3 ng\u0103n ch\u1eb7n hi\u1ec7u qu\u1ea3 t\u00ecnh tr\u1ea1ng pin b\u1ecb \u0111\u1ea3o ho\u1eb7c qu\u00e1 t\u1ea3i do s\u1ef1 t\u1eadp trung nhi\u1ec7t do d\u00f2ng \u0111i\u1ec7n c\u1ef1c \u0111\u1ea1i g\u00e2y ra, d\u1eabn \u0111\u1ebfn bong \u0111i\u1ec7n c\u1ef1c ho\u1eb7c \u0111o\u1ea3n m\u1ea1ch vi m\u00f4.<\/p>","protected":false},"excerpt":{"rendered":"<p>Thi\u1ebft b\u1ecb \u0111\u01b0\u1ee3c k\u1ebft n\u1ed1i v\u00e0 \u0111i\u1ec1u khi\u1ec3n b\u1eb1ng m\u00e1y t\u00ednh, m\u00e1y t\u00ednh s\u1ebd g\u1eedi l\u1ec7nh v\u00e0 thu th\u1eadp d\u1eef li\u1ec7u, v.v.; B\u00e0n ph\u00edm c\u00f3 th\u1ec3 v\u1eadn h\u00e0nh th\u1ee7 c\u00f4ng thi\u1ebft b\u1ecb, hi\u1ec3n th\u1ecb th\u00f4ng s\u1ed1 v\u00e0 tr\u1ea1ng th\u00e1i; B\u1ea3ng m\u1ea1ch d\u00f2ng \u0111i\u1ec7n kh\u00f4ng \u0111\u1ed5i \u0111\u01b0\u1ee3c giao cho CPU v\u00e0 c\u00f3 ch\u1ee9c n\u0103ng d\u00f2ng \u0111i\u1ec7n kh\u00f4ng \u0111\u1ed5i v\u00e0 \u0111i\u1ec7n \u00e1p kh\u00f4ng \u0111\u1ed5i; Khi pin \u0111\u01b0\u1ee3c s\u1ea1c v\u00e0 x\u1ea3, n\u00f3 \u0111\u01b0\u1ee3c \u0111i\u1ec1u khi\u1ec3n v\u00e0 ph\u00e1t hi\u1ec7n th\u00f4ng qua m\u1ed9t t\u1ea5m m\u1ea1ch d\u00f2ng \u0111i\u1ec7n kh\u00f4ng \u0111\u1ed5i; Qu\u00e1 tr\u00ecnh s\u1ea1c c\u1ee7a CCCV kh\u00f4ng c\u00f3 qu\u00e1 tr\u00ecnh chuy\u1ec3n \u0111\u1ed5i khe h\u1edf v\u00e0 kh\u00f4ng c\u00f3 \u0111i\u1ec7n \u00e1p ho\u1eb7c d\u00f2ng \u0111i\u1ec7n t\u0103ng \u0111\u1ed9t bi\u1ebfn. N\u00f3 c\u00f3 th\u1ec3 ng\u0103n ch\u1eb7n hi\u1ec7u qu\u1ea3 t\u00ecnh tr\u1ea1ng pin b\u1ecb \u0111\u1ea3o ho\u1eb7c qu\u00e1 t\u1ea3i do s\u1ef1 t\u1eadp trung nhi\u1ec7t do d\u00f2ng \u0111i\u1ec7n c\u1ef1c \u0111\u1ea1i g\u00e2y ra, d\u1eabn \u0111\u1ebfn bong \u0111i\u1ec7n c\u1ef1c ho\u1eb7c \u0111o\u1ea3n m\u1ea1ch vi m\u00f4.<\/p>","protected":false},"featured_media":1265,"template":"","meta":{"site-sidebar-layout":"default","site-content-layout":"","ast-site-content-layout":"default","site-content-style":"default","site-sidebar-style":"default","ast-global-header-display":"","ast-banner-title-visibility":"","ast-main-header-display":"","ast-hfb-above-header-display":"","ast-hfb-below-header-display":"","ast-hfb-mobile-header-display":"","site-post-title":"","ast-breadcrumbs-content":"","ast-featured-img":"","footer-sml-layout":"","ast-disable-related-posts":"","theme-transparent-header-meta":"default","adv-header-id-meta":"","stick-header-meta":"","header-above-stick-meta":"","header-main-stick-meta":"","header-below-stick-meta":"","astra-migrate-meta-layouts":"set","ast-page-background-enabled":"default","ast-page-background-meta":{"desktop":{"background-color":"var(--ast-global-color-4)","background-image":"","background-repeat":"repeat","background-position":"center center","background-size":"auto","background-attachment":"scroll","background-type":"","background-media":"","overlay-type":"","overlay-color":"","overlay-opacity":"","overlay-gradient":""},"tablet":{"background-color":"","background-image":"","background-repeat":"repeat","background-position":"center center","background-size":"auto","background-attachment":"scroll","background-type":"","background-media":"","overlay-type":"","overlay-color":"","overlay-opacity":"","overlay-gradient":""},"mobile":{"background-color":"","background-image":"","background-repeat":"repeat","background-position":"center center","background-size":"auto","background-attachment":"scroll","background-type":"","background-media":"","overlay-type":"","overlay-color":"","overlay-opacity":"","overlay-gradient":""}},"ast-content-background-meta":{"desktop":{"background-color":"var(--ast-global-color-5)","background-image":"","background-repeat":"repeat","background-position":"center center","background-size":"auto","background-attachment":"scroll","background-type":"","background-media":"","overlay-type":"","overlay-color":"","overlay-opacity":"","overlay-gradient":""},"tablet":{"background-color":"var(--ast-global-color-5)","background-image":"","background-repeat":"repeat","background-position":"center center","background-size":"auto","background-attachment":"scroll","background-type":"","background-media":"","overlay-type":"","overlay-color":"","overlay-opacity":"","overlay-gradient":""},"mobile":{"background-color":"var(--ast-global-color-5)","background-image":"","background-repeat":"repeat","background-position":"center center","background-size":"auto","background-attachment":"scroll","background-type":"","background-media":"","overlay-type":"","overlay-color":"","overlay-opacity":"","overlay-gradient":""}}},"product_brand":[],"product_cat":[29],"product_tag":[],"class_list":{"0":"post-1264","1":"product","2":"type-product","3":"status-publish","4":"has-post-thumbnail","6":"product_cat-charge-discharge-series","7":"desktop-align-left","8":"tablet-align-left","9":"mobile-align-left","11":"first","12":"instock","13":"downloadable","14":"shipping-taxable","15":"product-type-simple"},"yoast_head":"<!-- This site is optimized with the Yoast SEO plugin v23.9 - https:\/\/yoast.com\/wordpress\/plugins\/seo\/ -->\n<title>Battery capacity divider cabinet - Battery testing equipment series, environmental testing chamber series<\/title>\n<meta name=\"robots\" content=\"index, follow, max-snippet:-1, max-image-preview:large, max-video-preview:-1\" \/>\n<link rel=\"canonical\" href=\"https:\/\/jdtestchamber.com\/vi\/s\u1ea3n%20ph\u1ea9m\/tu-chia-dung-luong-pin\/\" \/>\n<meta property=\"og:locale\" content=\"vi_VN\" \/>\n<meta property=\"og:type\" content=\"article\" \/>\n<meta property=\"og:title\" content=\"Battery capacity divider cabinet - Battery testing equipment series, environmental testing chamber series\" \/>\n<meta property=\"og:description\" content=\"The equipment is connected and controlled by a computer, which sends instructions and collects data, etc; The keyboard can manually operate the device, display parameters and status; The constant current board is entrusted to the CPU and has constant current and constant voltage functions; When the battery is charged and discharged, it is controlled and detected through a constant current plate; The charging process of CCCV has no gap transition and no voltage or current surge. It can effectively prevent the battery from experiencing islanding or overshoot due to the concentration of heat caused by peak current, resulting in electrode detachment or micro short circuit.\" \/>\n<meta property=\"og:url\" content=\"https:\/\/jdtestchamber.com\/vi\/s\u1ea3n ph\u1ea9m\/tu-chia-dung-luong-pin\/\" \/>\n<meta property=\"og:site_name\" content=\"Battery testing equipment series, environmental testing chamber series\" \/>\n<meta property=\"article:modified_time\" content=\"2025-01-13T01:59:00+00:00\" \/>\n<meta property=\"og:image\" content=\"https:\/\/jdtestchamber.com\/wp-content\/uploads\/2024\/11\/Battery-capacity-divider-cabinet.jpg\" \/>\n\t<meta property=\"og:image:width\" content=\"1600\" \/>\n\t<meta property=\"og:image:height\" content=\"1600\" \/>\n\t<meta property=\"og:image:type\" content=\"image\/jpeg\" \/>\n<meta name=\"twitter:card\" content=\"summary_large_image\" \/>\n<meta name=\"twitter:label1\" content=\"\u01af\u1edbc t\u00ednh th\u1eddi gian \u0111\u1ecdc\" \/>\n\t<meta name=\"twitter:data1\" content=\"1 ph\u00fat\" \/>\n<script type=\"application\/ld+json\" class=\"yoast-schema-graph\">{\"@context\":\"https:\/\/schema.org\",\"@graph\":[{\"@type\":\"WebPage\",\"@id\":\"https:\/\/jdtestchamber.com\/product\/battery-capacity-divider-cabinet\/\",\"url\":\"https:\/\/jdtestchamber.com\/product\/battery-capacity-divider-cabinet\/\",\"name\":\"Battery capacity divider cabinet - Battery testing equipment series, environmental testing chamber series\",\"isPartOf\":{\"@id\":\"https:\/\/jdtestchamber.com\/#website\"},\"primaryImageOfPage\":{\"@id\":\"https:\/\/jdtestchamber.com\/product\/battery-capacity-divider-cabinet\/#primaryimage\"},\"image\":{\"@id\":\"https:\/\/jdtestchamber.com\/product\/battery-capacity-divider-cabinet\/#primaryimage\"},\"thumbnailUrl\":\"https:\/\/jdtestchamber.com\/wp-content\/uploads\/2024\/11\/Battery-capacity-divider-cabinet.jpg\",\"datePublished\":\"2024-11-29T10:25:19+00:00\",\"dateModified\":\"2025-01-13T01:59:00+00:00\",\"breadcrumb\":{\"@id\":\"https:\/\/jdtestchamber.com\/product\/battery-capacity-divider-cabinet\/#breadcrumb\"},\"inLanguage\":\"vi\",\"potentialAction\":[{\"@type\":\"ReadAction\",\"target\":[\"https:\/\/jdtestchamber.com\/product\/battery-capacity-divider-cabinet\/\"]}]},{\"@type\":\"ImageObject\",\"inLanguage\":\"vi\",\"@id\":\"https:\/\/jdtestchamber.com\/product\/battery-capacity-divider-cabinet\/#primaryimage\",\"url\":\"https:\/\/jdtestchamber.com\/wp-content\/uploads\/2024\/11\/Battery-capacity-divider-cabinet.jpg\",\"contentUrl\":\"https:\/\/jdtestchamber.com\/wp-content\/uploads\/2024\/11\/Battery-capacity-divider-cabinet.jpg\",\"width\":1600,\"height\":1600},{\"@type\":\"BreadcrumbList\",\"@id\":\"https:\/\/jdtestchamber.com\/product\/battery-capacity-divider-cabinet\/#breadcrumb\",\"itemListElement\":[{\"@type\":\"ListItem\",\"position\":1,\"name\":\"Home\",\"item\":\"https:\/\/jdtestchamber.com\/\"},{\"@type\":\"ListItem\",\"position\":2,\"name\":\"Product\",\"item\":\"https:\/\/jdtestchamber.com\/product\/\"},{\"@type\":\"ListItem\",\"position\":3,\"name\":\"Battery capacity divider cabinet\"}]},{\"@type\":\"WebSite\",\"@id\":\"https:\/\/jdtestchamber.com\/#website\",\"url\":\"https:\/\/jdtestchamber.com\/\",\"name\":\"Battery testing equipment series, environmental testing chamber series\",\"description\":\"Manufacturer of experimental equipment\",\"publisher\":{\"@id\":\"https:\/\/jdtestchamber.com\/#organization\"},\"potentialAction\":[{\"@type\":\"SearchAction\",\"target\":{\"@type\":\"EntryPoint\",\"urlTemplate\":\"https:\/\/jdtestchamber.com\/?s={search_term_string}\"},\"query-input\":{\"@type\":\"PropertyValueSpecification\",\"valueRequired\":true,\"valueName\":\"search_term_string\"}}],\"inLanguage\":\"vi\"},{\"@type\":\"Organization\",\"@id\":\"https:\/\/jdtestchamber.com\/#organization\",\"name\":\"Battery testing equipment series, environmental testing chamber series\",\"url\":\"https:\/\/jdtestchamber.com\/\",\"logo\":{\"@type\":\"ImageObject\",\"inLanguage\":\"vi\",\"@id\":\"https:\/\/jdtestchamber.com\/#\/schema\/logo\/image\/\",\"url\":\"https:\/\/jdtestchamber.com\/wp-content\/uploads\/2024\/12\/LOGO03.png\",\"contentUrl\":\"https:\/\/jdtestchamber.com\/wp-content\/uploads\/2024\/12\/LOGO03.png\",\"width\":776,\"height\":225,\"caption\":\"Battery testing equipment series, environmental testing chamber series\"},\"image\":{\"@id\":\"https:\/\/jdtestchamber.com\/#\/schema\/logo\/image\/\"}}]}<\/script>\n<!-- \/ Yoast SEO plugin. -->","yoast_head_json":{"title":"T\u1ee7 chia dung l\u01b0\u1ee3ng pin - D\u00f2ng thi\u1ebft b\u1ecb ki\u1ec3m tra pin, d\u00f2ng bu\u1ed3ng ki\u1ec3m tra m\u00f4i tr\u01b0\u1eddng","robots":{"index":"index","follow":"follow","max-snippet":"max-snippet:-1","max-image-preview":"max-image-preview:large","max-video-preview":"max-video-preview:-1"},"canonical":"https:\/\/jdtestchamber.com\/vi\/s\u1ea3n ph\u1ea9m\/tu-chia-dung-luong-pin\/","og_locale":"vi_VN","og_type":"article","og_title":"Battery capacity divider cabinet - Battery testing equipment series, environmental testing chamber series","og_description":"The equipment is connected and controlled by a computer, which sends instructions and collects data, etc; The keyboard can manually operate the device, display parameters and status; The constant current board is entrusted to the CPU and has constant current and constant voltage functions; When the battery is charged and discharged, it is controlled and detected through a constant current plate; The charging process of CCCV has no gap transition and no voltage or current surge. It can effectively prevent the battery from experiencing islanding or overshoot due to the concentration of heat caused by peak current, resulting in electrode detachment or micro short circuit.","og_url":"https:\/\/jdtestchamber.com\/vi\/s\u1ea3n ph\u1ea9m\/tu-chia-dung-luong-pin\/","og_site_name":"Battery testing equipment series, environmental testing chamber series","article_modified_time":"2025-01-13T01:59:00+00:00","og_image":[{"width":1600,"height":1600,"url":"https:\/\/jdtestchamber.com\/wp-content\/uploads\/2024\/11\/Battery-capacity-divider-cabinet.jpg","type":"image\/jpeg"}],"twitter_card":"summary_large_image","twitter_misc":{"\u01af\u1edbc t\u00ednh th\u1eddi gian \u0111\u1ecdc":"1 ph\u00fat"},"schema":{"@context":"https:\/\/schema.org","@graph":[{"@type":"WebPage","@id":"https:\/\/jdtestchamber.com\/product\/battery-capacity-divider-cabinet\/","url":"https:\/\/jdtestchamber.com\/product\/battery-capacity-divider-cabinet\/","name":"T\u1ee7 chia dung l\u01b0\u1ee3ng pin - D\u00f2ng thi\u1ebft b\u1ecb ki\u1ec3m tra pin, d\u00f2ng bu\u1ed3ng ki\u1ec3m tra m\u00f4i tr\u01b0\u1eddng","isPartOf":{"@id":"https:\/\/jdtestchamber.com\/#website"},"primaryImageOfPage":{"@id":"https:\/\/jdtestchamber.com\/product\/battery-capacity-divider-cabinet\/#primaryimage"},"image":{"@id":"https:\/\/jdtestchamber.com\/product\/battery-capacity-divider-cabinet\/#primaryimage"},"thumbnailUrl":"https:\/\/jdtestchamber.com\/wp-content\/uploads\/2024\/11\/Battery-capacity-divider-cabinet.jpg","datePublished":"2024-11-29T10:25:19+00:00","dateModified":"2025-01-13T01:59:00+00:00","breadcrumb":{"@id":"https:\/\/jdtestchamber.com\/product\/battery-capacity-divider-cabinet\/#breadcrumb"},"inLanguage":"vi","potentialAction":[{"@type":"ReadAction","target":["https:\/\/jdtestchamber.com\/product\/battery-capacity-divider-cabinet\/"]}]},{"@type":"ImageObject","inLanguage":"vi","@id":"https:\/\/jdtestchamber.com\/product\/battery-capacity-divider-cabinet\/#primaryimage","url":"https:\/\/jdtestchamber.com\/wp-content\/uploads\/2024\/11\/Battery-capacity-divider-cabinet.jpg","contentUrl":"https:\/\/jdtestchamber.com\/wp-content\/uploads\/2024\/11\/Battery-capacity-divider-cabinet.jpg","width":1600,"height":1600},{"@type":"BreadcrumbList","@id":"https:\/\/jdtestchamber.com\/product\/battery-capacity-divider-cabinet\/#breadcrumb","itemListElement":[{"@type":"ListItem","position":1,"name":"Home","item":"https:\/\/jdtestchamber.com\/"},{"@type":"ListItem","position":2,"name":"Product","item":"https:\/\/jdtestchamber.com\/product\/"},{"@type":"ListItem","position":3,"name":"Battery capacity divider cabinet"}]},{"@type":"WebSite","@id":"https:\/\/jdtestchamber.com\/#website","url":"https:\/\/jdtestchamber.com\/","name":"D\u00f2ng thi\u1ebft b\u1ecb ki\u1ec3m tra pin, d\u00f2ng bu\u1ed3ng ki\u1ec3m tra m\u00f4i tr\u01b0\u1eddng","description":"Nh\u00e0 s\u1ea3n xu\u1ea5t thi\u1ebft b\u1ecb th\u00ed nghi\u1ec7m","publisher":{"@id":"https:\/\/jdtestchamber.com\/#organization"},"potentialAction":[{"@type":"SearchAction","target":{"@type":"EntryPoint","urlTemplate":"https:\/\/jdtestchamber.com\/?s={search_term_string}"},"query-input":{"@type":"PropertyValueSpecification","valueRequired":true,"valueName":"search_term_string"}}],"inLanguage":"vi"},{"@type":"Organization","@id":"https:\/\/jdtestchamber.com\/#organization","name":"D\u00f2ng thi\u1ebft b\u1ecb ki\u1ec3m tra pin, d\u00f2ng bu\u1ed3ng ki\u1ec3m tra m\u00f4i tr\u01b0\u1eddng","url":"https:\/\/jdtestchamber.com\/","logo":{"@type":"ImageObject","inLanguage":"vi","@id":"https:\/\/jdtestchamber.com\/#\/schema\/logo\/image\/","url":"https:\/\/jdtestchamber.com\/wp-content\/uploads\/2024\/12\/LOGO03.png","contentUrl":"https:\/\/jdtestchamber.com\/wp-content\/uploads\/2024\/12\/LOGO03.png","width":776,"height":225,"caption":"Battery testing equipment series, environmental testing chamber series"},"image":{"@id":"https:\/\/jdtestchamber.com\/#\/schema\/logo\/image\/"}}]}},"_links":{"self":[{"href":"https:\/\/jdtestchamber.com\/vi\/wp-json\/wp\/v2\/product\/1264","targetHints":{"allow":["GET"]}}],"collection":[{"href":"https:\/\/jdtestchamber.com\/vi\/wp-json\/wp\/v2\/product"}],"about":[{"href":"https:\/\/jdtestchamber.com\/vi\/wp-json\/wp\/v2\/types\/product"}],"wp:featuredmedia":[{"embeddable":true,"href":"https:\/\/jdtestchamber.com\/vi\/wp-json\/wp\/v2\/media\/1265"}],"wp:attachment":[{"href":"https:\/\/jdtestchamber.com\/vi\/wp-json\/wp\/v2\/media?parent=1264"}],"wp:term":[{"taxonomy":"product_brand","embeddable":true,"href":"https:\/\/jdtestchamber.com\/vi\/wp-json\/wp\/v2\/product_brand?post=1264"},{"taxonomy":"product_cat","embeddable":true,"href":"https:\/\/jdtestchamber.com\/vi\/wp-json\/wp\/v2\/product_cat?post=1264"},{"taxonomy":"product_tag","embeddable":true,"href":"https:\/\/jdtestchamber.com\/vi\/wp-json\/wp\/v2\/product_tag?post=1264"}],"curies":[{"name":"wp","href":"https:\/\/api.w.org\/{rel}","templated":true}]}}