{"id":1274,"date":"2024-11-29T10:29:11","date_gmt":"2024-11-29T10:29:11","guid":{"rendered":"https:\/\/jdtestchamber.com\/?post_type=product&#038;p=1274"},"modified":"2024-12-19T04:00:29","modified_gmt":"2024-12-19T04:00:29","slug":"may-ep-pin-va-may-duc-kim-tich-hop","status":"publish","type":"product","link":"https:\/\/jdtestchamber.com\/vi\/s\u1ea3n ph\u1ea9m\/may-ep-pin-va-may-duc-kim-tich-hop\/","title":{"rendered":"M\u00e1y \u00e9p pin v\u00e0 m\u00e1y \u0111\u1ee5c kim t\u00edch h\u1ee3p"},"content":{"rendered":"<p>1\u3001 T\u1ed5ng quan v\u1ec1 s\u1ea3n ph\u1ea9m:<br \/>\nM\u00e1y t\u00edch h\u1ee3p \u00e9p pin v\u00e0 \u0111\u1ee5c kim th\u00edch h\u1ee3p \u0111\u1ec3 m\u00f4 ph\u1ecfng t\u00ecnh hu\u1ed1ng c\u00e1c lo\u1ea1i pin kh\u00e1c nhau b\u1ecb \u00e9p v\u00e0 \u0111\u1ee5c th\u1ee7ng trong qu\u00e1 tr\u00ecnh s\u1eed d\u1ee5ng, v\u1eadn chuy\u1ec3n, l\u01b0u tr\u1eef ho\u1eb7c th\u1ea3i b\u1ecf r\u00e1c th\u1ea3i gia \u0111\u00ecnh. H\u01b0\u1edbng \u0111\u00f9n c\u1ee7a th\u1eed nghi\u1ec7m \u0111\u00f9n ph\u1ea3i tu\u00e2n theo c\u00e1c quy t\u1eafc sau: pin ch\u1ec9 \u0111\u01b0\u1ee3c \u0111\u00f9n m\u1ed9t l\u1ea7n v\u00e0 pin \u0111\u01b0\u1ee3c coi l\u00e0 \u0111\u1ee7 ti\u00eau chu\u1ea9n n\u1ebfu kh\u00f4ng n\u1ed5 ho\u1eb7c b\u1eaft l\u1eeda.<br \/>\n\u0110\u1ed1i v\u1edbi pin h\u00ecnh tr\u1ee5, tr\u1ee5c d\u1ecdc c\u1ee7a pin b\u1ecb b\u00f3p ph\u1ea3i song song v\u1edbi hai t\u1ea5m ph\u1eb3ng c\u1ee7a thi\u1ebft b\u1ecb b\u00f3p;<br \/>\n2. \u0110\u1ed1i v\u1edbi pin vu\u00f4ng v\u00e0 pin m\u1ec1m, ch\u1ec9 b\u00f3p ph\u1ea7n b\u1ec1 m\u1eb7t r\u1ed9ng c\u1ee7a pin;<br \/>\n3. \u0110\u1ed1i v\u1edbi pin d\u1ea1ng \u0111\u1ed3ng xu ho\u1eb7c n\u00fat \u00e1o, h\u00e3y b\u00f3p ch\u00fang sao cho m\u1eb7t tr\u00ean v\u00e0 m\u1eb7t d\u01b0\u1edbi c\u1ee7a pin song song v\u1edbi t\u1ea5m ph\u1eb3ng.<br \/>\nPh\u01b0\u01a1ng ph\u00e1p th\u1eed nghi\u1ec7m:<br \/>\nKi\u1ec3m tra n\u00e9n: Sau khi s\u1ea1c \u0111\u1ea7y pin theo ph\u01b0\u01a1ng ph\u00e1p ki\u1ec3m tra quy \u0111\u1ecbnh, \u0111\u1eb7t pin v\u00e0o hai m\u1eb7t ph\u1eb3ng v\u00e0 n\u00e9n vu\u00f4ng g\u00f3c v\u1edbi h\u01b0\u1edbng c\u1ee7a t\u1ea5m \u0111i\u1ec7n c\u1ef1c. \u00c1p d\u1ee5ng l\u1ef1c n\u00e9n 13KN + 0,78KN gi\u1eefa hai t\u1ea5m. Khi \u00e1p su\u1ea5t \u0111\u1ea1t gi\u00e1 tr\u1ecb t\u1ed1i \u0111a, c\u00f3 th\u1ec3 d\u1eebng th\u1eed nghi\u1ec7m n\u00e9n v\u00e0 pin kh\u00f4ng \u0111\u01b0\u1ee3c g\u1eb7p ph\u1ea3i hi\u1ec7n t\u01b0\u1ee3ng \u0111o\u1ea3n m\u1ea1ch b\u00ean ngo\u00e0i trong qu\u00e1 tr\u00ecnh th\u1eed nghi\u1ec7m.<\/p>\n<p>Pin kh\u00f4ng \u0111\u01b0\u1ee3c b\u1eaft l\u1eeda ho\u1eb7c ph\u00e1t n\u1ed5.<br \/>\nKi\u1ec3m tra \u0111\u00e2m kim: Ki\u1ec3m tra \u0111\u00e2m kim ph\u1ea3i \u0111\u01b0\u1ee3c ti\u1ebfn h\u00e0nh trong m\u00f4i tr\u01b0\u1eddng 20 \u2103 \u00b1 5 \u2103. Pin ph\u1ea3i \u0111\u01b0\u1ee3c \u0111\u1eb7t ph\u1eb3ng tr\u00ean gi\u00e1 \u0111\u1ee1 v\u00e0 kim th\u00e9p ch\u1ed1ng \u0103n m\u00f2n c\u00f3 \u0111\u01b0\u1eddng k\u00ednh \u03c6 3- \u03c6 8mm ph\u1ea3i \u0111\u01b0\u1ee3c \u0111\u01b0a v\u00e0o v\u1ecb tr\u00ed trung t\u00e2m c\u1ee7a b\u1ec1 m\u1eb7t pin v\u1edbi t\u1ed1c \u0111\u1ed9 10mm\/gi\u00e2y-40mm\/gi\u00e2y. K\u1ebft qu\u1ea3 ki\u1ec3m tra ph\u1ea3i \u0111\u01b0\u1ee3c quan s\u00e1t b\u1ea5t c\u1ee9 l\u00fac n\u00e0o. N\u1ebfu pin kh\u00f4ng n\u1ed5 ho\u1eb7c kh\u00f4ng b\u1eaft l\u1eeda, th\u00ec \u0111\u01b0\u1ee3c coi l\u00e0 \u0111\u1ea1t y\u00eau c\u1ea7u. M\u00e1y ki\u1ec3m tra n\u00e9n pin tu\u00e2n th\u1ee7 c\u00e1c ti\u00eau chu\u1ea9n nh\u01b0 GB31241-2014.<br \/>\n2\u3001 Theo ti\u00eau chu\u1ea9n:<br \/>\nGB 31241-2022 \u201cY\u00eau c\u1ea7u an to\u00e0n \u0111\u1ed1i v\u1edbi pin lithium ion v\u00e0 b\u1ed9 pin cho s\u1ea3n ph\u1ea9m \u0111i\u1ec7n t\u1eed c\u1ea7m tay\u201d<br \/>\nMT\/T 1051-2007 \u201cPin lithium ion cho \u0111\u00e8n khai th\u00e1c\u201d<br \/>\nSJ\/T 11169-1998 (UL1642:1995) \u201cTi\u00eau chu\u1ea9n an to\u00e0n cho pin gia d\u1ee5ng v\u00e0 th\u01b0\u01a1ng m\u1ea1i\u201d<br \/>\nYD 1268-2003 \u201cY\u00eau c\u1ea7u an to\u00e0n v\u00e0 ph\u01b0\u01a1ng ph\u00e1p th\u1eed nghi\u1ec7m \u0111\u1ed1i v\u1edbi pin lithium v\u00e0 b\u1ed9 s\u1ea1c trong thi\u1ebft b\u1ecb c\u1ea7m tay li\u00ean l\u1ea1c di \u0111\u1ed9ng\u201d<br \/>\nGB\/T 19521.11-2005 \u201cTh\u00f4ng s\u1ed1 k\u1ef9 thu\u1eadt an to\u00e0n \u0111\u1ec3 ki\u1ec3m tra c\u00e1c \u0111\u1eb7c t\u00ednh nguy hi\u1ec3m c\u1ee7a h\u00e0ng h\u00f3a nguy hi\u1ec3m c\u1ee7a b\u1ed9 pin lithium\u201d<br \/>\nGB\/T 18287-2013 Th\u00f4ng s\u1ed1 k\u1ef9 thu\u1eadt chung cho pin lithium-ion cho \u0111i\u1ec7n tho\u1ea1i di \u0111\u1ed9ng<br \/>\nSJ\/T 11170-1998 (UL2054:1997) \u201cTi\u00eau chu\u1ea9n an to\u00e0n cho pin gia d\u1ee5ng v\u00e0 th\u01b0\u01a1ng m\u1ea1i\u201d<br \/>\nUN 38.3 Khuy\u1ebfn ngh\u1ecb v\u1ec1 V\u1eadn chuy\u1ec3n H\u00e0ng h\u00f3a Nguy hi\u1ec3m \u2013 S\u1ed5 tay Th\u1eed nghi\u1ec7m v\u00e0 Ti\u00eau ch\u00ed, Ph\u1ea7n III, M\u1ee5c 38.3<br \/>\nUL 1642 \u201cTi\u00eau chu\u1ea9n pin Lithium\u201d 2054 \u201cB\u1ed9 pin gia d\u1ee5ng v\u00e0 th\u01b0\u01a1ng m\u1ea1i\u201d<br \/>\nIEC62133-2012 \u201cPin l\u01b0u tr\u1eef v\u00e0 b\u1ed9 pin ch\u1ee9a ch\u1ea5t \u0111i\u1ec7n ph\u00e2n ki\u1ec1m ho\u1eb7c kh\u00f4ng c\u00f3 t\u00ednh axit \u2013 Y\u00eau c\u1ea7u an to\u00e0n \u0111\u1ed1i v\u1edbi pin k\u00edn v\u00e0 b\u1ed9 pin cho thi\u1ebft b\u1ecb di \u0111\u1ed9ng\u201d<br \/>\nGB\/T 8897.4-2008 (IEC 60086-4:2007) \u201cPin ch\u00ednh \u2013 Ph\u1ea7n 4: Y\u00eau c\u1ea7u an to\u00e0n \u0111\u1ed1i v\u1edbi pin lithium\u201d<br \/>\nYDB 032-2009 \u201cB\u1ed9 pin lithium ion d\u1ef1 ph\u00f2ng cho truy\u1ec1n th\u00f4ng\u201d<br \/>\nYD\/T 2344.1-2011 \u201cB\u1ed9 pin lithium s\u1eaft phosphate cho truy\u1ec1n th\u00f4ng \u2013 Ph\u1ea7n 1: B\u1ed9 pin t\u00edch h\u1ee3p\u201d<br \/>\nGB\/T 21966-2008 (IEC 62281:2004) \u201cY\u00eau c\u1ea7u an to\u00e0n \u0111\u1ed1i v\u1edbi pin lithium ch\u00ednh v\u00e0 ph\u1ee5 trong qu\u00e1 tr\u00ecnh v\u1eadn chuy\u1ec3n\u201d<\/p>","protected":false},"excerpt":{"rendered":"<p>M\u00e1y t\u00edch h\u1ee3p \u00e9p pin v\u00e0 \u0111\u1ee5c kim th\u00edch h\u1ee3p \u0111\u1ec3 m\u00f4 ph\u1ecfng t\u00ecnh hu\u1ed1ng c\u00e1c lo\u1ea1i pin kh\u00e1c nhau b\u1ecb \u00e9p v\u00e0 \u0111\u1ee5c th\u1ee7ng trong qu\u00e1 tr\u00ecnh s\u1eed d\u1ee5ng, v\u1eadn chuy\u1ec3n, l\u01b0u tr\u1eef ho\u1eb7c th\u1ea3i b\u1ecf r\u00e1c th\u1ea3i gia \u0111\u00ecnh. H\u01b0\u1edbng \u0111\u00f9n c\u1ee7a th\u1eed nghi\u1ec7m \u0111\u00f9n ph\u1ea3i tu\u00e2n theo c\u00e1c quy t\u1eafc sau: pin ch\u1ec9 \u0111\u01b0\u1ee3c \u0111\u00f9n m\u1ed9t l\u1ea7n v\u00e0 pin \u0111\u01b0\u1ee3c coi l\u00e0 \u0111\u1ee7 ti\u00eau chu\u1ea9n n\u1ebfu kh\u00f4ng n\u1ed5 ho\u1eb7c b\u1eaft l\u1eeda.<\/p>","protected":false},"featured_media":1275,"template":"","meta":{"site-sidebar-layout":"default","site-content-layout":"","ast-site-content-layout":"default","site-content-style":"default","site-sidebar-style":"default","ast-global-header-display":"","ast-banner-title-visibility":"","ast-main-header-display":"","ast-hfb-above-header-display":"","ast-hfb-below-header-display":"","ast-hfb-mobile-header-display":"","site-post-title":"","ast-breadcrumbs-content":"","ast-featured-img":"","footer-sml-layout":"","ast-disable-related-posts":"","theme-transparent-header-meta":"default","adv-header-id-meta":"","stick-header-meta":"","header-above-stick-meta":"","header-main-stick-meta":"","header-below-stick-meta":"","astra-migrate-meta-layouts":"set","ast-page-background-enabled":"default","ast-page-background-meta":{"desktop":{"background-color":"var(--ast-global-color-4)","background-image":"","background-repeat":"repeat","background-position":"center center","background-size":"auto","background-attachment":"scroll","background-type":"","background-media":"","overlay-type":"","overlay-color":"","overlay-opacity":"","overlay-gradient":""},"tablet":{"background-color":"","background-image":"","background-repeat":"repeat","background-position":"center center","background-size":"auto","background-attachment":"scroll","background-type":"","background-media":"","overlay-type":"","overlay-color":"","overlay-opacity":"","overlay-gradient":""},"mobile":{"background-color":"","background-image":"","background-repeat":"repeat","background-position":"center center","background-size":"auto","background-attachment":"scroll","background-type":"","background-media":"","overlay-type":"","overlay-color":"","overlay-opacity":"","overlay-gradient":""}},"ast-content-background-meta":{"desktop":{"background-color":"var(--ast-global-color-5)","background-image":"","background-repeat":"repeat","background-position":"center center","background-size":"auto","background-attachment":"scroll","background-type":"","background-media":"","overlay-type":"","overlay-color":"","overlay-opacity":"","overlay-gradient":""},"tablet":{"background-color":"var(--ast-global-color-5)","background-image":"","background-repeat":"repeat","background-position":"center center","background-size":"auto","background-attachment":"scroll","background-type":"","background-media":"","overlay-type":"","overlay-color":"","overlay-opacity":"","overlay-gradient":""},"mobile":{"background-color":"var(--ast-global-color-5)","background-image":"","background-repeat":"repeat","background-position":"center center","background-size":"auto","background-attachment":"scroll","background-type":"","background-media":"","overlay-type":"","overlay-color":"","overlay-opacity":"","overlay-gradient":""}}},"product_brand":[],"product_cat":[28],"product_tag":[],"class_list":{"0":"post-1274","1":"product","2":"type-product","3":"status-publish","4":"has-post-thumbnail","6":"product_cat-battery-testing-series","7":"desktop-align-left","8":"tablet-align-left","9":"mobile-align-left","11":"first","12":"instock","13":"shipping-taxable","14":"product-type-simple"},"yoast_head":"<!-- This site is optimized with the Yoast SEO plugin v23.9 - https:\/\/yoast.com\/wordpress\/plugins\/seo\/ -->\n<title>Battery squeezing and needle punching integrated machine - Battery testing equipment series, environmental testing chamber series<\/title>\n<meta name=\"robots\" content=\"index, follow, max-snippet:-1, max-image-preview:large, max-video-preview:-1\" \/>\n<link rel=\"canonical\" href=\"https:\/\/jdtestchamber.com\/vi\/s\u1ea3n%20ph\u1ea9m\/may-ep-pin-va-may-duc-kim-tich-hop\/\" \/>\n<meta property=\"og:locale\" content=\"vi_VN\" \/>\n<meta property=\"og:type\" content=\"article\" \/>\n<meta property=\"og:title\" content=\"Battery squeezing and needle punching integrated machine - Battery testing equipment series, environmental testing chamber series\" \/>\n<meta property=\"og:description\" content=\"The battery squeezing and needle punching integrated machine is suitable for simulating the situation where various types of batteries are subjected to squeezing and puncture during use, transportation, storage, or disposal of household waste. The extrusion direction of the extrusion test should follow the following rules: a battery should only be extruded once, and the battery is considered qualified if it does not explode or ignite.\" \/>\n<meta property=\"og:url\" content=\"https:\/\/jdtestchamber.com\/vi\/s\u1ea3n ph\u1ea9m\/may-ep-pin-va-may-duc-kim-tich-hop\/\" \/>\n<meta property=\"og:site_name\" content=\"Battery testing equipment series, environmental testing chamber series\" \/>\n<meta property=\"article:modified_time\" content=\"2024-12-19T04:00:29+00:00\" \/>\n<meta property=\"og:image\" content=\"https:\/\/jdtestchamber.com\/wp-content\/uploads\/2024\/11\/Battery-squeezing-and-needle-punching-integrated-machine.jpg\" \/>\n\t<meta property=\"og:image:width\" content=\"1600\" \/>\n\t<meta property=\"og:image:height\" content=\"1600\" \/>\n\t<meta property=\"og:image:type\" content=\"image\/jpeg\" \/>\n<meta name=\"twitter:card\" content=\"summary_large_image\" \/>\n<meta name=\"twitter:label1\" content=\"\u01af\u1edbc t\u00ednh th\u1eddi gian \u0111\u1ecdc\" \/>\n\t<meta name=\"twitter:data1\" content=\"3 ph\u00fat\" \/>\n<script type=\"application\/ld+json\" class=\"yoast-schema-graph\">{\"@context\":\"https:\/\/schema.org\",\"@graph\":[{\"@type\":\"WebPage\",\"@id\":\"https:\/\/jdtestchamber.com\/product\/battery-squeezing-and-needle-punching-integrated-machine\/\",\"url\":\"https:\/\/jdtestchamber.com\/product\/battery-squeezing-and-needle-punching-integrated-machine\/\",\"name\":\"Battery squeezing and needle punching integrated machine - Battery testing equipment series, environmental testing chamber series\",\"isPartOf\":{\"@id\":\"https:\/\/jdtestchamber.com\/#website\"},\"primaryImageOfPage\":{\"@id\":\"https:\/\/jdtestchamber.com\/product\/battery-squeezing-and-needle-punching-integrated-machine\/#primaryimage\"},\"image\":{\"@id\":\"https:\/\/jdtestchamber.com\/product\/battery-squeezing-and-needle-punching-integrated-machine\/#primaryimage\"},\"thumbnailUrl\":\"https:\/\/jdtestchamber.com\/wp-content\/uploads\/2024\/11\/Battery-squeezing-and-needle-punching-integrated-machine.jpg\",\"datePublished\":\"2024-11-29T10:29:11+00:00\",\"dateModified\":\"2024-12-19T04:00:29+00:00\",\"breadcrumb\":{\"@id\":\"https:\/\/jdtestchamber.com\/product\/battery-squeezing-and-needle-punching-integrated-machine\/#breadcrumb\"},\"inLanguage\":\"vi\",\"potentialAction\":[{\"@type\":\"ReadAction\",\"target\":[\"https:\/\/jdtestchamber.com\/product\/battery-squeezing-and-needle-punching-integrated-machine\/\"]}]},{\"@type\":\"ImageObject\",\"inLanguage\":\"vi\",\"@id\":\"https:\/\/jdtestchamber.com\/product\/battery-squeezing-and-needle-punching-integrated-machine\/#primaryimage\",\"url\":\"https:\/\/jdtestchamber.com\/wp-content\/uploads\/2024\/11\/Battery-squeezing-and-needle-punching-integrated-machine.jpg\",\"contentUrl\":\"https:\/\/jdtestchamber.com\/wp-content\/uploads\/2024\/11\/Battery-squeezing-and-needle-punching-integrated-machine.jpg\",\"width\":1600,\"height\":1600},{\"@type\":\"BreadcrumbList\",\"@id\":\"https:\/\/jdtestchamber.com\/product\/battery-squeezing-and-needle-punching-integrated-machine\/#breadcrumb\",\"itemListElement\":[{\"@type\":\"ListItem\",\"position\":1,\"name\":\"Home\",\"item\":\"https:\/\/jdtestchamber.com\/\"},{\"@type\":\"ListItem\",\"position\":2,\"name\":\"Product\",\"item\":\"https:\/\/jdtestchamber.com\/product\/\"},{\"@type\":\"ListItem\",\"position\":3,\"name\":\"Battery squeezing and needle punching integrated machine\"}]},{\"@type\":\"WebSite\",\"@id\":\"https:\/\/jdtestchamber.com\/#website\",\"url\":\"https:\/\/jdtestchamber.com\/\",\"name\":\"Battery testing equipment series, environmental testing chamber series\",\"description\":\"Manufacturer of experimental equipment\",\"publisher\":{\"@id\":\"https:\/\/jdtestchamber.com\/#organization\"},\"potentialAction\":[{\"@type\":\"SearchAction\",\"target\":{\"@type\":\"EntryPoint\",\"urlTemplate\":\"https:\/\/jdtestchamber.com\/?s={search_term_string}\"},\"query-input\":{\"@type\":\"PropertyValueSpecification\",\"valueRequired\":true,\"valueName\":\"search_term_string\"}}],\"inLanguage\":\"vi\"},{\"@type\":\"Organization\",\"@id\":\"https:\/\/jdtestchamber.com\/#organization\",\"name\":\"Battery testing equipment series, environmental testing chamber series\",\"url\":\"https:\/\/jdtestchamber.com\/\",\"logo\":{\"@type\":\"ImageObject\",\"inLanguage\":\"vi\",\"@id\":\"https:\/\/jdtestchamber.com\/#\/schema\/logo\/image\/\",\"url\":\"https:\/\/jdtestchamber.com\/wp-content\/uploads\/2024\/12\/LOGO03.png\",\"contentUrl\":\"https:\/\/jdtestchamber.com\/wp-content\/uploads\/2024\/12\/LOGO03.png\",\"width\":776,\"height\":225,\"caption\":\"Battery testing equipment series, environmental testing chamber series\"},\"image\":{\"@id\":\"https:\/\/jdtestchamber.com\/#\/schema\/logo\/image\/\"}}]}<\/script>\n<!-- \/ Yoast SEO plugin. -->","yoast_head_json":{"title":"M\u00e1y t\u00edch h\u1ee3p \u00e9p pin v\u00e0 \u0111\u1ee5c kim - D\u00f2ng thi\u1ebft b\u1ecb ki\u1ec3m tra pin, d\u00f2ng bu\u1ed3ng ki\u1ec3m tra m\u00f4i tr\u01b0\u1eddng","robots":{"index":"index","follow":"follow","max-snippet":"max-snippet:-1","max-image-preview":"max-image-preview:large","max-video-preview":"max-video-preview:-1"},"canonical":"https:\/\/jdtestchamber.com\/vi\/s\u1ea3n ph\u1ea9m\/may-ep-pin-va-may-duc-kim-tich-hop\/","og_locale":"vi_VN","og_type":"article","og_title":"Battery squeezing and needle punching integrated machine - Battery testing equipment series, environmental testing chamber series","og_description":"The battery squeezing and needle punching integrated machine is suitable for simulating the situation where various types of batteries are subjected to squeezing and puncture during use, transportation, storage, or disposal of household waste. The extrusion direction of the extrusion test should follow the following rules: a battery should only be extruded once, and the battery is considered qualified if it does not explode or ignite.","og_url":"https:\/\/jdtestchamber.com\/vi\/s\u1ea3n ph\u1ea9m\/may-ep-pin-va-may-duc-kim-tich-hop\/","og_site_name":"Battery testing equipment series, environmental testing chamber series","article_modified_time":"2024-12-19T04:00:29+00:00","og_image":[{"width":1600,"height":1600,"url":"https:\/\/jdtestchamber.com\/wp-content\/uploads\/2024\/11\/Battery-squeezing-and-needle-punching-integrated-machine.jpg","type":"image\/jpeg"}],"twitter_card":"summary_large_image","twitter_misc":{"\u01af\u1edbc t\u00ednh th\u1eddi gian \u0111\u1ecdc":"3 ph\u00fat"},"schema":{"@context":"https:\/\/schema.org","@graph":[{"@type":"WebPage","@id":"https:\/\/jdtestchamber.com\/product\/battery-squeezing-and-needle-punching-integrated-machine\/","url":"https:\/\/jdtestchamber.com\/product\/battery-squeezing-and-needle-punching-integrated-machine\/","name":"M\u00e1y t\u00edch h\u1ee3p \u00e9p pin v\u00e0 \u0111\u1ee5c kim - D\u00f2ng thi\u1ebft b\u1ecb ki\u1ec3m tra pin, d\u00f2ng bu\u1ed3ng ki\u1ec3m tra m\u00f4i tr\u01b0\u1eddng","isPartOf":{"@id":"https:\/\/jdtestchamber.com\/#website"},"primaryImageOfPage":{"@id":"https:\/\/jdtestchamber.com\/product\/battery-squeezing-and-needle-punching-integrated-machine\/#primaryimage"},"image":{"@id":"https:\/\/jdtestchamber.com\/product\/battery-squeezing-and-needle-punching-integrated-machine\/#primaryimage"},"thumbnailUrl":"https:\/\/jdtestchamber.com\/wp-content\/uploads\/2024\/11\/Battery-squeezing-and-needle-punching-integrated-machine.jpg","datePublished":"2024-11-29T10:29:11+00:00","dateModified":"2024-12-19T04:00:29+00:00","breadcrumb":{"@id":"https:\/\/jdtestchamber.com\/product\/battery-squeezing-and-needle-punching-integrated-machine\/#breadcrumb"},"inLanguage":"vi","potentialAction":[{"@type":"ReadAction","target":["https:\/\/jdtestchamber.com\/product\/battery-squeezing-and-needle-punching-integrated-machine\/"]}]},{"@type":"ImageObject","inLanguage":"vi","@id":"https:\/\/jdtestchamber.com\/product\/battery-squeezing-and-needle-punching-integrated-machine\/#primaryimage","url":"https:\/\/jdtestchamber.com\/wp-content\/uploads\/2024\/11\/Battery-squeezing-and-needle-punching-integrated-machine.jpg","contentUrl":"https:\/\/jdtestchamber.com\/wp-content\/uploads\/2024\/11\/Battery-squeezing-and-needle-punching-integrated-machine.jpg","width":1600,"height":1600},{"@type":"BreadcrumbList","@id":"https:\/\/jdtestchamber.com\/product\/battery-squeezing-and-needle-punching-integrated-machine\/#breadcrumb","itemListElement":[{"@type":"ListItem","position":1,"name":"Home","item":"https:\/\/jdtestchamber.com\/"},{"@type":"ListItem","position":2,"name":"Product","item":"https:\/\/jdtestchamber.com\/product\/"},{"@type":"ListItem","position":3,"name":"Battery squeezing and needle punching integrated machine"}]},{"@type":"WebSite","@id":"https:\/\/jdtestchamber.com\/#website","url":"https:\/\/jdtestchamber.com\/","name":"D\u00f2ng thi\u1ebft b\u1ecb ki\u1ec3m tra pin, d\u00f2ng bu\u1ed3ng ki\u1ec3m tra m\u00f4i tr\u01b0\u1eddng","description":"Nh\u00e0 s\u1ea3n xu\u1ea5t thi\u1ebft b\u1ecb th\u00ed nghi\u1ec7m","publisher":{"@id":"https:\/\/jdtestchamber.com\/#organization"},"potentialAction":[{"@type":"SearchAction","target":{"@type":"EntryPoint","urlTemplate":"https:\/\/jdtestchamber.com\/?s={search_term_string}"},"query-input":{"@type":"PropertyValueSpecification","valueRequired":true,"valueName":"search_term_string"}}],"inLanguage":"vi"},{"@type":"Organization","@id":"https:\/\/jdtestchamber.com\/#organization","name":"D\u00f2ng thi\u1ebft b\u1ecb ki\u1ec3m tra pin, d\u00f2ng bu\u1ed3ng ki\u1ec3m tra m\u00f4i tr\u01b0\u1eddng","url":"https:\/\/jdtestchamber.com\/","logo":{"@type":"ImageObject","inLanguage":"vi","@id":"https:\/\/jdtestchamber.com\/#\/schema\/logo\/image\/","url":"https:\/\/jdtestchamber.com\/wp-content\/uploads\/2024\/12\/LOGO03.png","contentUrl":"https:\/\/jdtestchamber.com\/wp-content\/uploads\/2024\/12\/LOGO03.png","width":776,"height":225,"caption":"Battery testing equipment series, environmental testing chamber series"},"image":{"@id":"https:\/\/jdtestchamber.com\/#\/schema\/logo\/image\/"}}]}},"_links":{"self":[{"href":"https:\/\/jdtestchamber.com\/vi\/wp-json\/wp\/v2\/product\/1274","targetHints":{"allow":["GET"]}}],"collection":[{"href":"https:\/\/jdtestchamber.com\/vi\/wp-json\/wp\/v2\/product"}],"about":[{"href":"https:\/\/jdtestchamber.com\/vi\/wp-json\/wp\/v2\/types\/product"}],"wp:featuredmedia":[{"embeddable":true,"href":"https:\/\/jdtestchamber.com\/vi\/wp-json\/wp\/v2\/media\/1275"}],"wp:attachment":[{"href":"https:\/\/jdtestchamber.com\/vi\/wp-json\/wp\/v2\/media?parent=1274"}],"wp:term":[{"taxonomy":"product_brand","embeddable":true,"href":"https:\/\/jdtestchamber.com\/vi\/wp-json\/wp\/v2\/product_brand?post=1274"},{"taxonomy":"product_cat","embeddable":true,"href":"https:\/\/jdtestchamber.com\/vi\/wp-json\/wp\/v2\/product_cat?post=1274"},{"taxonomy":"product_tag","embeddable":true,"href":"https:\/\/jdtestchamber.com\/vi\/wp-json\/wp\/v2\/product_tag?post=1274"}],"curies":[{"name":"wp","href":"https:\/\/api.w.org\/{rel}","templated":true}]}}