{"id":1276,"date":"2024-11-29T10:29:45","date_gmt":"2024-11-29T10:29:45","guid":{"rendered":"https:\/\/jdtestchamber.com\/?post_type=product&#038;p=1276"},"modified":"2024-12-19T03:59:46","modified_gmt":"2024-12-19T03:59:46","slug":"ban-rung-dien-tu","status":"publish","type":"product","link":"https:\/\/jdtestchamber.com\/vi\/s\u1ea3n ph\u1ea9m\/ban-rung-dien-tu\/","title":{"rendered":"B\u00e0n rung \u0111i\u1ec7n t\u1eeb"},"content":{"rendered":"<p>M\u00f4 t\u1ea3 s\u1ea3n ph\u1ea9m:<br \/>\nB\u00e0n rung th\u00edch h\u1ee3p cho nghi\u00ean c\u1ee9u, ki\u1ec3m so\u00e1t ch\u1ea5t l\u01b0\u1ee3ng, s\u1ea3n xu\u1ea5t, th\u1eed nghi\u1ec7m v\u00e0 ki\u1ec3m tra trong nhi\u1ec1u ng\u00e0nh c\u00f4ng nghi\u1ec7p kh\u00e1c nhau, ch\u1eb3ng h\u1ea1n nh\u01b0 qu\u1ed1c ph\u00f2ng, h\u00e0ng kh\u00f4ng, v\u0169 tr\u1ee5, \u0111i\u1ec7n t\u1eed, truy\u1ec1n th\u00f4ng, m\u00e1y t\u00ednh, \u0111i\u1ec7n tho\u1ea1i di \u0111\u1ed9ng, m\u1ea1ng, quang \u0111i\u1ec7n t\u1eed, y t\u1ebf, d\u1ee5ng c\u1ee5, \u00f4 t\u00f4, v.v.; C\u00f3 th\u1ec3 \u0111\u01b0\u1ee3c s\u1eed d\u1ee5ng \u0111\u1ec3 ph\u00e1t hi\u1ec7n rung \u0111\u1ed9ng c\u1ee7a c\u01a1 \u0111i\u1ec7n, \u0111\u1ed3 ch\u01a1i, bao b\u00ec, \u0111\u1ed3 gia d\u1ee5ng, thi\u1ebft b\u1ecb, x\u00e2y d\u1ef1ng, th\u1ee7y tinh, g\u1ed1m t\u1eeb t\u00ednh, \u0111\u1ed3 n\u1ed9i th\u1ea5t v\u00e0 c\u00e1c s\u1ea3n ph\u1ea9m kh\u00e1c.<\/p>\n<p>Tu\u00e2n th\u1ee7 c\u00e1c ti\u00eau chu\u1ea9n:<br \/>\nB\u00e0n rung trong ph\u1ea1m vi 0,5-600HZ \u0111\u00e1p \u1ee9ng nhi\u1ec1u ti\u00eau chu\u1ea9n ki\u1ec3m tra kh\u00e1c nhau \u0111\u1ed1i v\u1edbi s\u00f3ng sin, bao g\u1ed3m GB\/IEC\/SJ\/UL\/MH\/YD\/QB\/IEC\/QC\/EN71\/ANSI\/ASTM\/ISTA\/UL\/CNS\/MIL\/STD\/JIS\/NACE\/ASTM\/ISO\/SAE\/DIN\/IEC\/BS v\u00e0 c\u00e1c ti\u00eau chu\u1ea9n th\u1eed nghi\u1ec7m kh\u00e1c<\/p>\n<p>Th\u00f4ng s\u1ed1 k\u1ef9 thu\u1eadt:<br \/>\n1. Model: JD-50MPTP\uff0c S\u00f3ng sin 0,5~600HZ, m\u00e1y t\u00edch h\u1ee3p ba tr\u1ee5c h\u1ec7 th\u1ed1ng m\u00e1y t\u00ednh, c\u00f9ng m\u1ed9t b\u00e0n rung ba tr\u1ee5c (l\u00ean v\u00e0 xu\u1ed1ng, tr\u00e1i v\u00e0 ph\u1ea3i, tr\u01b0\u1edbc v\u00e0 sau) (\u0111\u1ed3ng th\u1eddi ho\u1eb7c ri\u00eang l\u1ebb)<br \/>\n2. T\u1ea7n s\u1ed1: 0,50HZ~600,00HZ (\u0111\u1ed9 ch\u00ednh x\u00e1c: 0,01HZ) c\u00f3 th\u1ec3 \u0111\u01b0\u1ee3c thi\u1ebft l\u1eadp trong ph\u1ea1m vi n\u00e0y (l\u01b0u \u00fd: ph\u1ea1m vi t\u1ea7n s\u1ed1 c\u00f3 th\u1ec3 \u0111\u01b0\u1ee3c t\u00f9y ch\u1ec9nh theo y\u00eau c\u1ea7u c\u1ee5 th\u1ec3)<br \/>\n3. Ch\u1ebf \u0111\u1ed9 \u0111i\u1ec1u khi\u1ec3n: H\u1ec7 th\u1ed1ng m\u00e1y t\u00ednh \u0111\u1ea7y \u0111\u1ee7 ch\u1ee9c n\u0103ng, FM\/qu\u00e9t\/l\u1eadp tr\u00ecnh\/nh\u00e2n\/logarit\/n\u1eeda s\u00f3ng tr\u00f2n\/s\u00f3ng \u0111\u1ea7y \u0111\u1ee7\/bi\u00ean \u0111\u1ed9\/gia t\u1ed1c t\u1ed1i \u0111a\/l\u1ef1c k\u00edch th\u00edch\/ki\u1ec3m so\u00e1t th\u1eddi gian\/gia t\u1ed1c kh\u00f4ng \u0111\u1ed5i\/gia t\u1ed1c kh\u00f4ng \u0111\u1ed5i<br \/>\nbi\u00ean \u0111\u1ed9<br \/>\n4. H\u01b0\u1edbng rung: m\u00e1y t\u00edch h\u1ee3p ba tr\u1ee5c (XYZ), m\u1ed9t b\u1ec7, rung ba tr\u1ee5c (l\u00ean v\u00e0 xu\u1ed1ng, tr\u00e1i v\u00e0 ph\u1ea3i, tr\u01b0\u1edbc v\u00e0 sau) tr\u00ean c\u00f9ng m\u1ed9t b\u1ec7 (\u0111\u1ed3ng th\u1eddi ho\u1eb7c ri\u00eang l\u1ebb)<br \/>\n5. Ch\u1ebf \u0111\u1ed9 rung: h\u1ed9p \u0111i\u1ec1u khi\u1ec3n + 1 b\u1ec7\/h\u1ed9p \u0111i\u1ec1u khi\u1ec3n + 1 b\u1ec7 + h\u1ec7 th\u1ed1ng m\u00e1y t\u00ednh<br \/>\n6. D\u1ea1ng s\u00f3ng rung: s\u00f3ng sin, c\u00f3 th\u1ec3 ch\u1ecdn n\u1eeda s\u00f3ng ho\u1eb7c to\u00e0n s\u00f3ng, c\u00f3 th\u1ec3 th\u1ef1c hi\u1ec7n theo ba nh\u00f3m (\u0111\u1ed3ng th\u1eddi ho\u1eb7c ri\u00eang l\u1ebb) (n\u1eeda s\u00f3ng ho\u1eb7c to\u00e0n s\u00f3ng)<br \/>\n7. T\u1ea7n s\u1ed1 rung: 0.50HZ~600HZ<br \/>\nB\u1ea3ng dao \u0111\u1ed9ng qu\u1ed1c t\u1ebf: C\u00f4ng th\u1ee9c t\u00ednh to\u00e1n (1g=9,8m\/s2) [Gia t\u1ed1c (\u0111\u01a1n v\u1ecb: g)=0,002 * f2 (\u0111\u01a1n v\u1ecb t\u1ea7n s\u1ed1: HZ) * D (\u0111\u01a1n v\u1ecb bi\u00ean \u0111\u1ed9: MMP-P)]<br \/>\n8. T\u1ea3i tr\u1ecdng t\u1ed1i \u0111a: 0~100kg, (c\u00f3 th\u1ec3 \u0111\u1ea1t 0~30HZ) bi\u00ean \u0111\u1ed9: 0~10m\/(c\u00f3 th\u1ec3 \u0111\u1ea1t 60~600HZ) gia t\u1ed1c: 0~22g, kh\u00f4ng \u0111\u01b0\u1ee3c ch\u1ec9 \u0111\u1ecbnh \u0111\u1ec3 v\u1eadn chuy\u1ec3n c\u00f9ng v\u1edbi model n\u00e0y<br \/>\n9. K\u00edch th\u01b0\u1edbc b\u00e0n: 50 * 50cm, m\u1eb7t b\u00e0n t\u01b0\u01a1ng t\u1ef1 [ba tr\u1ee5c (XYZ)] m\u00e1y t\u00edch h\u1ee3p \u25a0 50 * 55 * 50cm] \u25a0 M\u1eb7t b\u00e0n: 500 * (6-8) * 500mm \u25a0 \u0110\u00e1y b\u00e0n: 50 * 50cm<br \/>\nTh\u1ea5p h\u01a1n v\u00e0 \u1ed5n \u0111\u1ecbnh h\u01a1n (\u0111\u1ed9 \u1ed5n \u0111\u1ecbnh 0,5% cho m\u1ed7i 1 cm \u00edt h\u01a1n) (Z11 silicon\/d\u00e2y \u0111\u1ed3ng c\u1ea5p 200) tr\u1ee5c trung t\u00e2m<br \/>\n10. Bi\u00ean \u0111\u1ed9: 0-10 mm (pp), c\u00f3 th\u1ec3 \u0111i\u1ec1u ch\u1ec9nh (\u0111\u00fang v\u1edbi t\u1ea7m v\u1edbi) T\u1ea7n s\u1ed1: 0,5-30HZ v\u1edbi bi\u00ean \u0111\u1ed9 l\u00e0 ch\u00ednh, (\u0111\u00fang v\u1edbi t\u1ea7m v\u1edbi) c\u00f3 th\u1ec3 \u0111\u1ea1t t\u1edbi 5mm: kh\u00f4ng \u0111\u01b0\u1ee3c ph\u00e9p va ch\u1ea1m<br \/>\n11. Gia t\u1ed1c t\u1ed1i \u0111a: 0~20~25g (0-220m\/s2), t\u1ea7n s\u1ed1 c\u00f3 th\u1ec3 \u0111i\u1ec1u ch\u1ec9nh: 60~600HZ v\u1edbi gia t\u1ed1c t\u1ed1i \u0111a l\u00e0 tr\u1ecdng t\u00e2m ch\u00ednh, (th\u1ef1c s\u1ef1 \u0111\u1ea1t \u0111\u01b0\u1ee3c) c\u00f3 th\u1ec3 \u0111\u1ea1t t\u1edbi 22g<br \/>\n12. L\u1ef1c k\u00edch th\u00edch h\u00ecnh sin: 2200kgf, F=100kg * 22g=220kgf (kh\u00f4ng \u0111\u01b0\u1ee3c ch\u1ec9 \u0111\u1ecbnh cho m\u1eabu n\u00e0y), (l\u1ef1c \u0111\u1ea9y F=tr\u1ecdng l\u01b0\u1ee3ng * gia t\u1ed1c)<br \/>\n13. Ki\u1ec3m so\u00e1t th\u1eddi gian: 0 gi\u00e2y \u0111\u1ebfn 135 n\u0103m (t\u00ednh b\u1eb1ng gi\u00e2y), t\u1ed5ng th\u1eddi gian th\u1ef1c thi: s\u1ed1 chu k\u1ef3 (65500 l\u1ea7n * 65000 gi\u00e2y = 50000 ng\u00e0y) (kho\u1ea3ng 135 n\u0103m)<br \/>\n14. \u0110i\u1ec7n \u00e1p cung c\u1ea5p: AC: 220V \u00b1 20%\/(50\/60Hz), c\u00f3 m\u1ea1ch thi\u1ebft k\u1ebf ch\u1ed1ng r\u00f2 r\u1ec9\/ch\u1ed1ng s\u00e9t\/ch\u1ed1ng ho\u1ea1t \u0111\u1ed9ng sai\/ch\u1ed1ng s\u00f3ng h\u00e0i b\u1eadc cao<br \/>\n15. D\u00f2ng \u0111i\u1ec7n: 15A, m\u1ea1ch \u0111\u01b0\u1ee3c thi\u1ebft k\u1ebf \u0111\u1ec3 ch\u1ed1ng ho\u1ea1t \u0111\u1ed9ng sai\/va ch\u1ea1m\/qu\u00e1 d\u00f2ng\/kh\u00f4i ph\u1ee5c an to\u00e0n\/ng\u0103n ng\u1eeba r\u00f2 r\u1ec9\/ng\u0103n ng\u1eeba s\u00e9t \u0111\u00e1nh\/ng\u0103n ng\u1eeba ho\u1ea1t \u0111\u1ed9ng sai\/s\u00f3ng h\u00e0i b\u1eadc ba\/s\u00f3ng t\u0103ng \u0111\u1ed9t bi\u1ebfn, v.v.<br \/>\n16. C\u00f4ng su\u1ea5t \u0111\u1ed9ng c\u01a1 rung: 3,3 KW, c\u1ea3 h\u1ed9p \u0111i\u1ec1u khi\u1ec3n v\u00e0 b\u1ec7 \u0111\u1ec1u \u0111\u01b0\u1ee3c thi\u1ebft k\u1ebf ch\u1ecbu \u0111\u01b0\u1ee3c nhi\u1ec7t \u0111\u1ed9 v\u00e0 \u0111\u1ed9 \u1ea9m cao, v\u1edbi d\u00f2ng \u0111i\u1ec7n ch\u1ed1ng va ch\u1ea1m 8-15A, c\u00f3 kh\u1ea3 n\u0103ng v\u01b0\u1ee3t qu\u00e1 10 ph\u00fat v\u00e0 m\u1ea1ch b\u1ea3o v\u1ec7 kh\u1edfi \u0111\u1ed9ng t\u1ef1 \u0111\u1ed9ng.<br \/>\n17. Ph\u01b0\u01a1ng ph\u00e1p l\u00e0m m\u00e1t: l\u00e0m m\u00e1t b\u1eb1ng kh\u00f4ng kh\u00ed t\u1ef1 nhi\u00ean<br \/>\n18. Nhi\u1ec7t \u0111\u1ed9 v\u00e0 \u0111\u1ed9 \u1ea9m: kh\u1ea3 n\u0103ng ch\u1ecbu nhi\u1ec7t \u0111\u1ed9 -40 \u2103~+80 \u2103\/kh\u1ea3 n\u0103ng ch\u1ecbu \u0111\u1ed9 \u1ea9m 10%~95%<br \/>\n19. Ti\u1ebfng \u1ed3n: trong ph\u1ea1m vi 60 decibel, ti\u1ebfng \u1ed3n: Trong ph\u1ea1m vi 60 decibel t\u1eeb kho\u1ea3ng c\u00e1ch 3 m\u00e9t, l\u00e0 \u00e2m thanh m\u00e0 tai ng\u01b0\u1eddi c\u00f3 th\u1ec3 nghe \u0111\u01b0\u1ee3c<br \/>\n20. B\u1ee9c x\u1ea1 tr\u01b0\u1eddng \u0111i\u1ec7n t\u1eeb: trong v\u00f2ng 50 milliGauss, \u0111o \u1edf kho\u1ea3ng c\u00e1ch 1 m\u00e9t t\u1eeb b\u1ec7, d\u01b0\u1edbi 50 milliGauss<br \/>\n21. L\u1ef1c rung: Khi \u0111\u1ed9 rung nh\u1ecf h\u01a1n m\u1ee9c 1, c\u00f3 th\u1ec3 s\u1eed d\u1ee5ng \u1edf b\u1ea5t k\u1ef3 t\u1ea7ng n\u00e0o v\u00e0 \u00edt \u1ea3nh h\u01b0\u1edfng \u0111\u1ebfn t\u00f2a nh\u00e0. Khi \u0111\u1ed9 rung \u1edf m\u1ee9c t\u1ed1i \u0111a, n\u00f3 khi\u1ebfn \u0111\u1ed9 rung c\u1ee7a m\u1eb7t \u0111\u1ea5t nh\u1ecf h\u01a1n m\u1ee9c 1<br \/>\n22. C\u00f3 th\u1ec3 t\u00f9y ch\u1ec9nh s\u00e0n: k\u00edch th\u01b0\u1edbc v\u00e0 tr\u1ecdng l\u01b0\u1ee3ng t\u00f9y ch\u1ec9nh\/c\u00f3 s\u1eb5n 7 th\u00f4ng s\u1ed1 k\u1ef9 thu\u1eadt ti\u00eau chu\u1ea9n\/chi\u1ec1u r\u1ed9ng t\u1ed1i \u0111a 6 m\u00e9t * chi\u1ec1u d\u00e0i trong v\u00f2ng 10 m\u00e9t\/tr\u1ecdng l\u01b0\u1ee3ng t\u1ed1i \u0111a trong v\u00f2ng 0-50000 kg<br \/>\n23. T\u1ed5ng tr\u1ecdng l\u01b0\u1ee3ng: 165 kg, tr\u1ecdng l\u01b0\u1ee3ng t\u1ecbnh 145 kg, (Tr\u1ecdng l\u01b0\u1ee3ng n\u00e0y ch\u1ec9 mang t\u00ednh tham kh\u1ea3o, t\u00f9y thu\u1ed9c v\u00e0o tr\u1ecdng l\u01b0\u1ee3ng th\u1ef1c t\u1ebf)<\/p>","protected":false},"excerpt":{"rendered":"<p>B\u00e0n rung th\u00edch h\u1ee3p cho nghi\u00ean c\u1ee9u, ki\u1ec3m so\u00e1t ch\u1ea5t l\u01b0\u1ee3ng, s\u1ea3n xu\u1ea5t, th\u1eed nghi\u1ec7m v\u00e0 ki\u1ec3m tra trong nhi\u1ec1u ng\u00e0nh c\u00f4ng nghi\u1ec7p kh\u00e1c nhau, ch\u1eb3ng h\u1ea1n nh\u01b0 qu\u1ed1c ph\u00f2ng, h\u00e0ng kh\u00f4ng, v\u0169 tr\u1ee5, \u0111i\u1ec7n t\u1eed, truy\u1ec1n th\u00f4ng, m\u00e1y t\u00ednh, \u0111i\u1ec7n tho\u1ea1i di \u0111\u1ed9ng, m\u1ea1ng, quang \u0111i\u1ec7n t\u1eed, y t\u1ebf, d\u1ee5ng c\u1ee5, \u00f4 t\u00f4, v.v.; C\u00f3 th\u1ec3 \u0111\u01b0\u1ee3c s\u1eed d\u1ee5ng \u0111\u1ec3 ph\u00e1t hi\u1ec7n rung \u0111\u1ed9ng c\u1ee7a c\u01a1 \u0111i\u1ec7n, \u0111\u1ed3 ch\u01a1i, bao b\u00ec, \u0111\u1ed3 gia d\u1ee5ng, thi\u1ebft b\u1ecb, x\u00e2y d\u1ef1ng, th\u1ee7y tinh, g\u1ed1m t\u1eeb t\u00ednh, \u0111\u1ed3 n\u1ed9i th\u1ea5t v\u00e0 c\u00e1c s\u1ea3n ph\u1ea9m kh\u00e1c.<\/p>","protected":false},"featured_media":1277,"template":"","meta":{"site-sidebar-layout":"default","site-content-layout":"","ast-site-content-layout":"default","site-content-style":"default","site-sidebar-style":"default","ast-global-header-display":"","ast-banner-title-visibility":"","ast-main-header-display":"","ast-hfb-above-header-display":"","ast-hfb-below-header-display":"","ast-hfb-mobile-header-display":"","site-post-title":"","ast-breadcrumbs-content":"","ast-featured-img":"","footer-sml-layout":"","ast-disable-related-posts":"","theme-transparent-header-meta":"default","adv-header-id-meta":"","stick-header-meta":"","header-above-stick-meta":"","header-main-stick-meta":"","header-below-stick-meta":"","astra-migrate-meta-layouts":"set","ast-page-background-enabled":"default","ast-page-background-meta":{"desktop":{"background-color":"var(--ast-global-color-4)","background-image":"","background-repeat":"repeat","background-position":"center center","background-size":"auto","background-attachment":"scroll","background-type":"","background-media":"","overlay-type":"","overlay-color":"","overlay-opacity":"","overlay-gradient":""},"tablet":{"background-color":"","background-image":"","background-repeat":"repeat","background-position":"center center","background-size":"auto","background-attachment":"scroll","background-type":"","background-media":"","overlay-type":"","overlay-color":"","overlay-opacity":"","overlay-gradient":""},"mobile":{"background-color":"","background-image":"","background-repeat":"repeat","background-position":"center center","background-size":"auto","background-attachment":"scroll","background-type":"","background-media":"","overlay-type":"","overlay-color":"","overlay-opacity":"","overlay-gradient":""}},"ast-content-background-meta":{"desktop":{"background-color":"var(--ast-global-color-5)","background-image":"","background-repeat":"repeat","background-position":"center center","background-size":"auto","background-attachment":"scroll","background-type":"","background-media":"","overlay-type":"","overlay-color":"","overlay-opacity":"","overlay-gradient":""},"tablet":{"background-color":"var(--ast-global-color-5)","background-image":"","background-repeat":"repeat","background-position":"center center","background-size":"auto","background-attachment":"scroll","background-type":"","background-media":"","overlay-type":"","overlay-color":"","overlay-opacity":"","overlay-gradient":""},"mobile":{"background-color":"var(--ast-global-color-5)","background-image":"","background-repeat":"repeat","background-position":"center center","background-size":"auto","background-attachment":"scroll","background-type":"","background-media":"","overlay-type":"","overlay-color":"","overlay-opacity":"","overlay-gradient":""}}},"product_brand":[],"product_cat":[28],"product_tag":[],"class_list":{"0":"post-1276","1":"product","2":"type-product","3":"status-publish","4":"has-post-thumbnail","6":"product_cat-battery-testing-series","7":"desktop-align-left","8":"tablet-align-left","9":"mobile-align-left","11":"first","12":"instock","13":"shipping-taxable","14":"product-type-simple"},"yoast_head":"<!-- This site is optimized with the Yoast SEO plugin v23.9 - https:\/\/yoast.com\/wordpress\/plugins\/seo\/ -->\n<title>Electromagnetic vibration table - Battery testing equipment series, environmental testing chamber series<\/title>\n<meta name=\"robots\" content=\"index, follow, max-snippet:-1, max-image-preview:large, max-video-preview:-1\" \/>\n<link rel=\"canonical\" href=\"https:\/\/jdtestchamber.com\/vi\/s\u1ea3n%20ph\u1ea9m\/ban-rung-dien-tu\/\" \/>\n<meta property=\"og:locale\" content=\"vi_VN\" \/>\n<meta property=\"og:type\" content=\"article\" \/>\n<meta property=\"og:title\" content=\"Electromagnetic vibration table - Battery testing equipment series, environmental testing chamber series\" \/>\n<meta property=\"og:description\" content=\"The vibration table is suitable for research, quality control, production, testing and inspection in various industries, such as national defense, aviation, aerospace, electronics, communications, computers, mobile phones, networks, optoelectronics, medical, instruments, automobiles, etc; Can be used for vibration detection of electromechanical, toy, packaging, household appliances, equipment, construction, glass, magnetic ceramic, furniture and other products.\" \/>\n<meta property=\"og:url\" content=\"https:\/\/jdtestchamber.com\/vi\/s\u1ea3n ph\u1ea9m\/ban-rung-dien-tu\/\" \/>\n<meta property=\"og:site_name\" content=\"Battery testing equipment series, environmental testing chamber series\" \/>\n<meta property=\"article:modified_time\" content=\"2024-12-19T03:59:46+00:00\" \/>\n<meta property=\"og:image\" content=\"https:\/\/jdtestchamber.com\/wp-content\/uploads\/2024\/11\/Electromagnetic-vibration-table.png\" \/>\n\t<meta property=\"og:image:width\" content=\"800\" \/>\n\t<meta property=\"og:image:height\" content=\"800\" \/>\n\t<meta property=\"og:image:type\" content=\"image\/png\" \/>\n<meta name=\"twitter:card\" content=\"summary_large_image\" \/>\n<meta name=\"twitter:label1\" content=\"\u01af\u1edbc t\u00ednh th\u1eddi gian \u0111\u1ecdc\" \/>\n\t<meta name=\"twitter:data1\" content=\"3 ph\u00fat\" \/>\n<script type=\"application\/ld+json\" class=\"yoast-schema-graph\">{\"@context\":\"https:\/\/schema.org\",\"@graph\":[{\"@type\":\"WebPage\",\"@id\":\"https:\/\/jdtestchamber.com\/product\/electromagnetic-vibration-table\/\",\"url\":\"https:\/\/jdtestchamber.com\/product\/electromagnetic-vibration-table\/\",\"name\":\"Electromagnetic vibration table - Battery testing equipment series, environmental testing chamber series\",\"isPartOf\":{\"@id\":\"https:\/\/jdtestchamber.com\/#website\"},\"primaryImageOfPage\":{\"@id\":\"https:\/\/jdtestchamber.com\/product\/electromagnetic-vibration-table\/#primaryimage\"},\"image\":{\"@id\":\"https:\/\/jdtestchamber.com\/product\/electromagnetic-vibration-table\/#primaryimage\"},\"thumbnailUrl\":\"https:\/\/jdtestchamber.com\/wp-content\/uploads\/2024\/11\/Electromagnetic-vibration-table.png\",\"datePublished\":\"2024-11-29T10:29:45+00:00\",\"dateModified\":\"2024-12-19T03:59:46+00:00\",\"breadcrumb\":{\"@id\":\"https:\/\/jdtestchamber.com\/product\/electromagnetic-vibration-table\/#breadcrumb\"},\"inLanguage\":\"vi\",\"potentialAction\":[{\"@type\":\"ReadAction\",\"target\":[\"https:\/\/jdtestchamber.com\/product\/electromagnetic-vibration-table\/\"]}]},{\"@type\":\"ImageObject\",\"inLanguage\":\"vi\",\"@id\":\"https:\/\/jdtestchamber.com\/product\/electromagnetic-vibration-table\/#primaryimage\",\"url\":\"https:\/\/jdtestchamber.com\/wp-content\/uploads\/2024\/11\/Electromagnetic-vibration-table.png\",\"contentUrl\":\"https:\/\/jdtestchamber.com\/wp-content\/uploads\/2024\/11\/Electromagnetic-vibration-table.png\",\"width\":800,\"height\":800},{\"@type\":\"BreadcrumbList\",\"@id\":\"https:\/\/jdtestchamber.com\/product\/electromagnetic-vibration-table\/#breadcrumb\",\"itemListElement\":[{\"@type\":\"ListItem\",\"position\":1,\"name\":\"Home\",\"item\":\"https:\/\/jdtestchamber.com\/\"},{\"@type\":\"ListItem\",\"position\":2,\"name\":\"Product\",\"item\":\"https:\/\/jdtestchamber.com\/product\/\"},{\"@type\":\"ListItem\",\"position\":3,\"name\":\"Electromagnetic vibration table\"}]},{\"@type\":\"WebSite\",\"@id\":\"https:\/\/jdtestchamber.com\/#website\",\"url\":\"https:\/\/jdtestchamber.com\/\",\"name\":\"Battery testing equipment series, environmental testing chamber series\",\"description\":\"Manufacturer of experimental equipment\",\"publisher\":{\"@id\":\"https:\/\/jdtestchamber.com\/#organization\"},\"potentialAction\":[{\"@type\":\"SearchAction\",\"target\":{\"@type\":\"EntryPoint\",\"urlTemplate\":\"https:\/\/jdtestchamber.com\/?s={search_term_string}\"},\"query-input\":{\"@type\":\"PropertyValueSpecification\",\"valueRequired\":true,\"valueName\":\"search_term_string\"}}],\"inLanguage\":\"vi\"},{\"@type\":\"Organization\",\"@id\":\"https:\/\/jdtestchamber.com\/#organization\",\"name\":\"Battery testing equipment series, environmental testing chamber series\",\"url\":\"https:\/\/jdtestchamber.com\/\",\"logo\":{\"@type\":\"ImageObject\",\"inLanguage\":\"vi\",\"@id\":\"https:\/\/jdtestchamber.com\/#\/schema\/logo\/image\/\",\"url\":\"https:\/\/jdtestchamber.com\/wp-content\/uploads\/2024\/12\/LOGO03.png\",\"contentUrl\":\"https:\/\/jdtestchamber.com\/wp-content\/uploads\/2024\/12\/LOGO03.png\",\"width\":776,\"height\":225,\"caption\":\"Battery testing equipment series, environmental testing chamber series\"},\"image\":{\"@id\":\"https:\/\/jdtestchamber.com\/#\/schema\/logo\/image\/\"}}]}<\/script>\n<!-- \/ Yoast SEO plugin. -->","yoast_head_json":{"title":"B\u00e0n rung \u0111i\u1ec7n t\u1eeb - D\u00f2ng thi\u1ebft b\u1ecb ki\u1ec3m tra pin, d\u00f2ng bu\u1ed3ng ki\u1ec3m tra m\u00f4i tr\u01b0\u1eddng","robots":{"index":"index","follow":"follow","max-snippet":"max-snippet:-1","max-image-preview":"max-image-preview:large","max-video-preview":"max-video-preview:-1"},"canonical":"https:\/\/jdtestchamber.com\/vi\/s\u1ea3n ph\u1ea9m\/ban-rung-dien-tu\/","og_locale":"vi_VN","og_type":"article","og_title":"Electromagnetic vibration table - Battery testing equipment series, environmental testing chamber series","og_description":"The vibration table is suitable for research, quality control, production, testing and inspection in various industries, such as national defense, aviation, aerospace, electronics, communications, computers, mobile phones, networks, optoelectronics, medical, instruments, automobiles, etc; Can be used for vibration detection of electromechanical, toy, packaging, household appliances, equipment, construction, glass, magnetic ceramic, furniture and other products.","og_url":"https:\/\/jdtestchamber.com\/vi\/s\u1ea3n ph\u1ea9m\/ban-rung-dien-tu\/","og_site_name":"Battery testing equipment series, environmental testing chamber series","article_modified_time":"2024-12-19T03:59:46+00:00","og_image":[{"width":800,"height":800,"url":"https:\/\/jdtestchamber.com\/wp-content\/uploads\/2024\/11\/Electromagnetic-vibration-table.png","type":"image\/png"}],"twitter_card":"summary_large_image","twitter_misc":{"\u01af\u1edbc t\u00ednh th\u1eddi gian \u0111\u1ecdc":"3 ph\u00fat"},"schema":{"@context":"https:\/\/schema.org","@graph":[{"@type":"WebPage","@id":"https:\/\/jdtestchamber.com\/product\/electromagnetic-vibration-table\/","url":"https:\/\/jdtestchamber.com\/product\/electromagnetic-vibration-table\/","name":"B\u00e0n rung \u0111i\u1ec7n t\u1eeb - D\u00f2ng thi\u1ebft b\u1ecb ki\u1ec3m tra pin, d\u00f2ng bu\u1ed3ng ki\u1ec3m tra m\u00f4i tr\u01b0\u1eddng","isPartOf":{"@id":"https:\/\/jdtestchamber.com\/#website"},"primaryImageOfPage":{"@id":"https:\/\/jdtestchamber.com\/product\/electromagnetic-vibration-table\/#primaryimage"},"image":{"@id":"https:\/\/jdtestchamber.com\/product\/electromagnetic-vibration-table\/#primaryimage"},"thumbnailUrl":"https:\/\/jdtestchamber.com\/wp-content\/uploads\/2024\/11\/Electromagnetic-vibration-table.png","datePublished":"2024-11-29T10:29:45+00:00","dateModified":"2024-12-19T03:59:46+00:00","breadcrumb":{"@id":"https:\/\/jdtestchamber.com\/product\/electromagnetic-vibration-table\/#breadcrumb"},"inLanguage":"vi","potentialAction":[{"@type":"ReadAction","target":["https:\/\/jdtestchamber.com\/product\/electromagnetic-vibration-table\/"]}]},{"@type":"ImageObject","inLanguage":"vi","@id":"https:\/\/jdtestchamber.com\/product\/electromagnetic-vibration-table\/#primaryimage","url":"https:\/\/jdtestchamber.com\/wp-content\/uploads\/2024\/11\/Electromagnetic-vibration-table.png","contentUrl":"https:\/\/jdtestchamber.com\/wp-content\/uploads\/2024\/11\/Electromagnetic-vibration-table.png","width":800,"height":800},{"@type":"BreadcrumbList","@id":"https:\/\/jdtestchamber.com\/product\/electromagnetic-vibration-table\/#breadcrumb","itemListElement":[{"@type":"ListItem","position":1,"name":"Home","item":"https:\/\/jdtestchamber.com\/"},{"@type":"ListItem","position":2,"name":"Product","item":"https:\/\/jdtestchamber.com\/product\/"},{"@type":"ListItem","position":3,"name":"Electromagnetic vibration table"}]},{"@type":"WebSite","@id":"https:\/\/jdtestchamber.com\/#website","url":"https:\/\/jdtestchamber.com\/","name":"D\u00f2ng thi\u1ebft b\u1ecb ki\u1ec3m tra pin, d\u00f2ng bu\u1ed3ng ki\u1ec3m tra m\u00f4i tr\u01b0\u1eddng","description":"Nh\u00e0 s\u1ea3n xu\u1ea5t thi\u1ebft b\u1ecb th\u00ed nghi\u1ec7m","publisher":{"@id":"https:\/\/jdtestchamber.com\/#organization"},"potentialAction":[{"@type":"SearchAction","target":{"@type":"EntryPoint","urlTemplate":"https:\/\/jdtestchamber.com\/?s={search_term_string}"},"query-input":{"@type":"PropertyValueSpecification","valueRequired":true,"valueName":"search_term_string"}}],"inLanguage":"vi"},{"@type":"Organization","@id":"https:\/\/jdtestchamber.com\/#organization","name":"D\u00f2ng thi\u1ebft b\u1ecb ki\u1ec3m tra pin, d\u00f2ng bu\u1ed3ng ki\u1ec3m tra m\u00f4i tr\u01b0\u1eddng","url":"https:\/\/jdtestchamber.com\/","logo":{"@type":"ImageObject","inLanguage":"vi","@id":"https:\/\/jdtestchamber.com\/#\/schema\/logo\/image\/","url":"https:\/\/jdtestchamber.com\/wp-content\/uploads\/2024\/12\/LOGO03.png","contentUrl":"https:\/\/jdtestchamber.com\/wp-content\/uploads\/2024\/12\/LOGO03.png","width":776,"height":225,"caption":"Battery testing equipment series, environmental testing chamber series"},"image":{"@id":"https:\/\/jdtestchamber.com\/#\/schema\/logo\/image\/"}}]}},"_links":{"self":[{"href":"https:\/\/jdtestchamber.com\/vi\/wp-json\/wp\/v2\/product\/1276","targetHints":{"allow":["GET"]}}],"collection":[{"href":"https:\/\/jdtestchamber.com\/vi\/wp-json\/wp\/v2\/product"}],"about":[{"href":"https:\/\/jdtestchamber.com\/vi\/wp-json\/wp\/v2\/types\/product"}],"wp:featuredmedia":[{"embeddable":true,"href":"https:\/\/jdtestchamber.com\/vi\/wp-json\/wp\/v2\/media\/1277"}],"wp:attachment":[{"href":"https:\/\/jdtestchamber.com\/vi\/wp-json\/wp\/v2\/media?parent=1276"}],"wp:term":[{"taxonomy":"product_brand","embeddable":true,"href":"https:\/\/jdtestchamber.com\/vi\/wp-json\/wp\/v2\/product_brand?post=1276"},{"taxonomy":"product_cat","embeddable":true,"href":"https:\/\/jdtestchamber.com\/vi\/wp-json\/wp\/v2\/product_cat?post=1276"},{"taxonomy":"product_tag","embeddable":true,"href":"https:\/\/jdtestchamber.com\/vi\/wp-json\/wp\/v2\/product_tag?post=1276"}],"curies":[{"name":"wp","href":"https:\/\/api.w.org\/{rel}","templated":true}]}}