{"id":1280,"date":"2024-11-29T10:31:24","date_gmt":"2024-11-29T10:31:24","guid":{"rendered":"https:\/\/jdtestchamber.com\/?post_type=product&#038;p=1280"},"modified":"2024-12-19T03:41:14","modified_gmt":"2024-12-19T03:41:14","slug":"hop-chong-chay-no-de-sac-qua-muc-va-xa-pin","status":"publish","type":"product","link":"https:\/\/jdtestchamber.com\/vi\/s\u1ea3n ph\u1ea9m\/hop-chong-chay-no-de-sac-qua-muc-va-xa-pin\/","title":{"rendered":"H\u1ed9p ch\u1ed1ng ch\u00e1y n\u1ed5 \u0111\u1ec3 s\u1ea1c v\u00e0 x\u1ea3 pin qu\u00e1 m\u1ee9c"},"content":{"rendered":"<p>T\u1ed5ng quan v\u1ec1 s\u1ea3n ph\u1ea9m:<br \/>\nM\u00e1y th\u1eed n\u00e0y ch\u1ee7 y\u1ebfu \u0111\u01b0\u1ee3c s\u1eed d\u1ee5ng \u0111\u1ec3 s\u1ea1c qu\u00e1 m\u1ee9c v\u00e0 x\u1ea3 pin. Trong qu\u00e1 tr\u00ecnh th\u1eed nghi\u1ec7m s\u1ea1c v\u00e0 x\u1ea3, pin \u0111\u01b0\u1ee3c \u0111\u1eb7t trong h\u1ed9p ch\u1ed1ng n\u1ed5 v\u00e0 \u0111\u01b0\u1ee3c k\u1ebft n\u1ed1i v\u1edbi m\u00e1y th\u1eed s\u1ea1c v\u00e0 x\u1ea3 b\u00ean ngo\u00e0i \u0111\u1ec3 b\u1ea3o v\u1ec7 ng\u01b0\u1eddi v\u1eadn h\u00e0nh v\u00e0 thi\u1ebft b\u1ecb. H\u1ed9p th\u1eed nghi\u1ec7m c\u1ee7a m\u00e1y n\u00e0y c\u00f3 th\u1ec3 \u0111\u01b0\u1ee3c t\u00f9y ch\u1ec9nh theo nhu c\u1ea7u th\u1eed nghi\u1ec7m.<\/p>\n<p>\u0110\u00e1p \u1ee9ng c\u00e1c ti\u00eau chu\u1ea9n:<br \/>\nGB 31241-2014,GB\/T 18287 -2013,GB\/T 8897.6-2008,YD\/T 2366.1-2011,GB\/T 21966-2008,<br \/>\nMT\/T 1051-2007<\/p>\n<p>Th\u00f4ng s\u1ed1 k\u1ef9 thu\u1eadt thi\u1ebft b\u1ecb:<br \/>\n1. K\u00edch th\u01b0\u1edbc h\u1ed9p th\u1eed nghi\u1ec7m: 300 * 300 * 300mm (d\u00e0i * r\u1ed9ng * cao); (c\u0169ng c\u00f3 th\u1ec3 t\u00f9y ch\u1ec9nh theo y\u00eau c\u1ea7u c\u1ee7a kh\u00e1ch h\u00e0ng)<br \/>\n2. Ch\u1ea5t li\u1ec7u: H\u1ed9p ngo\u00e0i: T\u1ea5m th\u00e9p A3 d\u00e0y 1,2mm \u0111\u01b0\u1ee3c x\u1eed l\u00fd b\u1eb1ng s\u01a1n ph\u1ee7, H\u1ed9p trong: Th\u00e9p kh\u00f4ng g\u1ec9 SUS # 201, d\u00e0y 1,0mm;<br \/>\n3. C\u1eeda \u0111\u01a1n, c\u1eeda h\u1ed9p b\u00ean trong \u0111\u01b0\u1ee3c l\u00e0m b\u1eb1ng v\u1eadt li\u1ec7u th\u00e9p kh\u00f4ng g\u1ec9 v\u00e0 \u0111\u01b0\u1ee3c trang b\u1ecb d\u1ea3i si\u1ebft ch\u1eb7t b\u1eb1ng silicon, tr\u00ean c\u1eeda c\u00f3 c\u1eeda s\u1ed5 quan s\u00e1t;<br \/>\n4. C\u1eeda \u0111\u01b0\u1ee3c k\u1ebft n\u1ed1i v\u1edbi h\u1ed9p b\u1eb1ng b\u1ea3n l\u1ec1 ch\u1eafc ch\u1eafn, \u0111\u01b0\u1ee3c trang b\u1ecb kh\u00f3a tay n\u1eafm l\u1ea1nh ch\u1ed1ng ch\u00e1y n\u1ed5;<br \/>\n5. C\u1eeda s\u1ed5 quan s\u00e1t: M\u1eb7t tr\u01b0\u1edbc c\u1ee7a m\u1ed7i h\u1ed9p th\u1eed nghi\u1ec7m c\u00f3 c\u1eeda s\u1ed5 quan s\u00e1t trong su\u1ed1t k\u00edch th\u01b0\u1edbc 250x250mm, thu\u1eadn ti\u1ec7n cho vi\u1ec7c quan s\u00e1t tr\u1ea1ng th\u00e1i c\u1ee7a s\u1ea3n ph\u1ea9m th\u1eed nghi\u1ec7m b\u00ean trong h\u1ed9p th\u1eed nghi\u1ec7m;<br \/>\n6. Th\u00eam b\u0103ng PTFE v\u00e0o b\u00ean trong bu\u1ed3ng th\u1eed nghi\u1ec7m \u0111\u1ec3 c\u00e1ch nhi\u1ec7t hi\u1ec7u qu\u1ea3, ch\u1ed1ng ch\u00e1y v\u00e0 d\u1ec5 v\u1ec7 sinh;<br \/>\n7. Ph\u00eda b\u00ean ph\u1ea3i m\u1ed7i l\u1edbp h\u1ed9p c\u00f3 m\u1ed9t l\u1ed7 th\u1eed h\u00ecnh tr\u00f2n \u0111\u01b0\u1eddng k\u00ednh 50mm, gi\u00fap lu\u1ed3n d\u00e2y k\u1ebft n\u1ed1i th\u1eed d\u1ec5 d\u00e0ng;<br \/>\n8. Ki\u1ec3m so\u00e1t \u00e1nh s\u00e1ng v\u00e0 kh\u00ed th\u1ea3i trong m\u1ed7i ph\u00f2ng th\u1eed nghi\u1ec7m th\u00f4ng qua m\u1ed9t b\u1ea3ng \u0111i\u1ec1u khi\u1ec3n th\u1eed nghi\u1ec7m ri\u00eang bi\u1ec7t. Trong tr\u01b0\u1eddng h\u1ee3p c\u00f3 kh\u00f3i ho\u1eb7c h\u1ecfa ho\u1ea1n, qu\u1ea1t th\u00f4ng gi\u00f3 b\u00ean trong h\u1ed9p s\u1ebd t\u1ef1 \u0111\u1ed9ng b\u1eadt \u0111\u1ec3 x\u1ea3 kh\u00f3i.<br \/>\n9. C\u00f3 m\u1ed9t c\u1ed5ng gi\u1ea3m \u00e1p su\u1ea5t \u1edf m\u1eb7t sau c\u1ee7a h\u1ed9p.<\/p>","protected":false},"excerpt":{"rendered":"<p>M\u00e1y th\u1eed n\u00e0y ch\u1ee7 y\u1ebfu \u0111\u01b0\u1ee3c s\u1eed d\u1ee5ng \u0111\u1ec3 s\u1ea1c qu\u00e1 m\u1ee9c v\u00e0 x\u1ea3 pin. Trong qu\u00e1 tr\u00ecnh th\u1eed nghi\u1ec7m s\u1ea1c v\u00e0 x\u1ea3, pin \u0111\u01b0\u1ee3c \u0111\u1eb7t trong h\u1ed9p ch\u1ed1ng n\u1ed5 v\u00e0 \u0111\u01b0\u1ee3c k\u1ebft n\u1ed1i v\u1edbi m\u00e1y th\u1eed s\u1ea1c v\u00e0 x\u1ea3 b\u00ean ngo\u00e0i \u0111\u1ec3 b\u1ea3o v\u1ec7 ng\u01b0\u1eddi v\u1eadn h\u00e0nh v\u00e0 thi\u1ebft b\u1ecb. H\u1ed9p th\u1eed nghi\u1ec7m c\u1ee7a m\u00e1y n\u00e0y c\u00f3 th\u1ec3 \u0111\u01b0\u1ee3c t\u00f9y ch\u1ec9nh theo nhu c\u1ea7u th\u1eed nghi\u1ec7m.<\/p>","protected":false},"featured_media":1281,"template":"","meta":{"site-sidebar-layout":"default","site-content-layout":"","ast-site-content-layout":"default","site-content-style":"default","site-sidebar-style":"default","ast-global-header-display":"","ast-banner-title-visibility":"","ast-main-header-display":"","ast-hfb-above-header-display":"","ast-hfb-below-header-display":"","ast-hfb-mobile-header-display":"","site-post-title":"","ast-breadcrumbs-content":"","ast-featured-img":"","footer-sml-layout":"","ast-disable-related-posts":"","theme-transparent-header-meta":"default","adv-header-id-meta":"","stick-header-meta":"","header-above-stick-meta":"","header-main-stick-meta":"","header-below-stick-meta":"","astra-migrate-meta-layouts":"set","ast-page-background-enabled":"default","ast-page-background-meta":{"desktop":{"background-color":"var(--ast-global-color-4)","background-image":"","background-repeat":"repeat","background-position":"center center","background-size":"auto","background-attachment":"scroll","background-type":"","background-media":"","overlay-type":"","overlay-color":"","overlay-opacity":"","overlay-gradient":""},"tablet":{"background-color":"","background-image":"","background-repeat":"repeat","background-position":"center center","background-size":"auto","background-attachment":"scroll","background-type":"","background-media":"","overlay-type":"","overlay-color":"","overlay-opacity":"","overlay-gradient":""},"mobile":{"background-color":"","background-image":"","background-repeat":"repeat","background-position":"center center","background-size":"auto","background-attachment":"scroll","background-type":"","background-media":"","overlay-type":"","overlay-color":"","overlay-opacity":"","overlay-gradient":""}},"ast-content-background-meta":{"desktop":{"background-color":"var(--ast-global-color-5)","background-image":"","background-repeat":"repeat","background-position":"center center","background-size":"auto","background-attachment":"scroll","background-type":"","background-media":"","overlay-type":"","overlay-color":"","overlay-opacity":"","overlay-gradient":""},"tablet":{"background-color":"var(--ast-global-color-5)","background-image":"","background-repeat":"repeat","background-position":"center center","background-size":"auto","background-attachment":"scroll","background-type":"","background-media":"","overlay-type":"","overlay-color":"","overlay-opacity":"","overlay-gradient":""},"mobile":{"background-color":"var(--ast-global-color-5)","background-image":"","background-repeat":"repeat","background-position":"center center","background-size":"auto","background-attachment":"scroll","background-type":"","background-media":"","overlay-type":"","overlay-color":"","overlay-opacity":"","overlay-gradient":""}}},"product_brand":[],"product_cat":[28],"product_tag":[],"class_list":{"0":"post-1280","1":"product","2":"type-product","3":"status-publish","4":"has-post-thumbnail","6":"product_cat-battery-testing-series","7":"desktop-align-left","8":"tablet-align-left","9":"mobile-align-left","11":"first","12":"instock","13":"shipping-taxable","14":"product-type-simple"},"yoast_head":"<!-- This site is optimized with the Yoast SEO plugin v23.9 - https:\/\/yoast.com\/wordpress\/plugins\/seo\/ -->\n<title>Explosion proof box for overcharging and discharging of batteries - Battery testing equipment series, environmental testing chamber series<\/title>\n<meta name=\"robots\" content=\"index, follow, max-snippet:-1, max-image-preview:large, max-video-preview:-1\" \/>\n<link rel=\"canonical\" href=\"https:\/\/jdtestchamber.com\/vi\/s\u1ea3n%20ph\u1ea9m\/hop-chong-chay-no-de-sac-qua-muc-va-xa-pin\/\" \/>\n<meta property=\"og:locale\" content=\"vi_VN\" \/>\n<meta property=\"og:type\" content=\"article\" \/>\n<meta property=\"og:title\" content=\"Explosion proof box for overcharging and discharging of batteries - Battery testing equipment series, environmental testing chamber series\" \/>\n<meta property=\"og:description\" content=\"This testing machine is mainly used for overcharging and discharging of batteries. During charging and discharging tests, the battery is placed in an explosion-proof box and connected to an external charging and discharging tester to protect the operator and the instrument. The testing box of this machine can be customized according to testing needs.\" \/>\n<meta property=\"og:url\" content=\"https:\/\/jdtestchamber.com\/vi\/s\u1ea3n ph\u1ea9m\/hop-chong-chay-no-de-sac-qua-muc-va-xa-pin\/\" \/>\n<meta property=\"og:site_name\" content=\"Battery testing equipment series, environmental testing chamber series\" \/>\n<meta property=\"article:modified_time\" content=\"2024-12-19T03:41:14+00:00\" \/>\n<meta property=\"og:image\" content=\"https:\/\/jdtestchamber.com\/wp-content\/uploads\/2024\/11\/Explosion-proof-box-for-overcharging-and-discharging-of-batteries.jpg\" \/>\n\t<meta property=\"og:image:width\" content=\"800\" \/>\n\t<meta property=\"og:image:height\" content=\"800\" \/>\n\t<meta property=\"og:image:type\" content=\"image\/jpeg\" \/>\n<meta name=\"twitter:card\" content=\"summary_large_image\" \/>\n<meta name=\"twitter:label1\" content=\"\u01af\u1edbc t\u00ednh th\u1eddi gian \u0111\u1ecdc\" \/>\n\t<meta name=\"twitter:data1\" content=\"2 ph\u00fat\" \/>\n<script type=\"application\/ld+json\" class=\"yoast-schema-graph\">{\"@context\":\"https:\/\/schema.org\",\"@graph\":[{\"@type\":\"WebPage\",\"@id\":\"https:\/\/jdtestchamber.com\/product\/explosion-proof-box-for-overcharging-and-discharging-of-batteries\/\",\"url\":\"https:\/\/jdtestchamber.com\/product\/explosion-proof-box-for-overcharging-and-discharging-of-batteries\/\",\"name\":\"Explosion proof box for overcharging and discharging of batteries - Battery testing equipment series, environmental testing chamber series\",\"isPartOf\":{\"@id\":\"https:\/\/jdtestchamber.com\/#website\"},\"primaryImageOfPage\":{\"@id\":\"https:\/\/jdtestchamber.com\/product\/explosion-proof-box-for-overcharging-and-discharging-of-batteries\/#primaryimage\"},\"image\":{\"@id\":\"https:\/\/jdtestchamber.com\/product\/explosion-proof-box-for-overcharging-and-discharging-of-batteries\/#primaryimage\"},\"thumbnailUrl\":\"https:\/\/jdtestchamber.com\/wp-content\/uploads\/2024\/11\/Explosion-proof-box-for-overcharging-and-discharging-of-batteries.jpg\",\"datePublished\":\"2024-11-29T10:31:24+00:00\",\"dateModified\":\"2024-12-19T03:41:14+00:00\",\"breadcrumb\":{\"@id\":\"https:\/\/jdtestchamber.com\/product\/explosion-proof-box-for-overcharging-and-discharging-of-batteries\/#breadcrumb\"},\"inLanguage\":\"vi\",\"potentialAction\":[{\"@type\":\"ReadAction\",\"target\":[\"https:\/\/jdtestchamber.com\/product\/explosion-proof-box-for-overcharging-and-discharging-of-batteries\/\"]}]},{\"@type\":\"ImageObject\",\"inLanguage\":\"vi\",\"@id\":\"https:\/\/jdtestchamber.com\/product\/explosion-proof-box-for-overcharging-and-discharging-of-batteries\/#primaryimage\",\"url\":\"https:\/\/jdtestchamber.com\/wp-content\/uploads\/2024\/11\/Explosion-proof-box-for-overcharging-and-discharging-of-batteries.jpg\",\"contentUrl\":\"https:\/\/jdtestchamber.com\/wp-content\/uploads\/2024\/11\/Explosion-proof-box-for-overcharging-and-discharging-of-batteries.jpg\",\"width\":800,\"height\":800},{\"@type\":\"BreadcrumbList\",\"@id\":\"https:\/\/jdtestchamber.com\/product\/explosion-proof-box-for-overcharging-and-discharging-of-batteries\/#breadcrumb\",\"itemListElement\":[{\"@type\":\"ListItem\",\"position\":1,\"name\":\"Home\",\"item\":\"https:\/\/jdtestchamber.com\/\"},{\"@type\":\"ListItem\",\"position\":2,\"name\":\"Product\",\"item\":\"https:\/\/jdtestchamber.com\/product\/\"},{\"@type\":\"ListItem\",\"position\":3,\"name\":\"Explosion proof box for overcharging and discharging of batteries\"}]},{\"@type\":\"WebSite\",\"@id\":\"https:\/\/jdtestchamber.com\/#website\",\"url\":\"https:\/\/jdtestchamber.com\/\",\"name\":\"Battery testing equipment series, environmental testing chamber series\",\"description\":\"Manufacturer of experimental equipment\",\"publisher\":{\"@id\":\"https:\/\/jdtestchamber.com\/#organization\"},\"potentialAction\":[{\"@type\":\"SearchAction\",\"target\":{\"@type\":\"EntryPoint\",\"urlTemplate\":\"https:\/\/jdtestchamber.com\/?s={search_term_string}\"},\"query-input\":{\"@type\":\"PropertyValueSpecification\",\"valueRequired\":true,\"valueName\":\"search_term_string\"}}],\"inLanguage\":\"vi\"},{\"@type\":\"Organization\",\"@id\":\"https:\/\/jdtestchamber.com\/#organization\",\"name\":\"Battery testing equipment series, environmental testing chamber series\",\"url\":\"https:\/\/jdtestchamber.com\/\",\"logo\":{\"@type\":\"ImageObject\",\"inLanguage\":\"vi\",\"@id\":\"https:\/\/jdtestchamber.com\/#\/schema\/logo\/image\/\",\"url\":\"https:\/\/jdtestchamber.com\/wp-content\/uploads\/2024\/12\/LOGO03.png\",\"contentUrl\":\"https:\/\/jdtestchamber.com\/wp-content\/uploads\/2024\/12\/LOGO03.png\",\"width\":776,\"height\":225,\"caption\":\"Battery testing equipment series, environmental testing chamber series\"},\"image\":{\"@id\":\"https:\/\/jdtestchamber.com\/#\/schema\/logo\/image\/\"}}]}<\/script>\n<!-- \/ Yoast SEO plugin. -->","yoast_head_json":{"title":"H\u1ed9p ch\u1ed1ng ch\u00e1y n\u1ed5 cho vi\u1ec7c s\u1ea1c v\u00e0 x\u1ea3 qu\u00e1 m\u1ee9c pin - D\u00f2ng thi\u1ebft b\u1ecb ki\u1ec3m tra pin, d\u00f2ng bu\u1ed3ng ki\u1ec3m tra m\u00f4i tr\u01b0\u1eddng","robots":{"index":"index","follow":"follow","max-snippet":"max-snippet:-1","max-image-preview":"max-image-preview:large","max-video-preview":"max-video-preview:-1"},"canonical":"https:\/\/jdtestchamber.com\/vi\/s\u1ea3n ph\u1ea9m\/hop-chong-chay-no-de-sac-qua-muc-va-xa-pin\/","og_locale":"vi_VN","og_type":"article","og_title":"Explosion proof box for overcharging and discharging of batteries - Battery testing equipment series, environmental testing chamber series","og_description":"This testing machine is mainly used for overcharging and discharging of batteries. During charging and discharging tests, the battery is placed in an explosion-proof box and connected to an external charging and discharging tester to protect the operator and the instrument. The testing box of this machine can be customized according to testing needs.","og_url":"https:\/\/jdtestchamber.com\/vi\/s\u1ea3n ph\u1ea9m\/hop-chong-chay-no-de-sac-qua-muc-va-xa-pin\/","og_site_name":"Battery testing equipment series, environmental testing chamber series","article_modified_time":"2024-12-19T03:41:14+00:00","og_image":[{"width":800,"height":800,"url":"https:\/\/jdtestchamber.com\/wp-content\/uploads\/2024\/11\/Explosion-proof-box-for-overcharging-and-discharging-of-batteries.jpg","type":"image\/jpeg"}],"twitter_card":"summary_large_image","twitter_misc":{"\u01af\u1edbc t\u00ednh th\u1eddi gian \u0111\u1ecdc":"2 ph\u00fat"},"schema":{"@context":"https:\/\/schema.org","@graph":[{"@type":"WebPage","@id":"https:\/\/jdtestchamber.com\/product\/explosion-proof-box-for-overcharging-and-discharging-of-batteries\/","url":"https:\/\/jdtestchamber.com\/product\/explosion-proof-box-for-overcharging-and-discharging-of-batteries\/","name":"H\u1ed9p ch\u1ed1ng ch\u00e1y n\u1ed5 cho vi\u1ec7c s\u1ea1c v\u00e0 x\u1ea3 qu\u00e1 m\u1ee9c pin - D\u00f2ng thi\u1ebft b\u1ecb ki\u1ec3m tra pin, d\u00f2ng bu\u1ed3ng ki\u1ec3m tra m\u00f4i tr\u01b0\u1eddng","isPartOf":{"@id":"https:\/\/jdtestchamber.com\/#website"},"primaryImageOfPage":{"@id":"https:\/\/jdtestchamber.com\/product\/explosion-proof-box-for-overcharging-and-discharging-of-batteries\/#primaryimage"},"image":{"@id":"https:\/\/jdtestchamber.com\/product\/explosion-proof-box-for-overcharging-and-discharging-of-batteries\/#primaryimage"},"thumbnailUrl":"https:\/\/jdtestchamber.com\/wp-content\/uploads\/2024\/11\/Explosion-proof-box-for-overcharging-and-discharging-of-batteries.jpg","datePublished":"2024-11-29T10:31:24+00:00","dateModified":"2024-12-19T03:41:14+00:00","breadcrumb":{"@id":"https:\/\/jdtestchamber.com\/product\/explosion-proof-box-for-overcharging-and-discharging-of-batteries\/#breadcrumb"},"inLanguage":"vi","potentialAction":[{"@type":"ReadAction","target":["https:\/\/jdtestchamber.com\/product\/explosion-proof-box-for-overcharging-and-discharging-of-batteries\/"]}]},{"@type":"ImageObject","inLanguage":"vi","@id":"https:\/\/jdtestchamber.com\/product\/explosion-proof-box-for-overcharging-and-discharging-of-batteries\/#primaryimage","url":"https:\/\/jdtestchamber.com\/wp-content\/uploads\/2024\/11\/Explosion-proof-box-for-overcharging-and-discharging-of-batteries.jpg","contentUrl":"https:\/\/jdtestchamber.com\/wp-content\/uploads\/2024\/11\/Explosion-proof-box-for-overcharging-and-discharging-of-batteries.jpg","width":800,"height":800},{"@type":"BreadcrumbList","@id":"https:\/\/jdtestchamber.com\/product\/explosion-proof-box-for-overcharging-and-discharging-of-batteries\/#breadcrumb","itemListElement":[{"@type":"ListItem","position":1,"name":"Home","item":"https:\/\/jdtestchamber.com\/"},{"@type":"ListItem","position":2,"name":"Product","item":"https:\/\/jdtestchamber.com\/product\/"},{"@type":"ListItem","position":3,"name":"Explosion proof box for overcharging and discharging of batteries"}]},{"@type":"WebSite","@id":"https:\/\/jdtestchamber.com\/#website","url":"https:\/\/jdtestchamber.com\/","name":"D\u00f2ng thi\u1ebft b\u1ecb ki\u1ec3m tra pin, d\u00f2ng bu\u1ed3ng ki\u1ec3m tra m\u00f4i tr\u01b0\u1eddng","description":"Nh\u00e0 s\u1ea3n xu\u1ea5t thi\u1ebft b\u1ecb th\u00ed nghi\u1ec7m","publisher":{"@id":"https:\/\/jdtestchamber.com\/#organization"},"potentialAction":[{"@type":"SearchAction","target":{"@type":"EntryPoint","urlTemplate":"https:\/\/jdtestchamber.com\/?s={search_term_string}"},"query-input":{"@type":"PropertyValueSpecification","valueRequired":true,"valueName":"search_term_string"}}],"inLanguage":"vi"},{"@type":"Organization","@id":"https:\/\/jdtestchamber.com\/#organization","name":"D\u00f2ng thi\u1ebft b\u1ecb ki\u1ec3m tra pin, d\u00f2ng bu\u1ed3ng ki\u1ec3m tra m\u00f4i tr\u01b0\u1eddng","url":"https:\/\/jdtestchamber.com\/","logo":{"@type":"ImageObject","inLanguage":"vi","@id":"https:\/\/jdtestchamber.com\/#\/schema\/logo\/image\/","url":"https:\/\/jdtestchamber.com\/wp-content\/uploads\/2024\/12\/LOGO03.png","contentUrl":"https:\/\/jdtestchamber.com\/wp-content\/uploads\/2024\/12\/LOGO03.png","width":776,"height":225,"caption":"Battery testing equipment series, environmental testing chamber series"},"image":{"@id":"https:\/\/jdtestchamber.com\/#\/schema\/logo\/image\/"}}]}},"_links":{"self":[{"href":"https:\/\/jdtestchamber.com\/vi\/wp-json\/wp\/v2\/product\/1280","targetHints":{"allow":["GET"]}}],"collection":[{"href":"https:\/\/jdtestchamber.com\/vi\/wp-json\/wp\/v2\/product"}],"about":[{"href":"https:\/\/jdtestchamber.com\/vi\/wp-json\/wp\/v2\/types\/product"}],"wp:featuredmedia":[{"embeddable":true,"href":"https:\/\/jdtestchamber.com\/vi\/wp-json\/wp\/v2\/media\/1281"}],"wp:attachment":[{"href":"https:\/\/jdtestchamber.com\/vi\/wp-json\/wp\/v2\/media?parent=1280"}],"wp:term":[{"taxonomy":"product_brand","embeddable":true,"href":"https:\/\/jdtestchamber.com\/vi\/wp-json\/wp\/v2\/product_brand?post=1280"},{"taxonomy":"product_cat","embeddable":true,"href":"https:\/\/jdtestchamber.com\/vi\/wp-json\/wp\/v2\/product_cat?post=1280"},{"taxonomy":"product_tag","embeddable":true,"href":"https:\/\/jdtestchamber.com\/vi\/wp-json\/wp\/v2\/product_tag?post=1280"}],"curies":[{"name":"wp","href":"https:\/\/api.w.org\/{rel}","templated":true}]}}