{"id":1284,"date":"2024-11-29T10:32:16","date_gmt":"2024-11-29T10:32:16","guid":{"rendered":"https:\/\/jdtestchamber.com\/?post_type=product&#038;p=1284"},"modified":"2024-12-19T03:30:01","modified_gmt":"2024-12-19T03:30:01","slug":"may-thu-va-dap-co-hoc","status":"publish","type":"product","link":"https:\/\/jdtestchamber.com\/vi\/s\u1ea3n ph\u1ea9m\/may-thu-va-dap-co-hoc\/","title":{"rendered":"M\u00e1y th\u1eed va \u0111\u1eadp c\u01a1 h\u1ecdc"},"content":{"rendered":"<p>T\u1ed5ng quan v\u1ec1 s\u1ea3n ph\u1ea9m:<br \/>\nM\u00e1y n\u00e0y ch\u1ee7 y\u1ebfu ph\u00f9 h\u1ee3p \u0111\u1ec3 th\u1eed nghi\u1ec7m va \u0111\u1eadp trong c\u00e1c s\u1ea3n ph\u1ea9m \u0111i\u1ec7n t\u1eed, h\u00e0ng kh\u00f4ng v\u0169 tr\u1ee5, \u0111\u00f3ng t\u00e0u, qu\u00e2n s\u1ef1, linh ki\u1ec7n \u00f4 t\u00f4, v\u1eadn t\u1ea3i v\u00e0 c\u00e1c l\u0129nh v\u1ef1c kh\u00e1c. B\u1eb1ng c\u00e1ch l\u1ef1a ch\u1ecdn c\u00e1c m\u00e1y ph\u00e1t d\u1ea1ng s\u00f3ng kh\u00e1c nhau, c\u00f3 th\u1ec3 ti\u1ebfn h\u00e0nh c\u00e1c th\u1eed nghi\u1ec7m va \u0111\u1eadp nh\u01b0 s\u00f3ng n\u1eeda sin, s\u00f3ng r\u0103ng c\u01b0a \u0111\u1ec9nh sau ho\u1eb7c s\u00f3ng vu\u00f4ng.<\/p>\n<p>Thi\u1ebft b\u1ecb \u0111\u00e1p \u1ee9ng c\u00e1c y\u00eau c\u1ea7u sau:<br \/>\nGB\/T2423-2008\u3001GJB150\u3001GJB360\u3001GJB548\u3001GJB1217\u3001MIL-STD-202F\u3001IEC-68-2-27\u3001MIL-STD-810F\u3001MIL-STD-883E \u0110ang ch\u1edd th\u00f4ng s\u1ed1 k\u1ef9 thu\u1eadt th\u1eed nghi\u1ec7m.<\/p>\n<p>Ti\u00eau chu\u1ea9n s\u1eed d\u1ee5ng:<br \/>\nGB\/T2423-2008\u3001GJB150\u3001GJB360\u3001GJB548\u3001GJB1217\u3001MIL-STD-202F\u3001IEC-68-2-27\u3001MIL-STD-810F\u3001MIL-STD-883E \u0110ang ch\u1edd th\u00f4ng s\u1ed1 k\u1ef9 thu\u1eadt th\u1eed nghi\u1ec7m.<\/p>","protected":false},"excerpt":{"rendered":"<p>M\u00e1y n\u00e0y ch\u1ee7 y\u1ebfu ph\u00f9 h\u1ee3p \u0111\u1ec3 th\u1eed nghi\u1ec7m va \u0111\u1eadp trong c\u00e1c s\u1ea3n ph\u1ea9m \u0111i\u1ec7n t\u1eed, h\u00e0ng kh\u00f4ng v\u0169 tr\u1ee5, \u0111\u00f3ng t\u00e0u, qu\u00e2n s\u1ef1, linh ki\u1ec7n \u00f4 t\u00f4, v\u1eadn t\u1ea3i v\u00e0 c\u00e1c l\u0129nh v\u1ef1c kh\u00e1c. B\u1eb1ng c\u00e1ch l\u1ef1a ch\u1ecdn c\u00e1c m\u00e1y ph\u00e1t d\u1ea1ng s\u00f3ng kh\u00e1c nhau, c\u00f3 th\u1ec3 ti\u1ebfn h\u00e0nh c\u00e1c th\u1eed nghi\u1ec7m va \u0111\u1eadp nh\u01b0 s\u00f3ng n\u1eeda sin, s\u00f3ng r\u0103ng c\u01b0a \u0111\u1ec9nh sau ho\u1eb7c s\u00f3ng vu\u00f4ng.<\/p>","protected":false},"featured_media":1285,"template":"","meta":{"site-sidebar-layout":"default","site-content-layout":"","ast-site-content-layout":"default","site-content-style":"default","site-sidebar-style":"default","ast-global-header-display":"","ast-banner-title-visibility":"","ast-main-header-display":"","ast-hfb-above-header-display":"","ast-hfb-below-header-display":"","ast-hfb-mobile-header-display":"","site-post-title":"","ast-breadcrumbs-content":"","ast-featured-img":"","footer-sml-layout":"","ast-disable-related-posts":"","theme-transparent-header-meta":"default","adv-header-id-meta":"","stick-header-meta":"","header-above-stick-meta":"","header-main-stick-meta":"","header-below-stick-meta":"","astra-migrate-meta-layouts":"set","ast-page-background-enabled":"default","ast-page-background-meta":{"desktop":{"background-color":"var(--ast-global-color-4)","background-image":"","background-repeat":"repeat","background-position":"center center","background-size":"auto","background-attachment":"scroll","background-type":"","background-media":"","overlay-type":"","overlay-color":"","overlay-opacity":"","overlay-gradient":""},"tablet":{"background-color":"","background-image":"","background-repeat":"repeat","background-position":"center center","background-size":"auto","background-attachment":"scroll","background-type":"","background-media":"","overlay-type":"","overlay-color":"","overlay-opacity":"","overlay-gradient":""},"mobile":{"background-color":"","background-image":"","background-repeat":"repeat","background-position":"center center","background-size":"auto","background-attachment":"scroll","background-type":"","background-media":"","overlay-type":"","overlay-color":"","overlay-opacity":"","overlay-gradient":""}},"ast-content-background-meta":{"desktop":{"background-color":"var(--ast-global-color-5)","background-image":"","background-repeat":"repeat","background-position":"center center","background-size":"auto","background-attachment":"scroll","background-type":"","background-media":"","overlay-type":"","overlay-color":"","overlay-opacity":"","overlay-gradient":""},"tablet":{"background-color":"var(--ast-global-color-5)","background-image":"","background-repeat":"repeat","background-position":"center center","background-size":"auto","background-attachment":"scroll","background-type":"","background-media":"","overlay-type":"","overlay-color":"","overlay-opacity":"","overlay-gradient":""},"mobile":{"background-color":"var(--ast-global-color-5)","background-image":"","background-repeat":"repeat","background-position":"center center","background-size":"auto","background-attachment":"scroll","background-type":"","background-media":"","overlay-type":"","overlay-color":"","overlay-opacity":"","overlay-gradient":""}}},"product_brand":[],"product_cat":[28],"product_tag":[],"class_list":{"0":"post-1284","1":"product","2":"type-product","3":"status-publish","4":"has-post-thumbnail","6":"product_cat-battery-testing-series","7":"desktop-align-left","8":"tablet-align-left","9":"mobile-align-left","11":"first","12":"instock","13":"shipping-taxable","14":"product-type-simple"},"yoast_head":"<!-- This site is optimized with the Yoast SEO plugin v23.9 - https:\/\/yoast.com\/wordpress\/plugins\/seo\/ -->\n<title>Mechanical impact testing machine - Battery testing equipment series, environmental testing chamber series<\/title>\n<meta name=\"robots\" content=\"index, follow, max-snippet:-1, max-image-preview:large, max-video-preview:-1\" \/>\n<link rel=\"canonical\" href=\"https:\/\/jdtestchamber.com\/vi\/s\u1ea3n%20ph\u1ea9m\/may-thu-va-dap-co-hoc\/\" \/>\n<meta property=\"og:locale\" content=\"vi_VN\" \/>\n<meta property=\"og:type\" content=\"article\" \/>\n<meta property=\"og:title\" content=\"Mechanical impact testing machine - Battery testing equipment series, environmental testing chamber series\" \/>\n<meta property=\"og:description\" content=\"This machine is mainly suitable for impact testing in electronic products, aerospace, shipbuilding, military, automotive components, transportation and other fields. By selecting different waveform generators, impact tests such as half sine wave, back peak sawtooth wave, or square wave can be conducted.\" \/>\n<meta property=\"og:url\" content=\"https:\/\/jdtestchamber.com\/vi\/s\u1ea3n ph\u1ea9m\/may-thu-va-dap-co-hoc\/\" \/>\n<meta property=\"og:site_name\" content=\"Battery testing equipment series, environmental testing chamber series\" \/>\n<meta property=\"article:modified_time\" content=\"2024-12-19T03:30:01+00:00\" \/>\n<meta property=\"og:image\" content=\"https:\/\/jdtestchamber.com\/wp-content\/uploads\/2024\/11\/Mechanical-impact-testing-machine.jpg\" \/>\n\t<meta property=\"og:image:width\" content=\"1600\" \/>\n\t<meta property=\"og:image:height\" content=\"1600\" \/>\n\t<meta property=\"og:image:type\" content=\"image\/jpeg\" \/>\n<meta name=\"twitter:card\" content=\"summary_large_image\" \/>\n<meta name=\"twitter:label1\" content=\"\u01af\u1edbc t\u00ednh th\u1eddi gian \u0111\u1ecdc\" \/>\n\t<meta name=\"twitter:data1\" content=\"1 ph\u00fat\" \/>\n<script type=\"application\/ld+json\" class=\"yoast-schema-graph\">{\"@context\":\"https:\/\/schema.org\",\"@graph\":[{\"@type\":\"WebPage\",\"@id\":\"https:\/\/jdtestchamber.com\/product\/mechanical-impact-testing-machine\/\",\"url\":\"https:\/\/jdtestchamber.com\/product\/mechanical-impact-testing-machine\/\",\"name\":\"Mechanical impact testing machine - Battery testing equipment series, environmental testing chamber series\",\"isPartOf\":{\"@id\":\"https:\/\/jdtestchamber.com\/#website\"},\"primaryImageOfPage\":{\"@id\":\"https:\/\/jdtestchamber.com\/product\/mechanical-impact-testing-machine\/#primaryimage\"},\"image\":{\"@id\":\"https:\/\/jdtestchamber.com\/product\/mechanical-impact-testing-machine\/#primaryimage\"},\"thumbnailUrl\":\"https:\/\/jdtestchamber.com\/wp-content\/uploads\/2024\/11\/Mechanical-impact-testing-machine.jpg\",\"datePublished\":\"2024-11-29T10:32:16+00:00\",\"dateModified\":\"2024-12-19T03:30:01+00:00\",\"breadcrumb\":{\"@id\":\"https:\/\/jdtestchamber.com\/product\/mechanical-impact-testing-machine\/#breadcrumb\"},\"inLanguage\":\"vi\",\"potentialAction\":[{\"@type\":\"ReadAction\",\"target\":[\"https:\/\/jdtestchamber.com\/product\/mechanical-impact-testing-machine\/\"]}]},{\"@type\":\"ImageObject\",\"inLanguage\":\"vi\",\"@id\":\"https:\/\/jdtestchamber.com\/product\/mechanical-impact-testing-machine\/#primaryimage\",\"url\":\"https:\/\/jdtestchamber.com\/wp-content\/uploads\/2024\/11\/Mechanical-impact-testing-machine.jpg\",\"contentUrl\":\"https:\/\/jdtestchamber.com\/wp-content\/uploads\/2024\/11\/Mechanical-impact-testing-machine.jpg\",\"width\":1600,\"height\":1600},{\"@type\":\"BreadcrumbList\",\"@id\":\"https:\/\/jdtestchamber.com\/product\/mechanical-impact-testing-machine\/#breadcrumb\",\"itemListElement\":[{\"@type\":\"ListItem\",\"position\":1,\"name\":\"Home\",\"item\":\"https:\/\/jdtestchamber.com\/\"},{\"@type\":\"ListItem\",\"position\":2,\"name\":\"Product\",\"item\":\"https:\/\/jdtestchamber.com\/product\/\"},{\"@type\":\"ListItem\",\"position\":3,\"name\":\"Mechanical impact testing machine\"}]},{\"@type\":\"WebSite\",\"@id\":\"https:\/\/jdtestchamber.com\/#website\",\"url\":\"https:\/\/jdtestchamber.com\/\",\"name\":\"Battery testing equipment series, environmental testing chamber series\",\"description\":\"Manufacturer of experimental equipment\",\"publisher\":{\"@id\":\"https:\/\/jdtestchamber.com\/#organization\"},\"potentialAction\":[{\"@type\":\"SearchAction\",\"target\":{\"@type\":\"EntryPoint\",\"urlTemplate\":\"https:\/\/jdtestchamber.com\/?s={search_term_string}\"},\"query-input\":{\"@type\":\"PropertyValueSpecification\",\"valueRequired\":true,\"valueName\":\"search_term_string\"}}],\"inLanguage\":\"vi\"},{\"@type\":\"Organization\",\"@id\":\"https:\/\/jdtestchamber.com\/#organization\",\"name\":\"Battery testing equipment series, environmental testing chamber series\",\"url\":\"https:\/\/jdtestchamber.com\/\",\"logo\":{\"@type\":\"ImageObject\",\"inLanguage\":\"vi\",\"@id\":\"https:\/\/jdtestchamber.com\/#\/schema\/logo\/image\/\",\"url\":\"https:\/\/jdtestchamber.com\/wp-content\/uploads\/2024\/12\/LOGO03.png\",\"contentUrl\":\"https:\/\/jdtestchamber.com\/wp-content\/uploads\/2024\/12\/LOGO03.png\",\"width\":776,\"height\":225,\"caption\":\"Battery testing equipment series, environmental testing chamber series\"},\"image\":{\"@id\":\"https:\/\/jdtestchamber.com\/#\/schema\/logo\/image\/\"}}]}<\/script>\n<!-- \/ Yoast SEO plugin. -->","yoast_head_json":{"title":"M\u00e1y th\u1eed va \u0111\u1eadp c\u01a1 h\u1ecdc - D\u00f2ng thi\u1ebft b\u1ecb th\u1eed pin, d\u00f2ng bu\u1ed3ng th\u1eed m\u00f4i tr\u01b0\u1eddng","robots":{"index":"index","follow":"follow","max-snippet":"max-snippet:-1","max-image-preview":"max-image-preview:large","max-video-preview":"max-video-preview:-1"},"canonical":"https:\/\/jdtestchamber.com\/vi\/s\u1ea3n ph\u1ea9m\/may-thu-va-dap-co-hoc\/","og_locale":"vi_VN","og_type":"article","og_title":"Mechanical impact testing machine - Battery testing equipment series, environmental testing chamber series","og_description":"This machine is mainly suitable for impact testing in electronic products, aerospace, shipbuilding, military, automotive components, transportation and other fields. By selecting different waveform generators, impact tests such as half sine wave, back peak sawtooth wave, or square wave can be conducted.","og_url":"https:\/\/jdtestchamber.com\/vi\/s\u1ea3n ph\u1ea9m\/may-thu-va-dap-co-hoc\/","og_site_name":"Battery testing equipment series, environmental testing chamber series","article_modified_time":"2024-12-19T03:30:01+00:00","og_image":[{"width":1600,"height":1600,"url":"https:\/\/jdtestchamber.com\/wp-content\/uploads\/2024\/11\/Mechanical-impact-testing-machine.jpg","type":"image\/jpeg"}],"twitter_card":"summary_large_image","twitter_misc":{"\u01af\u1edbc t\u00ednh th\u1eddi gian \u0111\u1ecdc":"1 ph\u00fat"},"schema":{"@context":"https:\/\/schema.org","@graph":[{"@type":"WebPage","@id":"https:\/\/jdtestchamber.com\/product\/mechanical-impact-testing-machine\/","url":"https:\/\/jdtestchamber.com\/product\/mechanical-impact-testing-machine\/","name":"M\u00e1y th\u1eed va \u0111\u1eadp c\u01a1 h\u1ecdc - D\u00f2ng thi\u1ebft b\u1ecb th\u1eed pin, d\u00f2ng bu\u1ed3ng th\u1eed m\u00f4i tr\u01b0\u1eddng","isPartOf":{"@id":"https:\/\/jdtestchamber.com\/#website"},"primaryImageOfPage":{"@id":"https:\/\/jdtestchamber.com\/product\/mechanical-impact-testing-machine\/#primaryimage"},"image":{"@id":"https:\/\/jdtestchamber.com\/product\/mechanical-impact-testing-machine\/#primaryimage"},"thumbnailUrl":"https:\/\/jdtestchamber.com\/wp-content\/uploads\/2024\/11\/Mechanical-impact-testing-machine.jpg","datePublished":"2024-11-29T10:32:16+00:00","dateModified":"2024-12-19T03:30:01+00:00","breadcrumb":{"@id":"https:\/\/jdtestchamber.com\/product\/mechanical-impact-testing-machine\/#breadcrumb"},"inLanguage":"vi","potentialAction":[{"@type":"ReadAction","target":["https:\/\/jdtestchamber.com\/product\/mechanical-impact-testing-machine\/"]}]},{"@type":"ImageObject","inLanguage":"vi","@id":"https:\/\/jdtestchamber.com\/product\/mechanical-impact-testing-machine\/#primaryimage","url":"https:\/\/jdtestchamber.com\/wp-content\/uploads\/2024\/11\/Mechanical-impact-testing-machine.jpg","contentUrl":"https:\/\/jdtestchamber.com\/wp-content\/uploads\/2024\/11\/Mechanical-impact-testing-machine.jpg","width":1600,"height":1600},{"@type":"BreadcrumbList","@id":"https:\/\/jdtestchamber.com\/product\/mechanical-impact-testing-machine\/#breadcrumb","itemListElement":[{"@type":"ListItem","position":1,"name":"Home","item":"https:\/\/jdtestchamber.com\/"},{"@type":"ListItem","position":2,"name":"Product","item":"https:\/\/jdtestchamber.com\/product\/"},{"@type":"ListItem","position":3,"name":"Mechanical impact testing machine"}]},{"@type":"WebSite","@id":"https:\/\/jdtestchamber.com\/#website","url":"https:\/\/jdtestchamber.com\/","name":"D\u00f2ng thi\u1ebft b\u1ecb ki\u1ec3m tra pin, d\u00f2ng bu\u1ed3ng ki\u1ec3m tra m\u00f4i tr\u01b0\u1eddng","description":"Nh\u00e0 s\u1ea3n xu\u1ea5t thi\u1ebft b\u1ecb th\u00ed nghi\u1ec7m","publisher":{"@id":"https:\/\/jdtestchamber.com\/#organization"},"potentialAction":[{"@type":"SearchAction","target":{"@type":"EntryPoint","urlTemplate":"https:\/\/jdtestchamber.com\/?s={search_term_string}"},"query-input":{"@type":"PropertyValueSpecification","valueRequired":true,"valueName":"search_term_string"}}],"inLanguage":"vi"},{"@type":"Organization","@id":"https:\/\/jdtestchamber.com\/#organization","name":"D\u00f2ng thi\u1ebft b\u1ecb ki\u1ec3m tra pin, d\u00f2ng bu\u1ed3ng ki\u1ec3m tra m\u00f4i tr\u01b0\u1eddng","url":"https:\/\/jdtestchamber.com\/","logo":{"@type":"ImageObject","inLanguage":"vi","@id":"https:\/\/jdtestchamber.com\/#\/schema\/logo\/image\/","url":"https:\/\/jdtestchamber.com\/wp-content\/uploads\/2024\/12\/LOGO03.png","contentUrl":"https:\/\/jdtestchamber.com\/wp-content\/uploads\/2024\/12\/LOGO03.png","width":776,"height":225,"caption":"Battery testing equipment series, environmental testing chamber series"},"image":{"@id":"https:\/\/jdtestchamber.com\/#\/schema\/logo\/image\/"}}]}},"_links":{"self":[{"href":"https:\/\/jdtestchamber.com\/vi\/wp-json\/wp\/v2\/product\/1284","targetHints":{"allow":["GET"]}}],"collection":[{"href":"https:\/\/jdtestchamber.com\/vi\/wp-json\/wp\/v2\/product"}],"about":[{"href":"https:\/\/jdtestchamber.com\/vi\/wp-json\/wp\/v2\/types\/product"}],"wp:featuredmedia":[{"embeddable":true,"href":"https:\/\/jdtestchamber.com\/vi\/wp-json\/wp\/v2\/media\/1285"}],"wp:attachment":[{"href":"https:\/\/jdtestchamber.com\/vi\/wp-json\/wp\/v2\/media?parent=1284"}],"wp:term":[{"taxonomy":"product_brand","embeddable":true,"href":"https:\/\/jdtestchamber.com\/vi\/wp-json\/wp\/v2\/product_brand?post=1284"},{"taxonomy":"product_cat","embeddable":true,"href":"https:\/\/jdtestchamber.com\/vi\/wp-json\/wp\/v2\/product_cat?post=1284"},{"taxonomy":"product_tag","embeddable":true,"href":"https:\/\/jdtestchamber.com\/vi\/wp-json\/wp\/v2\/product_tag?post=1284"}],"curies":[{"name":"wp","href":"https:\/\/api.w.org\/{rel}","templated":true}]}}