{"id":1288,"date":"2024-11-29T10:33:13","date_gmt":"2024-11-29T10:33:13","guid":{"rendered":"https:\/\/jdtestchamber.com\/?post_type=product&#038;p=1288"},"modified":"2025-01-13T02:01:26","modified_gmt":"2025-01-13T02:01:26","slug":"buong-thu-nghiem-soc-nhiet-va-lam-dung-nhiet","status":"publish","type":"product","link":"https:\/\/jdtestchamber.com\/vi\/s\u1ea3n ph\u1ea9m\/buong-thu-nghiem-soc-nhiet-va-lam-dung-nhiet\/","title":{"rendered":"Bu\u1ed3ng th\u1eed nghi\u1ec7m s\u1ed1c nhi\u1ec7t v\u00e0 l\u1ea1m d\u1ee5ng nhi\u1ec7t"},"content":{"rendered":"<p>1. S\u1eed d\u1ee5ng thi\u1ebft b\u1ecb:<br \/>\nThi\u1ebft b\u1ecb lo\u1ea1t bu\u1ed3ng th\u1eed s\u1ed1c nhi\u1ec7t (l\u1ea1m d\u1ee5ng nhi\u1ec7t) l\u00e0 m\u1ed9t trong nh\u1eefng thi\u1ebft b\u1ecb th\u01b0\u1eddng \u0111\u01b0\u1ee3c s\u1eed d\u1ee5ng trong c\u00e1c th\u1eed nghi\u1ec7m va \u0111\u1eadp nhi\u1ec7t \u0111\u1ed9 cao, th\u00ed nghi\u1ec7m nung v\u00e0 l\u00e3o h\u00f3a kh\u00e1c nhau. N\u00f3 ph\u00f9 h\u1ee3p \u0111\u1ec3 th\u1eed nghi\u1ec7m c\u00e1c ch\u1ec9 s\u1ed1 hi\u1ec7u su\u1ea5t v\u00e0 qu\u1ea3n l\u00fd ch\u1ea5t l\u01b0\u1ee3ng c\u1ee7a c\u00e1c thi\u1ebft b\u1ecb \u0111i\u1ec7n t\u1eed, v\u1eadt li\u1ec7u, th\u1ee3 \u0111i\u1ec7n, xe c\u1ed9, kim lo\u1ea1i, s\u1ea3n ph\u1ea9m \u0111i\u1ec7n t\u1eed v\u00e0 c\u00e1c linh ki\u1ec7n \u0111i\u1ec7n t\u1eed kh\u00e1c nhau trong m\u00f4i tr\u01b0\u1eddng nhi\u1ec7t \u0111\u1ed9<\/p>\n<p>2. T\u00ednh n\u0103ng s\u1ea3n ph\u1ea9m:<br \/>\n\u25c6 B\u1ed9 \u0111i\u1ec1u khi\u1ec3n m\u00e0n h\u00ecnh c\u1ea3m \u1ee9ng, cao c\u1ea5p v\u00e0 m\u1ea1nh m\u1ebd, b\u1ea1n c\u00f3 th\u1ec3 ch\u1ecdn \u0111i\u1ec1u khi\u1ec3n nhi\u1ec7t \u0111\u1ed9 m\u1ed9t \u0111i\u1ec3m ho\u1eb7c \u0111i\u1ec1u khi\u1ec3n nhi\u1ec7t \u0111\u1ed9 theo ch\u01b0\u01a1ng tr\u00ecnh. B\u00e1nh xe \u0111\u01b0\u1ee3c l\u1eafp \u1edf ph\u00eda d\u01b0\u1edbi<br \/>\n, c\u00f3 th\u1ec3 di chuy\u1ec3n theo v\u1ecb tr\u00ed \u0111\u1eb7t<br \/>\nC\u1ea3m bi\u1ebfn nhi\u1ec7t \u0111\u1ed9 PT100, \u0111\u1ed9 ch\u00ednh x\u00e1c cao, c\u1ea3m bi\u1ebfn nhi\u1ec7t \u0111\u1ed9 nhanh, kh\u1ea3 n\u0103ng ch\u1ecbu nhi\u1ec7t \u0111\u1ed9 cao, chi ph\u00ed b\u1ea3o tr\u00ec th\u1ea5p<br \/>\nNg\u01b0\u1eddi d\u00f9ng c\u00f3 th\u1ec3 gia c\u00f4ng c\u00e1c lo\u1ea1i t\u01b0\u1eddng trong v\u00e0 t\u01b0\u1eddng ngo\u00e0i theo nhu c\u1ea7u ri\u00eang c\u1ee7a m\u00ecnh<br \/>\n. \u0110\u1ec3 \u0111\u00e1p \u1ee9ng c\u00e1c y\u00eau c\u1ea7u \u0111\u1eb7c bi\u1ec7t c\u1ee7a ph\u00f2ng th\u00ed nghi\u1ec7m H\u1ed9p b\u00ean ngo\u00e0i \u0111\u01b0\u1ee3c l\u00e0m b\u1eb1ng th\u00e9p t\u1ea5m c\u00e1n ngu\u1ed9i, s\u01a1n, ch\u1ed1ng \u0103n m\u00f2n, ch\u1ecbu nhi\u1ec7t \u0111\u1ed9 cao v\u00e0 c\u1ea5u tr\u00fac<br \/>\nho\u00e0n th\u00e0nh H\u1ed9p b\u00ean trong \u0111\u01b0\u1ee3c l\u00e0m b\u1eb1ng t\u1ea5m g\u01b0\u01a1ng 304#, c\u00f3 b\u1ec1 m\u1eb7t nh\u1eb5n, ch\u1ed1ng \u0103n m\u00f2n, ch\u1ecbu nhi\u1ec7t \u0111\u1ed9 cao, d\u1ec5 v\u1ec7 sinh, d\u1ec5 b\u1ea3o tr\u00ec<br \/>\n\u25c6 C\u00f3 th\u1ec3 t\u00f9y ch\u1ec9nh m\u1ecdi k\u00edch th\u01b0\u1edbc ho\u1eb7c th\u00f4ng s\u1ed1 k\u1ef9 thu\u1eadt, kh\u00f4ng l\u00e3ng ph\u00ed kh\u00f4ng gian s\u1eed d\u1ee5ng<\/p>\n<p>3. Ti\u00eau chu\u1ea9n \u0111i\u1ec1u h\u00e0nh:<br \/>\nGB 31241-2022 \u201cY\u00eau c\u1ea7u an to\u00e0n \u0111\u1ed1i v\u1edbi pin lithium-ion v\u00e0 b\u1ed9 pin cho s\u1ea3n ph\u1ea9m \u0111i\u1ec7n t\u1eed c\u1ea7m tay\u201d MT<br \/>\n\/T 1051-2007 \u201cPin Lithium-ion cho \u0111\u00e8n khai th\u00e1c\u201d<br \/>\nSJ\/T 11169-1998 (UL1642:1995) \u201cTi\u00eau chu\u1ea9n an to\u00e0n cho pin gia d\u1ee5ng v\u00e0 th\u01b0\u01a1ng m\u1ea1i\u201d YD<br \/>\n1268-2003 Y\u00eau c\u1ea7u an to\u00e0n v\u00e0 ph\u01b0\u01a1ng ph\u00e1p th\u1eed nghi\u1ec7m \u0111\u1ed1i v\u1edbi pin lithium v\u00e0 b\u1ed9 s\u1ea1c cho thi\u1ebft b\u1ecb c\u1ea7m tay li\u00ean l\u1ea1c di \u0111\u1ed9ng\u201d<br \/>\nGB\/T 19521.11-2005 \u201cQuy \u0111\u1ecbnh an to\u00e0n v\u1ec1 ki\u1ec3m tra \u0111\u1eb7c t\u00ednh nguy hi\u1ec3m c\u1ee7a b\u1ed9 pin lithium\u201d<br \/>\nGB\/T 18287-2013 Th\u00f4ng s\u1ed1 k\u1ef9 thu\u1eadt chung cho pin lithium-ion cho \u0111i\u1ec7n tho\u1ea1i di \u0111\u1ed9ng<br \/>\nSJ\/T 11170-1998 (UL2054:1997) \u201cTi\u00eau chu\u1ea9n an to\u00e0n cho pin gia d\u1ee5ng v\u00e0 th\u01b0\u01a1ng m\u1ea1i<br \/>\n\u201c. UN 38.3 Khuy\u1ebfn ngh\u1ecb v\u1ec1 v\u1eadn chuy\u1ec3n h\u00e0ng h\u00f3a nguy hi\u1ec3m S\u1ed5 tay th\u1eed nghi\u1ec7m v\u00e0 ti\u00eau chu\u1ea9n, Ph\u1ea7n III, M\u1ee5c 38.3<br \/>\nTi\u00eau chu\u1ea9n UL 1642 cho Pin Lithium 2054 B\u1ed9 Pin Gia D\u1ee5ng v\u00e0 Th\u01b0\u01a1ng M\u1ea1i<br \/>\nIEC62133-2012 Y\u00eau c\u1ea7u an to\u00e0n<br \/>\nd\u00e0nh cho pin v\u00e0 pin ch\u1ee9a ch\u1ea5t \u0111i\u1ec7n ph\u00e2n ki\u1ec1m ho\u1eb7c kh\u00f4ng c\u00f3 t\u00ednh axit \u2013 Pin k\u00edn v\u00e0 pin cho thi\u1ebft b\u1ecb di \u0111\u1ed9ngGB\/T 8897.4-2008 (IEC 60086-4:2007) \u201cPin ch\u00ednh \u2013 Ph\u1ea7n 4: Y\u00eau c\u1ea7u an to\u00e0n \u0111\u1ed1i v\u1edbi pin lithium\u201d YDB<br \/>\n032-2009 \u201cB\u1ed9 pin lithium-ion d\u1ef1 ph\u00f2ng cho m\u1ee5c \u0111\u00edch li\u00ean l\u1ea1c\u201d<br \/>\nYD\/T 2344.1-2011 \u201cB\u1ed9 pin lithium s\u1eaft phosphate cho truy\u1ec1n th\u00f4ng \u2013 Ph\u1ea7n 1: B\u1ed9 pin t\u00edch h\u1ee3p\u201d GB<br \/>\n\/T 21966-2008 (IEC 62281:2004) \u201cY\u00eau c\u1ea7u an to\u00e0n \u0111\u1ed1i v\u1edbi pin lithium ch\u00ednh v\u00e0 ph\u1ee5 trong qu\u00e1 tr\u00ecnh v\u1eadn chuy\u1ec3n\u201d<br \/>\nGB38031-2020 \u201cY\u00eau c\u1ea7u an to\u00e0n \u0111\u1ed1i v\u1edbi pin \u0111i\u1ec7n cho xe \u0111i\u1ec7n\u201d<br \/>\nY\u00eau c\u1ea7u ti\u00eau chu\u1ea9n th\u1eed nghi\u1ec7m:<br \/>\nSau khi pin \u0111\u01b0\u1ee3c s\u1ea1c \u0111\u1ea7y theo ph\u01b0\u01a1ng ph\u00e1p th\u1eed nghi\u1ec7m \u0111\u00e3 ch\u1ec9 \u0111\u1ecbnh, pin \u0111\u01b0\u1ee3c \u0111\u01b0a v\u00e0o ph\u00f2ng th\u00ed nghi\u1ec7m. Bu\u1ed3ng \u0111\u01b0\u1ee3c l\u00e0m n\u00f3ng<br \/>\nv\u1edbi t\u1ed1c \u0111\u1ed9 5 \u00b1 2 \u00b0C\/ph\u00fat v\u00e0 nhi\u1ec7t \u0111\u1ed9 b\u00ean trong bu\u1ed3ng \u0111\u01b0\u1ee3c gi\u1eef kh\u00f4ng \u0111\u1ed5i trong 30 ph\u00fat sau khi \u0111\u1ea1t 130 \u00b1 2 \u00b0C v\u00e0<br \/>\npin kh\u00f4ng \u0111\u01b0\u1ee3c b\u1eaft l\u1eeda ho\u1eb7c ph\u00e1t n\u1ed5.<\/p>","protected":false},"excerpt":{"rendered":"<p>Thi\u1ebft b\u1ecb lo\u1ea1t bu\u1ed3ng th\u1eed s\u1ed1c nhi\u1ec7t (l\u1ea1m d\u1ee5ng nhi\u1ec7t) l\u00e0 m\u1ed9t trong nh\u1eefng thi\u1ebft b\u1ecb th\u01b0\u1eddng \u0111\u01b0\u1ee3c s\u1eed d\u1ee5ng trong c\u00e1c th\u1eed nghi\u1ec7m va \u0111\u1eadp nhi\u1ec7t \u0111\u1ed9 cao, th\u00ed nghi\u1ec7m nung v\u00e0 l\u00e3o h\u00f3a kh\u00e1c nhau. N\u00f3 ph\u00f9 h\u1ee3p \u0111\u1ec3 th\u1eed nghi\u1ec7m c\u00e1c ch\u1ec9 s\u1ed1 hi\u1ec7u su\u1ea5t v\u00e0 qu\u1ea3n l\u00fd ch\u1ea5t l\u01b0\u1ee3ng c\u1ee7a c\u00e1c thi\u1ebft b\u1ecb \u0111i\u1ec7n t\u1eed, v\u1eadt li\u1ec7u, th\u1ee3 \u0111i\u1ec7n, xe c\u1ed9, kim lo\u1ea1i, s\u1ea3n ph\u1ea9m \u0111i\u1ec7n t\u1eed v\u00e0 c\u00e1c linh ki\u1ec7n \u0111i\u1ec7n t\u1eed kh\u00e1c nhau trong m\u00f4i tr\u01b0\u1eddng nhi\u1ec7t \u0111\u1ed9<\/p>","protected":false},"featured_media":1289,"template":"","meta":{"site-sidebar-layout":"default","site-content-layout":"","ast-site-content-layout":"default","site-content-style":"default","site-sidebar-style":"default","ast-global-header-display":"","ast-banner-title-visibility":"","ast-main-header-display":"","ast-hfb-above-header-display":"","ast-hfb-below-header-display":"","ast-hfb-mobile-header-display":"","site-post-title":"","ast-breadcrumbs-content":"","ast-featured-img":"","footer-sml-layout":"","ast-disable-related-posts":"","theme-transparent-header-meta":"default","adv-header-id-meta":"","stick-header-meta":"","header-above-stick-meta":"","header-main-stick-meta":"","header-below-stick-meta":"","astra-migrate-meta-layouts":"set","ast-page-background-enabled":"default","ast-page-background-meta":{"desktop":{"background-color":"var(--ast-global-color-4)","background-image":"","background-repeat":"repeat","background-position":"center center","background-size":"auto","background-attachment":"scroll","background-type":"","background-media":"","overlay-type":"","overlay-color":"","overlay-opacity":"","overlay-gradient":""},"tablet":{"background-color":"","background-image":"","background-repeat":"repeat","background-position":"center center","background-size":"auto","background-attachment":"scroll","background-type":"","background-media":"","overlay-type":"","overlay-color":"","overlay-opacity":"","overlay-gradient":""},"mobile":{"background-color":"","background-image":"","background-repeat":"repeat","background-position":"center center","background-size":"auto","background-attachment":"scroll","background-type":"","background-media":"","overlay-type":"","overlay-color":"","overlay-opacity":"","overlay-gradient":""}},"ast-content-background-meta":{"desktop":{"background-color":"var(--ast-global-color-5)","background-image":"","background-repeat":"repeat","background-position":"center center","background-size":"auto","background-attachment":"scroll","background-type":"","background-media":"","overlay-type":"","overlay-color":"","overlay-opacity":"","overlay-gradient":""},"tablet":{"background-color":"var(--ast-global-color-5)","background-image":"","background-repeat":"repeat","background-position":"center center","background-size":"auto","background-attachment":"scroll","background-type":"","background-media":"","overlay-type":"","overlay-color":"","overlay-opacity":"","overlay-gradient":""},"mobile":{"background-color":"var(--ast-global-color-5)","background-image":"","background-repeat":"repeat","background-position":"center center","background-size":"auto","background-attachment":"scroll","background-type":"","background-media":"","overlay-type":"","overlay-color":"","overlay-opacity":"","overlay-gradient":""}}},"product_brand":[],"product_cat":[28],"product_tag":[],"class_list":{"0":"post-1288","1":"product","2":"type-product","3":"status-publish","4":"has-post-thumbnail","6":"product_cat-battery-testing-series","7":"desktop-align-left","8":"tablet-align-left","9":"mobile-align-left","11":"first","12":"instock","13":"downloadable","14":"shipping-taxable","15":"product-type-simple"},"yoast_head":"<!-- This site is optimized with the Yoast SEO plugin v23.9 - https:\/\/yoast.com\/wordpress\/plugins\/seo\/ -->\n<title>Thermal abuse and thermal shock test chamber - Battery testing equipment series, environmental testing chamber series<\/title>\n<meta name=\"robots\" content=\"index, follow, max-snippet:-1, max-image-preview:large, max-video-preview:-1\" \/>\n<link rel=\"canonical\" href=\"https:\/\/jdtestchamber.com\/vi\/s\u1ea3n%20ph\u1ea9m\/buong-thu-nghiem-soc-nhiet-va-lam-dung-nhiet\/\" \/>\n<meta property=\"og:locale\" content=\"vi_VN\" \/>\n<meta property=\"og:type\" content=\"article\" \/>\n<meta property=\"og:title\" content=\"Thermal abuse and thermal shock test chamber - Battery testing equipment series, environmental testing chamber series\" \/>\n<meta property=\"og:description\" content=\"Thermal shock test chamber (thermal abuse) series equipment is one of the commonly used equipment in various high-temperature impact tests, baking and aging experiments. It is suitable for testing the performance indicators and quality management of electronic instruments, materials, electricians, vehicles, metals, electronic products, and various electronic components in a temperature environment\" \/>\n<meta property=\"og:url\" content=\"https:\/\/jdtestchamber.com\/vi\/s\u1ea3n ph\u1ea9m\/buong-thu-nghiem-soc-nhiet-va-lam-dung-nhiet\/\" \/>\n<meta property=\"og:site_name\" content=\"Battery testing equipment series, environmental testing chamber series\" \/>\n<meta property=\"article:modified_time\" content=\"2025-01-13T02:01:26+00:00\" \/>\n<meta property=\"og:image\" content=\"https:\/\/jdtestchamber.com\/wp-content\/uploads\/2024\/11\/Thermal-abuse-and-thermal-shock-test-chamber.jpg\" \/>\n\t<meta property=\"og:image:width\" content=\"1150\" \/>\n\t<meta property=\"og:image:height\" content=\"1150\" \/>\n\t<meta property=\"og:image:type\" content=\"image\/jpeg\" \/>\n<meta name=\"twitter:card\" content=\"summary_large_image\" \/>\n<meta name=\"twitter:label1\" content=\"\u01af\u1edbc t\u00ednh th\u1eddi gian \u0111\u1ecdc\" \/>\n\t<meta name=\"twitter:data1\" content=\"3 ph\u00fat\" \/>\n<script type=\"application\/ld+json\" class=\"yoast-schema-graph\">{\"@context\":\"https:\/\/schema.org\",\"@graph\":[{\"@type\":\"WebPage\",\"@id\":\"https:\/\/jdtestchamber.com\/product\/thermal-abuse-and-thermal-shock-test-chamber\/\",\"url\":\"https:\/\/jdtestchamber.com\/product\/thermal-abuse-and-thermal-shock-test-chamber\/\",\"name\":\"Thermal abuse and thermal shock test chamber - Battery testing equipment series, environmental testing chamber series\",\"isPartOf\":{\"@id\":\"https:\/\/jdtestchamber.com\/#website\"},\"primaryImageOfPage\":{\"@id\":\"https:\/\/jdtestchamber.com\/product\/thermal-abuse-and-thermal-shock-test-chamber\/#primaryimage\"},\"image\":{\"@id\":\"https:\/\/jdtestchamber.com\/product\/thermal-abuse-and-thermal-shock-test-chamber\/#primaryimage\"},\"thumbnailUrl\":\"https:\/\/jdtestchamber.com\/wp-content\/uploads\/2024\/11\/Thermal-abuse-and-thermal-shock-test-chamber.jpg\",\"datePublished\":\"2024-11-29T10:33:13+00:00\",\"dateModified\":\"2025-01-13T02:01:26+00:00\",\"breadcrumb\":{\"@id\":\"https:\/\/jdtestchamber.com\/product\/thermal-abuse-and-thermal-shock-test-chamber\/#breadcrumb\"},\"inLanguage\":\"vi\",\"potentialAction\":[{\"@type\":\"ReadAction\",\"target\":[\"https:\/\/jdtestchamber.com\/product\/thermal-abuse-and-thermal-shock-test-chamber\/\"]}]},{\"@type\":\"ImageObject\",\"inLanguage\":\"vi\",\"@id\":\"https:\/\/jdtestchamber.com\/product\/thermal-abuse-and-thermal-shock-test-chamber\/#primaryimage\",\"url\":\"https:\/\/jdtestchamber.com\/wp-content\/uploads\/2024\/11\/Thermal-abuse-and-thermal-shock-test-chamber.jpg\",\"contentUrl\":\"https:\/\/jdtestchamber.com\/wp-content\/uploads\/2024\/11\/Thermal-abuse-and-thermal-shock-test-chamber.jpg\",\"width\":1150,\"height\":1150},{\"@type\":\"BreadcrumbList\",\"@id\":\"https:\/\/jdtestchamber.com\/product\/thermal-abuse-and-thermal-shock-test-chamber\/#breadcrumb\",\"itemListElement\":[{\"@type\":\"ListItem\",\"position\":1,\"name\":\"Home\",\"item\":\"https:\/\/jdtestchamber.com\/\"},{\"@type\":\"ListItem\",\"position\":2,\"name\":\"Product\",\"item\":\"https:\/\/jdtestchamber.com\/product\/\"},{\"@type\":\"ListItem\",\"position\":3,\"name\":\"Thermal abuse and thermal shock test chamber\"}]},{\"@type\":\"WebSite\",\"@id\":\"https:\/\/jdtestchamber.com\/#website\",\"url\":\"https:\/\/jdtestchamber.com\/\",\"name\":\"Battery testing equipment series, environmental testing chamber series\",\"description\":\"Manufacturer of experimental equipment\",\"publisher\":{\"@id\":\"https:\/\/jdtestchamber.com\/#organization\"},\"potentialAction\":[{\"@type\":\"SearchAction\",\"target\":{\"@type\":\"EntryPoint\",\"urlTemplate\":\"https:\/\/jdtestchamber.com\/?s={search_term_string}\"},\"query-input\":{\"@type\":\"PropertyValueSpecification\",\"valueRequired\":true,\"valueName\":\"search_term_string\"}}],\"inLanguage\":\"vi\"},{\"@type\":\"Organization\",\"@id\":\"https:\/\/jdtestchamber.com\/#organization\",\"name\":\"Battery testing equipment series, environmental testing chamber series\",\"url\":\"https:\/\/jdtestchamber.com\/\",\"logo\":{\"@type\":\"ImageObject\",\"inLanguage\":\"vi\",\"@id\":\"https:\/\/jdtestchamber.com\/#\/schema\/logo\/image\/\",\"url\":\"https:\/\/jdtestchamber.com\/wp-content\/uploads\/2024\/12\/LOGO03.png\",\"contentUrl\":\"https:\/\/jdtestchamber.com\/wp-content\/uploads\/2024\/12\/LOGO03.png\",\"width\":776,\"height\":225,\"caption\":\"Battery testing equipment series, environmental testing chamber series\"},\"image\":{\"@id\":\"https:\/\/jdtestchamber.com\/#\/schema\/logo\/image\/\"}}]}<\/script>\n<!-- \/ Yoast SEO plugin. -->","yoast_head_json":{"title":"Bu\u1ed3ng th\u1eed nghi\u1ec7m s\u1ed1c nhi\u1ec7t v\u00e0 l\u1ea1m d\u1ee5ng nhi\u1ec7t - D\u00f2ng thi\u1ebft b\u1ecb th\u1eed nghi\u1ec7m pin, d\u00f2ng bu\u1ed3ng th\u1eed nghi\u1ec7m m\u00f4i tr\u01b0\u1eddng","robots":{"index":"index","follow":"follow","max-snippet":"max-snippet:-1","max-image-preview":"max-image-preview:large","max-video-preview":"max-video-preview:-1"},"canonical":"https:\/\/jdtestchamber.com\/vi\/s\u1ea3n ph\u1ea9m\/buong-thu-nghiem-soc-nhiet-va-lam-dung-nhiet\/","og_locale":"vi_VN","og_type":"article","og_title":"Thermal abuse and thermal shock test chamber - Battery testing equipment series, environmental testing chamber series","og_description":"Thermal shock test chamber (thermal abuse) series equipment is one of the commonly used equipment in various high-temperature impact tests, baking and aging experiments. It is suitable for testing the performance indicators and quality management of electronic instruments, materials, electricians, vehicles, metals, electronic products, and various electronic components in a temperature environment","og_url":"https:\/\/jdtestchamber.com\/vi\/s\u1ea3n ph\u1ea9m\/buong-thu-nghiem-soc-nhiet-va-lam-dung-nhiet\/","og_site_name":"Battery testing equipment series, environmental testing chamber series","article_modified_time":"2025-01-13T02:01:26+00:00","og_image":[{"width":1150,"height":1150,"url":"https:\/\/jdtestchamber.com\/wp-content\/uploads\/2024\/11\/Thermal-abuse-and-thermal-shock-test-chamber.jpg","type":"image\/jpeg"}],"twitter_card":"summary_large_image","twitter_misc":{"\u01af\u1edbc t\u00ednh th\u1eddi gian \u0111\u1ecdc":"3 ph\u00fat"},"schema":{"@context":"https:\/\/schema.org","@graph":[{"@type":"WebPage","@id":"https:\/\/jdtestchamber.com\/product\/thermal-abuse-and-thermal-shock-test-chamber\/","url":"https:\/\/jdtestchamber.com\/product\/thermal-abuse-and-thermal-shock-test-chamber\/","name":"Bu\u1ed3ng th\u1eed nghi\u1ec7m s\u1ed1c nhi\u1ec7t v\u00e0 l\u1ea1m d\u1ee5ng nhi\u1ec7t - D\u00f2ng thi\u1ebft b\u1ecb th\u1eed nghi\u1ec7m pin, d\u00f2ng bu\u1ed3ng th\u1eed nghi\u1ec7m m\u00f4i tr\u01b0\u1eddng","isPartOf":{"@id":"https:\/\/jdtestchamber.com\/#website"},"primaryImageOfPage":{"@id":"https:\/\/jdtestchamber.com\/product\/thermal-abuse-and-thermal-shock-test-chamber\/#primaryimage"},"image":{"@id":"https:\/\/jdtestchamber.com\/product\/thermal-abuse-and-thermal-shock-test-chamber\/#primaryimage"},"thumbnailUrl":"https:\/\/jdtestchamber.com\/wp-content\/uploads\/2024\/11\/Thermal-abuse-and-thermal-shock-test-chamber.jpg","datePublished":"2024-11-29T10:33:13+00:00","dateModified":"2025-01-13T02:01:26+00:00","breadcrumb":{"@id":"https:\/\/jdtestchamber.com\/product\/thermal-abuse-and-thermal-shock-test-chamber\/#breadcrumb"},"inLanguage":"vi","potentialAction":[{"@type":"ReadAction","target":["https:\/\/jdtestchamber.com\/product\/thermal-abuse-and-thermal-shock-test-chamber\/"]}]},{"@type":"ImageObject","inLanguage":"vi","@id":"https:\/\/jdtestchamber.com\/product\/thermal-abuse-and-thermal-shock-test-chamber\/#primaryimage","url":"https:\/\/jdtestchamber.com\/wp-content\/uploads\/2024\/11\/Thermal-abuse-and-thermal-shock-test-chamber.jpg","contentUrl":"https:\/\/jdtestchamber.com\/wp-content\/uploads\/2024\/11\/Thermal-abuse-and-thermal-shock-test-chamber.jpg","width":1150,"height":1150},{"@type":"BreadcrumbList","@id":"https:\/\/jdtestchamber.com\/product\/thermal-abuse-and-thermal-shock-test-chamber\/#breadcrumb","itemListElement":[{"@type":"ListItem","position":1,"name":"Home","item":"https:\/\/jdtestchamber.com\/"},{"@type":"ListItem","position":2,"name":"Product","item":"https:\/\/jdtestchamber.com\/product\/"},{"@type":"ListItem","position":3,"name":"Thermal abuse and thermal shock test chamber"}]},{"@type":"WebSite","@id":"https:\/\/jdtestchamber.com\/#website","url":"https:\/\/jdtestchamber.com\/","name":"D\u00f2ng thi\u1ebft b\u1ecb ki\u1ec3m tra pin, d\u00f2ng bu\u1ed3ng ki\u1ec3m tra m\u00f4i tr\u01b0\u1eddng","description":"Nh\u00e0 s\u1ea3n xu\u1ea5t thi\u1ebft b\u1ecb th\u00ed nghi\u1ec7m","publisher":{"@id":"https:\/\/jdtestchamber.com\/#organization"},"potentialAction":[{"@type":"SearchAction","target":{"@type":"EntryPoint","urlTemplate":"https:\/\/jdtestchamber.com\/?s={search_term_string}"},"query-input":{"@type":"PropertyValueSpecification","valueRequired":true,"valueName":"search_term_string"}}],"inLanguage":"vi"},{"@type":"Organization","@id":"https:\/\/jdtestchamber.com\/#organization","name":"D\u00f2ng thi\u1ebft b\u1ecb ki\u1ec3m tra pin, d\u00f2ng bu\u1ed3ng ki\u1ec3m tra m\u00f4i tr\u01b0\u1eddng","url":"https:\/\/jdtestchamber.com\/","logo":{"@type":"ImageObject","inLanguage":"vi","@id":"https:\/\/jdtestchamber.com\/#\/schema\/logo\/image\/","url":"https:\/\/jdtestchamber.com\/wp-content\/uploads\/2024\/12\/LOGO03.png","contentUrl":"https:\/\/jdtestchamber.com\/wp-content\/uploads\/2024\/12\/LOGO03.png","width":776,"height":225,"caption":"Battery testing equipment series, environmental testing chamber series"},"image":{"@id":"https:\/\/jdtestchamber.com\/#\/schema\/logo\/image\/"}}]}},"_links":{"self":[{"href":"https:\/\/jdtestchamber.com\/vi\/wp-json\/wp\/v2\/product\/1288","targetHints":{"allow":["GET"]}}],"collection":[{"href":"https:\/\/jdtestchamber.com\/vi\/wp-json\/wp\/v2\/product"}],"about":[{"href":"https:\/\/jdtestchamber.com\/vi\/wp-json\/wp\/v2\/types\/product"}],"wp:featuredmedia":[{"embeddable":true,"href":"https:\/\/jdtestchamber.com\/vi\/wp-json\/wp\/v2\/media\/1289"}],"wp:attachment":[{"href":"https:\/\/jdtestchamber.com\/vi\/wp-json\/wp\/v2\/media?parent=1288"}],"wp:term":[{"taxonomy":"product_brand","embeddable":true,"href":"https:\/\/jdtestchamber.com\/vi\/wp-json\/wp\/v2\/product_brand?post=1288"},{"taxonomy":"product_cat","embeddable":true,"href":"https:\/\/jdtestchamber.com\/vi\/wp-json\/wp\/v2\/product_cat?post=1288"},{"taxonomy":"product_tag","embeddable":true,"href":"https:\/\/jdtestchamber.com\/vi\/wp-json\/wp\/v2\/product_tag?post=1288"}],"curies":[{"name":"wp","href":"https:\/\/api.w.org\/{rel}","templated":true}]}}